{"id":69,"date":"2022-10-09T14:23:00","date_gmt":"2022-10-09T12:23:00","guid":{"rendered":"https:\/\/nits.cibmc.net\/?page_id=69"},"modified":"2026-03-07T13:31:53","modified_gmt":"2026-03-07T12:31:53","slug":"readme","status":"publish","type":"page","link":"https:\/\/nits-train.com\/rtm\/readme\/","title":{"rendered":"RTM ReadMe (Rules)"},"content":{"rendered":"\n<h2 class=\"wp-block-heading\">Read Me - Terms of Rules<\/h2>\n\n\n\n<p>Changelog:<\/p>\n\n\n\n<p>2020\/05\/09 (Rewritten the whole text)<br>2022\/05\/01 (Rules changed.)<br>2024\/03\/09 (Rules changed.)<\/p>\n\n\n\n<h2 class=\"wp-block-heading\">\u65e5\u672c\u8a9e<\/h2>\n\n\n\n<p>NITS\u30b0\u30eb\u30fc\u30d7\u306e\u30a2\u30c9\u30aa\u30f3\u30d1\u30c3\u30af\u3092\u3054\u5229\u7528\u3044\u305f\u3060\u304d\u3001\u3042\u308a\u304c\u3068\u3046\u3054\u3056\u3044\u307e\u3059\u3002\u3044\u304f\u3064\u304b\u306e\u6ce8\u610f\u4e8b\u9805\u3092\u5b88\u3063\u3066\u3054\u5229\u7528\u304f\u3060\u3055\u3044\u3002<\/p>\n\n\n\n<p>\u00a71)\u52d5\u4f5c\u74b0\u5883<br>1. Minecraft\u306b\u3066RealTrainMod\u304c\u52d5\u4f5c\u3059\u308b\u74b0\u5883\u304c\u5fc5\u8981\u3067\u3059\u3002<br>2. \u5404\u30ea\u30ea\u30fc\u30b9\u30da\u30fc\u30b8\u306b\u3066\u3001\u30c0\u30a6\u30f3\u30ed\u30fc\u30c9\u30ea\u30f3\u30af\u3078\u306e\u30dc\u30bf\u30f3\u306b\u30d0\u30fc\u30b8\u30e7\u30f3\u304c\u66f8\u304b\u308c\u3066\u3044\u306a\u3044\u3082\u306e\u306e\u52d5\u4f5c\u78ba\u8a8d\u306f\u57fa\u672c\u7684\u306b\u30ea\u30ea\u30fc\u30b9\u6642\u306e1.7.10\u306e\u6700\u7d42\u30d3\u30eb\u30c9\u3067\u884c\u3063\u3066\u304a\u308a\u307e\u3059\u3002\u57fa\u672c\u7684\u306b\u306f\u5225\u30d0\u30fc\u30b8\u30e7\u30f3\u3067\u3082\u3054\u5229\u7528\u3044\u305f\u3060\u3051\u307e\u3059\u304c\u3001\u52d5\u4f5c\u306e\u4fdd\u8a3c\u306f\u3067\u304d\u307e\u305b\u3093\u3002<br>3. \u5404\u30ea\u30ea\u30fc\u30b9\u30da\u30fc\u30b8\u306b\u3066\u3001\u30c0\u30a6\u30f3\u30ed\u30fc\u30c9\u30ea\u30f3\u30af\u3078\u306e\u30dc\u30bf\u30f3\u306b\u30d0\u30fc\u30b8\u30e7\u30f3\u304c\u66f8\u304b\u308c\u3066\u3044\u308b\u3082\u306e\u306f\u3001\u8868\u8a18\u3055\u308c\u3066\u3044\u308b\u30d0\u30fc\u30b8\u30e7\u30f3\u306b\u3066\u52d5\u4f5c\u78ba\u8a8d\u3092\u884c\u3063\u3066\u304a\u308a\u307e\u3059\u3002<\/p>\n\n\n\n<p>\u00a72)\u30d1\u30c3\u30af\u306e\u8ffd\u52a0\u65b9\u6cd5<br>1. {\u624b\u9806\u30fb\u7ffb\u8a33\u5148\u306e\u307f\u8ffd\u8a18}<br>2. \u30d5\u30a1\u30a4\u30eb\u3092\u30c0\u30a6\u30f3\u30ed\u30fc\u30c9\u3057\u305f\u3089\u3001mods\u30d5\u30a9\u30eb\u30c0\u306b\u30c7\u30fc\u30bf\u3092\u79fb\u52d5\u3057\u307e\u3059\u3002<br>3. [unzip]\u3068\u66f8\u304b\u308c\u3066\u3044\u308b\u30d1\u30c3\u30af\u306f\u3001\u4e00\u5ea6\u89e3\u51cd\u3057\u3001\u305d\u306e\u4e2d\u306b\u542b\u307e\u308c\u308bzip\u30d5\u30a1\u30a4\u30eb\u3092\u3054\u5229\u7528\u304f\u3060\u3055\u3044\u3002<\/p>\n\n\n\n<p>\u00a73)\u6ce8\u610f\u4e8b\u9805<br>1. \u5404\u30a2\u30c9\u30aa\u30f3\u30d1\u30c3\u30af\u306f\u542b\u307e\u308c\u3066\u3044\u308b\u8eca\u4e21\u5f62\u5f0f\u306e\u3059\u3079\u3066\u306e\u4ed5\u69d8\u3092\u53ce\u9332\u3057\u3066\u3044\u308b\u308f\u3051\u3067\u306f\u3054\u3056\u3044\u307e\u305b\u3093\u3002\u88fd\u4f5c\u8005\u306e\u6c17\u307e\u3050\u308c\u306b\u3088\u3063\u3066\u3001\u7a2e\u985e\u304c\u591a\u304b\u3063\u305f\u308a\u5c11\u306a\u304b\u3063\u305f\u308a\u3057\u307e\u3059\u3002<br>2. NITS\u30b0\u30eb\u30fc\u30d7\u304b\u3089\u914d\u5e03\u3055\u308c\u3066\u3044\u308b\u30a2\u30c9\u30aa\u30f3\u30d1\u30c3\u30af\u306f\u6ce8\u91c8\u306e\u306a\u3044\u9650\u308aRealTrainMod\u5411\u3051\u306e\u30c7\u30fc\u30bf\u3067\u3059\u3002<strong>\u4ed6\u306e\u30b2\u30fc\u30e0\u3067\u306e\u5229\u7528\u306f\u7981\u6b62\u3057\u3066\u304a\u308a\u307e\u3059\u3002<\/strong>\u554f\u3044\u5408\u308f\u305b\u3092\u3044\u305f\u3060\u3044\u3066\u3082\u4ed6\u30b2\u30fc\u30e0\u3078\u306e\u6d41\u7528\u306f\u8a31\u53ef\u3057\u3066\u304a\u308a\u307e\u305b\u3093\u3002<br>3. \u30a2\u30c9\u30aa\u30f3\u30d1\u30c3\u30af\u306e\u518d\u914d\u5e03\u3001AB-TrainKit\u30b7\u30ea\u30fc\u30ba\u306e\u30ad\u30c3\u30c8\u4ee5\u5916\u306e\u30a2\u30c9\u30aa\u30f3\u30d1\u30c3\u30af\u306e\u6539\u9020\u3001\u30a2\u30c9\u30aa\u30f3\u30d1\u30c3\u30af\u304b\u3089\u306e\u30e2\u30c7\u30eb\u79fb\u690d\u306f\u7981\u6b62\u3057\u3066\u304a\u308a\u307e\u3059\u3002<br>4. {3.\u306e\u7981\u6b62\u4e8b\u9805\u306e\u7d30\u304b\u3044\u8aac\u660e\u30fb\u7ffb\u8a33\u5148\u306e\u307f\u8ffd\u8a18}<br>5. \u52d5\u753b\u306b\u3066\u306e\u30a2\u30c9\u30aa\u30f3\u30d1\u30c3\u30af\u306e\u4f7f\u7528\u306f\u3001\u7279\u8a18\u304c\u306a\u3044\u9650\u308a\u8a31\u53ef\u3057\u3066\u304a\u308a\u307e\u3059\u3002\u5229\u7528\u306b\u95a2\u3059\u308b\u554f\u3044\u5408\u308f\u305b\u306f\u5fc5\u8981\u3042\u308a\u307e\u305b\u3093\u304c\u3001\u6982\u8981\u6b04\u306b\u30c0\u30a6\u30f3\u30ed\u30fc\u30c9\u30da\u30fc\u30b8\u3092\u8868\u8a18\u3057\u3066\u304f\u3060\u3055\u3044\u3002<br>6. RTM\u30b2\u30fc\u30e0\u30b5\u30fc\u30d0\u30fc\u306a\u3069\u3067\u306e\u4f7f\u7528\u306b\u969b\u3057\u3066\u3001\u5229\u7528\u306b\u95a2\u3059\u308b\u554f\u3044\u5408\u308f\u305b\u306f\u5fc5\u8981\u3042\u308a\u307e\u305b\u3093\u3002\u306a\u304a\u3001\u30e2\u30c3\u30c9\u30d1\u30c3\u30af\u306a\u3069\u3078\u306e\u540c\u5c01\u306f\u7981\u6b62\u3057\u3066\u304a\u308a\u307e\u3059\u3002<br>7. \u30a2\u30c9\u30aa\u30f3\u306b\u3088\u3063\u3066\u898f\u7d04\u304c\u7570\u306a\u308b\u5834\u5408\u304c\u3042\u308a\u307e\u3059\u306e\u3067\u3001\u305d\u308c\u305e\u308c\u306e\u30a2\u30c9\u30aa\u30f3\u30d1\u30c3\u30af\u306e\u914d\u5e03\u30da\u30fc\u30b8\u306e\u30c6\u30ad\u30b9\u30c8\u3092\u5fc5\u305a\u304a\u8aad\u307f\u304f\u3060\u3055\u3044\u3002<\/p>\n\n\n\n<p>\u00a74)\u66f4\u65b0\u5c65\u6b74<br>1. \u5404\u30a2\u30c9\u30aa\u30f3\u30d1\u30c3\u30af\u306b\u540c\u5c01\u3055\u308c\u3066\u3044\u308b\u30c7\u30fc\u30bf\u304a\u3088\u3073\u5404\u30a2\u30c9\u30aa\u30f3\u30d1\u30c3\u30af\u306e\u30da\u30fc\u30b8\u3092\u53c2\u7167\u304f\u3060\u3055\u3044\u3002<\/p>\n\n\n\n<p>\u30d1\u30c3\u30af\u3092\u3054\u5229\u7528\u306b\u306a\u3089\u308c\u305f\u969b\u3001#NITStrain\u3092\u3064\u3051\u3066\u30c4\u30a4\u30c3\u30bf\u30fc\u3042\u308b\u3044\u306f#RealTrainMod\u3092\u4ed8\u3051\u3066\u30a4\u30f3\u30b9\u30bf\u30b0\u30e9\u30e0\u306b\u6295\u7a3f\u3057\u3066\u3044\u305f\u3060\u304f\u3068\u3001NITS\u30b0\u30eb\u30fc\u30d7\u306e\u4e2d\u306e\u4eba\u304c\u559c\u3073\u307e\u3059\u3002AB-TrainKit\u3092\u4f7f\u7528\u3059\u308b\u65b9\u306f#NITStrain\u306e\u4ee3\u308f\u308a\u306b#ABTrainKit\u3092\u3054\u5229\u7528\u304f\u3060\u3055\u3044\u3002<\/p>\n\n\n\n<h2 class=\"wp-block-heading\">English<\/h2>\n\n\n\n<p>Thank you for using the addon packs from NITS group. We have determined some rules for our packs, so please do not break them. Let us have fun by following the rules!<\/p>\n\n\n\n<p>\u00a71) Functionality<br>1. RealTrainMod and Minecraft should work on your PC.<br>2. Addon packs without version-annotation on the download button hass been testes on the latest build version of RTM at this time on 1.7.10. You can use them on other versions, but we cannot guarantee that they work.<br>3. Addon packs with version-annotation can only run on the written version due to different systems.<\/p>\n\n\n\n<p>\u00a72) How to add the Addon Pack<br>1. By pressing the download button, you will be redirected to the download page on \"Uploader.jp\". You will see a space to enter the password. If the password was correct, a green box will appear. Below, you will find a button to download the pack.<br>2. When you finished downloading, put the zip file without extracting into the mods-file in Minecraft.<br>3. Packs with [unzip] have to be unzipped once. You will see a link to the ReadMe, the verion data and the zip-file.<\/p>\n\n\n\n<p>\u00a73) Attention<br>1. The addon packs doesn't include all type of the series. Not all car types are included.<br>2. Addon packs from NITSgroup is only for RealTrainMod and not for other games or mods. Using them on other games or mods are forbidden.<br>3. It is forbidden to plagiatise, change, copy or hand out the pack without our permission. We do not allow any form of changes on our pack excepting train kits&nbsp;(categorized as \"ABxx\").<br>4. Using parts of our addon pack models to make other packs are forbidden.<br>5. Basically, it is allowed to use our packs for making videos with them.&nbsp;Make sure to note the download page of the train models on your video description.<br>6. Some addons have different rules. In addition to these rules, please read the texts written on each pack download page for the exceptions.<\/p>\n\n\n\n<p>\u00a74) Versions<br>1. The addon pack version is written on the \"version.txt\" file in the zip file and on each download page.<\/p>\n\n\n\n<p>We'd be happy when you post some screenshots of our trains on Twitter with #NITStrain or on Instagram with #RealTrainMod.&nbsp;If you're using the AB-Train Kit, please tag #ABTrainKit instead of #NITStrain.<\/p>\n\n\n\n<h2 class=\"wp-block-heading\">Deutsch<\/h2>\n\n\n\n<p>Vielen Dank f\u00fcr die Nutzung unserer Addon Packs. Bitte beachtet die wenigen, aber wichtigen Regeln, um unser Miteinander einfach zu halten.<\/p>\n\n\n\n<p>\u00a71) Funktionalit\u00e4t<br>1. Minecraft sowie RealTrainMod sollten am PC laufen.<br>2. Sofern auf den jeweiligen Seiten keine Versionen auf den Download-Buttons stehen, wurden die Packs auf der zum Releasezeitpunkt letzten Build-Version auf 1.7.10 gepr\u00fcft. Die Addon Packs k\u00f6nnen zwar auf anderen Versionen verwendet werden, haben aber keine Garantie auf Funktionalit\u00e4t.<br>3. Sofern auf den jeweiligen Seiten die Versionen auf den Download-Buttons stehen, sind diese Packs nur f\u00fcr die annotierte Version verf\u00fcgbar aufgrund unterschiedlicher Systeme.<\/p>\n\n\n\n<p>\u00a72) Addon Pack hinzuf\u00fcgen<br>1. Durch die Weiterleitung gelangt man auf eine Seite des \"uploader.jp\", wo unterhalb ein Textfeld zu sehen ist. Dort kann das Passwort eingegeben werden. Sofern das Passwort \u00fcbereinstimmt, l\u00e4dt sich die Seite neu und ein gr\u00fcner Kasten erscheint. Durch das Klicken des Buttons kann der Pack heruntergeladen werden.<br>2. Nach dem Download kann der zip-Ordner ohne entpacken in den mods-Ordner von Minecraft hinzugef\u00fcgt werden.<br>3. Bei Addon Packs mit dem Hinweis [unzip] muss der Ordner ein Mal entpackt werden.<\/p>\n\n\n\n<p>\u00a73) Hinweis<br>1. Die Addon Packs enthalten nicht jede einzelne Ausf\u00fchrung der Baureihe.<br>2. Alle Addon Packs sind nur auf Real Train Mod zu verwenden. Nutzung auf anderen Spielen oder in anderen Mods ist verboten.<br>3. Das \u00c4ndern, Vervielf\u00e4ltigen, Kopieren und Weitergeben der Dateien ohne ausdr\u00fccklicher Erlaubnisse des Autors ist verboten. Ausnahme hierzu sind Train Kit Packs mit den&nbsp;Laufnummern \"ABxx\". Plagiate werden strafrechtlich verfolgt.<br>4. Die Wiederverwendung von Modellteilen aus den Addon Packs sind ebenfalls untersagt, sofern es nicht ausdr\u00fccklich erlaubt wird.<br>5. Grunds\u00e4tzlich ist die Nutzung der Addon Packs f\u00fcr Video-Aufnahmen erlaubt, sofern in der Beschreibung keine anderen Regelungen vorliegen.&nbsp;Bitte beachtet, die Download-Seite der Packs in euren Video-Beschriebungen zu erw\u00e4hnen.<br>6. Einige Addon Packs besitzen abge\u00e4nderte Regelungen, die auf den jeweiligen Seiten vermerkt sind. Diese Regelungen stehen \u00fcber der hier stehenden Regelungen und haben somit Priorit\u00e4t.<\/p>\n\n\n\n<p>\u00a74) Versionen<br>1. Die Versionen sind in den jeweiligen Packs vermerkt.<\/p>\n\n\n\n<p>Wir w\u00fcrden uns freuen, wenn wir Screenshots auf Twitter mit #NITStrain oder auf Instagram mit #RealTrainMod sehen w\u00fcrden.&nbsp;Solltet ihr AB-Train Kit nutzen, so taggt #ABTrainKit anstelle von #NITStrain.<\/p>\n","protected":false},"excerpt":{"rendered":"<p>Read Me - Terms of Rules<\/p>\n","protected":false},"author":2,"featured_media":10838,"parent":0,"menu_order":1,"comment_status":"closed","ping_status":"closed","template":"","meta":{"_editorskit_title_hidden":false,"_editorskit_reading_time":0,"_editorskit_is_block_options_detached":false,"_editorskit_block_options_position":"{}","sns_share_botton_hide":"","vkExUnit_sns_title":"","_vk_print_noindex":"","sitemap_hide":"","vkExUnit_sitemap":"","_veu_custom_css":"","veu_display_promotion_alert":"common","_exclude_from_list_pages":"","vkexunit_cta_each_option":"","vkExUnit_childPageIndex":"","vkExUnit_pageList_ancestor":"","vkExUnit_contact_enable":"","footnotes":""},"class_list":["post-69","page","type-page","status-publish","has-post-thumbnail","hentry"],"aioseo_notices":[],"veu_head_title_object":{"title":"","add_site_title":""},"_links":{"self":[{"href":"https:\/\/nits-train.com\/rtm\/wp-json\/wp\/v2\/pages\/69","targetHints":{"allow":["GET"]}}],"collection":[{"href":"https:\/\/nits-train.com\/rtm\/wp-json\/wp\/v2\/pages"}],"about":[{"href":"https:\/\/nits-train.com\/rtm\/wp-json\/wp\/v2\/types\/page"}],"author":[{"embeddable":true,"href":"https:\/\/nits-train.com\/rtm\/wp-json\/wp\/v2\/users\/2"}],"replies":[{"embeddable":true,"href":"https:\/\/nits-train.com\/rtm\/wp-json\/wp\/v2\/comments?post=69"}],"version-history":[{"count":1,"href":"https:\/\/nits-train.com\/rtm\/wp-json\/wp\/v2\/pages\/69\/revisions"}],"predecessor-version":[{"id":10845,"href":"https:\/\/nits-train.com\/rtm\/wp-json\/wp\/v2\/pages\/69\/revisions\/10845"}],"wp:featuredmedia":[{"embeddable":true,"href":"https:\/\/nits-train.com\/rtm\/wp-json\/wp\/v2\/media\/10838"}],"wp:attachment":[{"href":"https:\/\/nits-train.com\/rtm\/wp-json\/wp\/v2\/media?parent=69"}],"curies":[{"name":"wp","href":"https:\/\/api.w.org\/{rel}","templated":true}]}}