{"id":6944,"date":"2026-02-14T12:15:19","date_gmt":"2026-02-14T11:15:19","guid":{"rendered":"https:\/\/nits-train.com\/?page_id=6944"},"modified":"2026-03-15T16:07:03","modified_gmt":"2026-03-15T15:07:03","slug":"brb","status":"publish","type":"page","link":"https:\/\/nits-train.com\/nitspedia\/de-train\/de13\/brb\/","title":{"rendered":"Brandenburg"},"content":{"rendered":"\n<h2 class=\"wp-block-heading\">Brandenburg an der Havel<\/h2>\n\n\n\n<h3 class=\"wp-block-heading\">\u30d6\u30e9\u30f3\u30c7\u30f3\u30d6\u30eb\u30b0\u5e02\u96fb<\/h3>\n\n\n\n<div class=\"wp-block-columns is-layout-flex wp-container-core-columns-is-layout-28f84493 wp-block-columns-is-layout-flex\">\n<div class=\"wp-block-column is-layout-flow wp-block-column-is-layout-flow\" style=\"flex-basis:33.33%\">\n<figure class=\"wp-block-image size-large\"><img loading=\"lazy\" decoding=\"async\" width=\"1024\" height=\"683\" src=\"https:\/\/nits-train.com\/nitspedia\/wp-content\/uploads\/sites\/6\/2026\/03\/MGT-2-1024x683.jpg\" alt=\"\" class=\"wp-image-11166\" srcset=\"https:\/\/nits-train.com\/nitspedia\/wp-content\/uploads\/sites\/6\/2026\/03\/MGT-2-1024x683.jpg 1024w, https:\/\/nits-train.com\/nitspedia\/wp-content\/uploads\/sites\/6\/2026\/03\/MGT-2-300x200.jpg 300w, https:\/\/nits-train.com\/nitspedia\/wp-content\/uploads\/sites\/6\/2026\/03\/MGT-2-768x512.jpg 768w, https:\/\/nits-train.com\/nitspedia\/wp-content\/uploads\/sites\/6\/2026\/03\/MGT-2-1536x1024.jpg 1536w, https:\/\/nits-train.com\/nitspedia\/wp-content\/uploads\/sites\/6\/2026\/03\/MGT-2-2048x1365.jpg 2048w\" sizes=\"auto, (max-width: 1024px) 100vw, 1024px\" \/><\/figure>\n<\/div>\n\n\n\n<div class=\"wp-block-column is-layout-flow wp-block-column-is-layout-flow\" style=\"flex-basis:66.66%\">\n<p>\u958b\u696d:\u3000 1897\u5e7410\u6708<br>\u7dcf\u8ddd\u96e2: 16,3km<br>\u8ecc\u9593:\u3000 1000mm<br>\u8def\u7dda\u6570: 4<\/p>\n\n\n\n<p>\u4e57\u964d:\u3000 \u30c9\u30a2\u306f\u30dc\u30bf\u30f3\u5f0f\u3002\u964d\u8eca\u30dc\u30bf\u30f3\u3042\u308a\u3002\u964d\u8eca\u8981\u671b\u306e\u7121\u3044\u505c\u7559\u6240\u306f\u901a\u904e\u3002<br>\u4e57\u8eca\u5238: \u4e00\u90e8\u505c\u7559\u6240\u306b\u5238\u58f2\u6a5f\u3042\u308a\u3002<\/p>\n\n\n\n<p>\u8eca\u4e21\u4ed8\u756a\u65b9\u6cd5: \u5f62\u5f0f\u3054\u3068\u306b\u4e0a\u308a\u9806<\/p>\n<\/div>\n<\/div>\n\n\n\n<div class=\"wp-block-aab-accordion-block aab__accordion_container  accessibilityOn\" style=\"margin-top:0px;margin-bottom:15px;border:1px solid #e3dfdf38\" id=\"aab_accordion_252c4e7a_0\" role=\"button\" aria-expanded=\"false\" tabindex=\"0\"><div class=\"aab__accordion_head aab_right_icon \" style=\"background-color:#e3dfdf38;border-top:none;border-right:none;border-bottom:none;border-left:none\"><div class=\"aab__accordion_heading aab_right_icon aab_right_link\"><div class=\"head_content_wrapper\"><div class=\"title_wrapper\"><h6 class=\"aab__accordion_title\" style=\"margin:0\">\u55b6\u696d\u8def\u7dda\u4e00\u89a7<\/h6><\/div><\/div><\/div><div class=\"aab__accordion_icon\" style=\"border:0px solid transparent\"><span class=\"aab__icon dashicons dashicons-plus-alt2\" style=\"font-size:23px\"><\/span><\/div><\/div><div class=\"aab__accordion_body  \" role=\"region\" style=\"display:none;border-top:1px solid #e3dfdf38;border-right:none;border-bottom:none;border-left:none\"><div class=\"aab__accordion_component\">\n<p>1: Hauptbahnhof - Kanalstra\u00dfe - Fontanestra\u00dfe - Anton-Saefkow-Allee<br><mark style=\"background-color:rgba(0, 0, 0, 0)\" class=\"has-inline-color has-cyan-bluish-gray-color\">2: Hauptbahnhof - Hauptstra\u00dfe - Nicolaiplatz - Quenzbr\u00fccke<\/mark> (\u4f11\u6b62\u4e2d)<br>6: Hauptbahnhof - Hauptstra\u00dfe - Fontanestra\u00dfe - Hohenst\u00fccken Nord<br><mark style=\"background-color:rgba(0, 0, 0, 0)\" class=\"has-inline-color has-cyan-bluish-gray-color\">12: Anton-Saefkow-Allee - Fontanestra\u00dfe - Quenzbr\u00fccke<\/mark> (\u4f11\u6b62\u4e2d)<\/p>\n<\/div><\/div><\/div>\n\n\n\n<h2 class=\"wp-block-heading\">\u55b6\u696d\u8eca\u4e21<\/h2>\n\n\n\n<div class=\"wp-block-columns has-background is-layout-flex wp-container-core-columns-is-layout-b6a795d6 wp-block-columns-is-layout-flex\" style=\"background-color:#f5f5f5;margin-top:var(--wp--preset--spacing--40);margin-bottom:var(--wp--preset--spacing--40);padding-top:var(--wp--preset--spacing--20);padding-right:var(--wp--preset--spacing--20);padding-bottom:var(--wp--preset--spacing--20);padding-left:var(--wp--preset--spacing--20)\">\n<div class=\"wp-block-column is-layout-flow wp-block-column-is-layout-flow\" style=\"flex-basis:33.33%\">\n<figure class=\"wp-block-image size-large\"><img loading=\"lazy\" decoding=\"async\" width=\"1024\" height=\"546\" src=\"https:\/\/nits-train.com\/nitspedia\/wp-content\/uploads\/sites\/6\/2026\/03\/cs-1024x546.jpg\" alt=\"\" class=\"wp-image-10951\" srcset=\"https:\/\/nits-train.com\/nitspedia\/wp-content\/uploads\/sites\/6\/2026\/03\/cs-1024x546.jpg 1024w, https:\/\/nits-train.com\/nitspedia\/wp-content\/uploads\/sites\/6\/2026\/03\/cs-300x160.jpg 300w, https:\/\/nits-train.com\/nitspedia\/wp-content\/uploads\/sites\/6\/2026\/03\/cs-768x410.jpg 768w, https:\/\/nits-train.com\/nitspedia\/wp-content\/uploads\/sites\/6\/2026\/03\/cs.jpg 1500w\" sizes=\"auto, (max-width: 1024px) 100vw, 1024px\" \/><\/figure>\n<\/div>\n\n\n\n<div class=\"wp-block-column is-layout-flow wp-block-column-is-layout-flow\" style=\"flex-basis:66.66%\">\n<h3 class=\"wp-block-heading\">KT4DMC<\/h3>\n\n\n\n<h4 class=\"wp-block-heading\">\u4e88\u5099\u8eca\u30fb\u7f6e\u304d\u63db\u3048\u5bfe\u8c61<\/h4>\n\n\n\n<p>2\u7de8\u6210\u304c\u4e88\u5099\u8eca\u3068\u3057\u3066\u5728\u7c4d\u4e2d\u3002\u65b0\u578b\u8eca\u4e21\u306e\u5c0e\u5165\u306b\u3088\u308a\u307b\u3068\u3093\u3069\u9854\u3092\u51fa\u3055\u306a\u304f\u306a\u3063\u305f\u3002\u5f53\u5f62\u5f0f\u306e\u5ec3\u8eca\u306b\u3088\u3063\u3066\u3001\u5168\u3066\u306e\u5217\u8eca\u304c\u30d0\u30ea\u30a2\u30d5\u30ea\u30fc\u5bfe\u5fdc\u3068\u306a\u308b\u3002<\/p>\n<\/div>\n<\/div>\n\n\n\n<div class=\"wp-block-columns has-background is-layout-flex wp-container-core-columns-is-layout-b6a795d6 wp-block-columns-is-layout-flex\" style=\"background-color:#f5f5f5;margin-top:var(--wp--preset--spacing--40);margin-bottom:var(--wp--preset--spacing--40);padding-top:var(--wp--preset--spacing--20);padding-right:var(--wp--preset--spacing--20);padding-bottom:var(--wp--preset--spacing--20);padding-left:var(--wp--preset--spacing--20)\">\n<div class=\"wp-block-column is-layout-flow wp-block-column-is-layout-flow\" style=\"flex-basis:33.33%\">\n<figure class=\"wp-block-image size-large\"><img loading=\"lazy\" decoding=\"async\" width=\"1024\" height=\"683\" src=\"https:\/\/nits-train.com\/nitspedia\/wp-content\/uploads\/sites\/6\/2026\/03\/KTNF6-3-1024x683.jpg\" alt=\"\" class=\"wp-image-11168\" srcset=\"https:\/\/nits-train.com\/nitspedia\/wp-content\/uploads\/sites\/6\/2026\/03\/KTNF6-3-1024x683.jpg 1024w, https:\/\/nits-train.com\/nitspedia\/wp-content\/uploads\/sites\/6\/2026\/03\/KTNF6-3-300x200.jpg 300w, https:\/\/nits-train.com\/nitspedia\/wp-content\/uploads\/sites\/6\/2026\/03\/KTNF6-3-768x512.jpg 768w, https:\/\/nits-train.com\/nitspedia\/wp-content\/uploads\/sites\/6\/2026\/03\/KTNF6-3-1536x1024.jpg 1536w, https:\/\/nits-train.com\/nitspedia\/wp-content\/uploads\/sites\/6\/2026\/03\/KTNF6-3-2048x1365.jpg 2048w\" sizes=\"auto, (max-width: 1024px) 100vw, 1024px\" \/><\/figure>\n<\/div>\n\n\n\n<div class=\"wp-block-column is-layout-flow wp-block-column-is-layout-flow\" style=\"flex-basis:66.66%\">\n<h3 class=\"wp-block-heading\">KTNF6<\/h3>\n\n\n\n<h4 class=\"wp-block-heading\">\u73fe\u5f79(\u5b9a\u671f\u904b\u7528)\u30fb\u7f6e\u304d\u63db\u3048\u5bfe\u8c61<\/h4>\n\n\n\n<p>KT4D\u306b\u4f4e\u5e8a\u4e2d\u9593\u8eca\u3092\u7d44\u307f\u8fbc\u3093\u3060\u3082\u306e\u3002\u5728\u7c4d\u657010\u7de8\u6210\u306b\u5bfe\u3057\u3066\u65b0\u578b\u5c0e\u5165\u304c8\u7de8\u6210\u306e\u305f\u3081\u3001\u5b8c\u5168\u306a\u7f6e\u304d\u63db\u3048\u306f\u884c\u306a\u308f\u308c\u306a\u3044\u3082\u306e\u3068\u307f\u3089\u308c\u308b\u304c\u30012\u53f7\u7dda\u304c\u4f11\u6b62\u4e2d\u306e\u305f\u3081\u305d\u3082\u305d\u3082\u904b\u7528\u6570\u304c\u6e1b\u3063\u3066\u3044\u308b\u306e\u3067\u4f59\u5270\u3068\u306a\u308b\u53ef\u80fd\u6027\u304c\u9ad8\u3044\u30021\u53f7\u7dda\u3092\u30e1\u30a4\u30f3\u306b\u904b\u8ee2\u3055\u308c\u308b\u3002<\/p>\n<\/div>\n<\/div>\n\n\n\n<div class=\"wp-block-columns has-background is-layout-flex wp-container-core-columns-is-layout-b6a795d6 wp-block-columns-is-layout-flex\" style=\"background-color:#f5f5f5;margin-top:var(--wp--preset--spacing--40);margin-bottom:var(--wp--preset--spacing--40);padding-top:var(--wp--preset--spacing--20);padding-right:var(--wp--preset--spacing--20);padding-bottom:var(--wp--preset--spacing--20);padding-left:var(--wp--preset--spacing--20)\">\n<div class=\"wp-block-column is-layout-flow wp-block-column-is-layout-flow\" style=\"flex-basis:33.33%\">\n<figure class=\"wp-block-image size-large\"><img loading=\"lazy\" decoding=\"async\" width=\"1024\" height=\"683\" src=\"https:\/\/nits-train.com\/nitspedia\/wp-content\/uploads\/sites\/6\/2026\/03\/MGT-2-1024x683.jpg\" alt=\"\" class=\"wp-image-11166\" srcset=\"https:\/\/nits-train.com\/nitspedia\/wp-content\/uploads\/sites\/6\/2026\/03\/MGT-2-1024x683.jpg 1024w, https:\/\/nits-train.com\/nitspedia\/wp-content\/uploads\/sites\/6\/2026\/03\/MGT-2-300x200.jpg 300w, https:\/\/nits-train.com\/nitspedia\/wp-content\/uploads\/sites\/6\/2026\/03\/MGT-2-768x512.jpg 768w, https:\/\/nits-train.com\/nitspedia\/wp-content\/uploads\/sites\/6\/2026\/03\/MGT-2-1536x1024.jpg 1536w, https:\/\/nits-train.com\/nitspedia\/wp-content\/uploads\/sites\/6\/2026\/03\/MGT-2-2048x1365.jpg 2048w\" sizes=\"auto, (max-width: 1024px) 100vw, 1024px\" \/><\/figure>\n<\/div>\n\n\n\n<div class=\"wp-block-column is-layout-flow wp-block-column-is-layout-flow\" style=\"flex-basis:66.66%\">\n<h3 class=\"wp-block-heading\">MGT6D<\/h3>\n\n\n\n<h4 class=\"wp-block-heading\">\u73fe\u5f79(\u5b9a\u671f\u904b\u7528)<\/h4>\n\n\n\n<p>100\u53f7\u7de8\u6210\u304b\u3089103\u53f7\u7de8\u6210\u306e4\u672c\u306f\u65b0\u9020\u8eca\u4e21\u3001104\u53f7\u7de8\u6210\u3068105\u53f7\u7de8\u6210\u306fHalle\u304b\u3089\u306e\u4e2d\u53e4\u5c0e\u5165\u3002\u524d\u9762\u90e8\u5206\u4e0a\u90e8\u306e\u69cb\u9020\u3084LED\u8868\u793a\u5668\u306a\u3069\u7d30\u304b\u3044\u90e8\u5206\u3067\u7570\u306a\u308b\u30026\u53f7\u7dda\u3092\u30e1\u30a4\u30f3\u306b\u904b\u8ee2\u3055\u308c\u308b\u3002<\/p>\n<\/div>\n<\/div>\n\n\n\n<div class=\"wp-block-columns has-background is-layout-flex wp-container-core-columns-is-layout-b6a795d6 wp-block-columns-is-layout-flex\" style=\"background-color:#f5f5f5;margin-top:var(--wp--preset--spacing--40);margin-bottom:var(--wp--preset--spacing--40);padding-top:var(--wp--preset--spacing--20);padding-right:var(--wp--preset--spacing--20);padding-bottom:var(--wp--preset--spacing--20);padding-left:var(--wp--preset--spacing--20)\">\n<div class=\"wp-block-column is-layout-flow wp-block-column-is-layout-flow\" style=\"flex-basis:33.33%\">\n<figure class=\"wp-block-image size-large\"><img loading=\"lazy\" decoding=\"async\" width=\"1024\" height=\"546\" src=\"https:\/\/nits-train.com\/nitspedia\/wp-content\/uploads\/sites\/6\/2026\/03\/cs-1024x546.jpg\" alt=\"\" class=\"wp-image-10951\" srcset=\"https:\/\/nits-train.com\/nitspedia\/wp-content\/uploads\/sites\/6\/2026\/03\/cs-1024x546.jpg 1024w, https:\/\/nits-train.com\/nitspedia\/wp-content\/uploads\/sites\/6\/2026\/03\/cs-300x160.jpg 300w, https:\/\/nits-train.com\/nitspedia\/wp-content\/uploads\/sites\/6\/2026\/03\/cs-768x410.jpg 768w, https:\/\/nits-train.com\/nitspedia\/wp-content\/uploads\/sites\/6\/2026\/03\/cs.jpg 1500w\" sizes=\"auto, (max-width: 1024px) 100vw, 1024px\" \/><\/figure>\n<\/div>\n\n\n\n<div class=\"wp-block-column is-layout-flow wp-block-column-is-layout-flow\" style=\"flex-basis:66.66%\">\n<h3 class=\"wp-block-heading\">ForCity Plus 48T<\/h3>\n\n\n\n<h4 class=\"wp-block-heading\">\u73fe\u5f79(\u5b9a\u671f\u904b\u7528)<\/h4>\n\n\n\n<p>\u30bf\u30c8\u30e9\u8eca\u306e\u7f6e\u304d\u63db\u3048\u3092\u76ee\u7684\u306b\u5c0e\u5165\u3055\u308c\u305f\u4f4e\u5e8a\u8eca\u4e21\u30028\u7de8\u6210\u306e\u5c0e\u5165\u304c\u6c7a\u307e\u3063\u3066\u3044\u308b\u307b\u304b\u30014\u7de8\u6210\u306e\u8ffd\u52a0\u767a\u6ce8\u30aa\u30d7\u30b7\u30e7\u30f3\u304c\u3064\u304f\u3002\u73fe\u884c\u30c0\u30a4\u30e4\u3067\u306f\u767a\u6ce8\u3055\u308c\u3066\u3044\u308b\u5206\u3067\u8db3\u308a\u308b\u306e\u3067\u30012\u53f7\u7dda\u518d\u958b\u306b\u5408\u308f\u305b\u3066\u8ffd\u52a0\u767a\u6ce8\u304c\u884c\u308f\u308c\u308b\u3068\u307f\u3089\u308c\u308b\u3002<\/p>\n<\/div>\n<\/div>\n\n\n\n<h2 class=\"wp-block-heading\">\u4e8b\u696d\u7528\u8eca\u4e21<\/h2>\n\n\n\n<div class=\"wp-block-columns has-background is-layout-flex wp-container-core-columns-is-layout-b6a795d6 wp-block-columns-is-layout-flex\" style=\"background-color:#f5f5f5;margin-top:var(--wp--preset--spacing--40);margin-bottom:var(--wp--preset--spacing--40);padding-top:var(--wp--preset--spacing--20);padding-right:var(--wp--preset--spacing--20);padding-bottom:var(--wp--preset--spacing--20);padding-left:var(--wp--preset--spacing--20)\">\n<div class=\"wp-block-column is-layout-flow wp-block-column-is-layout-flow\" style=\"flex-basis:33.33%\">\n<figure class=\"wp-block-image size-large\"><img loading=\"lazy\" decoding=\"async\" width=\"1024\" height=\"683\" src=\"https:\/\/nits-train.com\/nitspedia\/wp-content\/uploads\/sites\/6\/2026\/03\/At-3-1024x683.jpg\" alt=\"\" class=\"wp-image-11169\" srcset=\"https:\/\/nits-train.com\/nitspedia\/wp-content\/uploads\/sites\/6\/2026\/03\/At-3-1024x683.jpg 1024w, https:\/\/nits-train.com\/nitspedia\/wp-content\/uploads\/sites\/6\/2026\/03\/At-3-300x200.jpg 300w, https:\/\/nits-train.com\/nitspedia\/wp-content\/uploads\/sites\/6\/2026\/03\/At-3-768x512.jpg 768w, https:\/\/nits-train.com\/nitspedia\/wp-content\/uploads\/sites\/6\/2026\/03\/At-3-1536x1024.jpg 1536w, https:\/\/nits-train.com\/nitspedia\/wp-content\/uploads\/sites\/6\/2026\/03\/At-3-2048x1365.jpg 2048w\" sizes=\"auto, (max-width: 1024px) 100vw, 1024px\" \/><\/figure>\n<\/div>\n\n\n\n<div class=\"wp-block-column is-layout-flow wp-block-column-is-layout-flow\" style=\"flex-basis:66.66%\">\n<h3 class=\"wp-block-heading\">T57 (VEB Gotha)<\/h3>\n\n\n\n<h4 class=\"wp-block-heading\">\u4f11\u8eca\u4e2d<\/h4>\n\n\n\n<p>\u5143T57\u578b\u3060\u3063\u305f\u3082\u306e\u3092\u6539\u9020\u3057\u305f\u3082\u306e\u3002\u6a5f\u6750\u904b\u642c\u306b\u4f7f\u7528\u3055\u308c\u305f\u304c\u3001\u73fe\u5728\u306f\u8eca\u5eab\u306b\u3059\u3089\u5165\u308c\u3066\u3082\u3089\u3048\u306a\u3044\u72b6\u6cc1\u3002\u7c21\u6613\u7684\u306a\u5de5\u4e8b\u67f5\u306b\u56f2\u307e\u308c\u3066\u653e\u7f6e\u3055\u308c\u3066\u3044\u308b\u3002<\/p>\n<\/div>\n<\/div>\n\n\n\n<div class=\"wp-block-columns has-background is-layout-flex wp-container-core-columns-is-layout-b6a795d6 wp-block-columns-is-layout-flex\" style=\"background-color:#f5f5f5;margin-top:var(--wp--preset--spacing--40);margin-bottom:var(--wp--preset--spacing--40);padding-top:var(--wp--preset--spacing--20);padding-right:var(--wp--preset--spacing--20);padding-bottom:var(--wp--preset--spacing--20);padding-left:var(--wp--preset--spacing--20)\">\n<div class=\"wp-block-column is-layout-flow wp-block-column-is-layout-flow\" style=\"flex-basis:33.33%\">\n<figure class=\"wp-block-image size-large\"><img loading=\"lazy\" decoding=\"async\" width=\"1024\" height=\"683\" src=\"https:\/\/nits-train.com\/nitspedia\/wp-content\/uploads\/sites\/6\/2026\/03\/At-4-1024x683.jpg\" alt=\"\" class=\"wp-image-11170\" srcset=\"https:\/\/nits-train.com\/nitspedia\/wp-content\/uploads\/sites\/6\/2026\/03\/At-4-1024x683.jpg 1024w, https:\/\/nits-train.com\/nitspedia\/wp-content\/uploads\/sites\/6\/2026\/03\/At-4-300x200.jpg 300w, https:\/\/nits-train.com\/nitspedia\/wp-content\/uploads\/sites\/6\/2026\/03\/At-4-768x512.jpg 768w, https:\/\/nits-train.com\/nitspedia\/wp-content\/uploads\/sites\/6\/2026\/03\/At-4-1536x1024.jpg 1536w, https:\/\/nits-train.com\/nitspedia\/wp-content\/uploads\/sites\/6\/2026\/03\/At-4-2048x1365.jpg 2048w\" sizes=\"auto, (max-width: 1024px) 100vw, 1024px\" \/><\/figure>\n<\/div>\n\n\n\n<div class=\"wp-block-column is-layout-flow wp-block-column-is-layout-flow\" style=\"flex-basis:66.66%\">\n<h3 class=\"wp-block-heading\">Lore (CKD Tatra)<\/h3>\n\n\n\n<h4 class=\"wp-block-heading\">\u4f11\u8eca\u4e2d<\/h4>\n\n\n\n<p>\u5143B2D\u3060\u3063\u305f\u3082\u306e\u3092\u6539\u9020\u3057\u305f\u3082\u306e\u3002\u6a5f\u6750\u904b\u642c\u306b\u4f7f\u7528\u3055\u308c\u305f\u304c\u3001\u73fe\u5728\u306f\u8eca\u5eab\u306b\u3059\u3089\u5165\u308c\u3066\u3082\u3089\u3048\u306a\u3044\u72b6\u6cc1\u3002\u7c21\u6613\u7684\u306a\u5de5\u4e8b\u67f5\u306b\u56f2\u307e\u308c\u3066\u653e\u7f6e\u3055\u308c\u3066\u3044\u308b\u3002<\/p>\n<\/div>\n<\/div>\n\n\n\n<h2 class=\"wp-block-heading\">\u4fdd\u5b58\u8eca\u4e21<\/h2>\n\n\n\n<div class=\"wp-block-columns has-background is-layout-flex wp-container-core-columns-is-layout-b6a795d6 wp-block-columns-is-layout-flex\" style=\"background-color:#f5f5f5;margin-top:var(--wp--preset--spacing--40);margin-bottom:var(--wp--preset--spacing--40);padding-top:var(--wp--preset--spacing--20);padding-right:var(--wp--preset--spacing--20);padding-bottom:var(--wp--preset--spacing--20);padding-left:var(--wp--preset--spacing--20)\">\n<div class=\"wp-block-column is-layout-flow wp-block-column-is-layout-flow\" style=\"flex-basis:33.33%\">\n<figure class=\"wp-block-image size-large\"><img loading=\"lazy\" decoding=\"async\" width=\"1024\" height=\"546\" src=\"https:\/\/nits-train.com\/nitspedia\/wp-content\/uploads\/sites\/6\/2026\/03\/cs-1024x546.jpg\" alt=\"\" class=\"wp-image-10951\" srcset=\"https:\/\/nits-train.com\/nitspedia\/wp-content\/uploads\/sites\/6\/2026\/03\/cs-1024x546.jpg 1024w, https:\/\/nits-train.com\/nitspedia\/wp-content\/uploads\/sites\/6\/2026\/03\/cs-300x160.jpg 300w, https:\/\/nits-train.com\/nitspedia\/wp-content\/uploads\/sites\/6\/2026\/03\/cs-768x410.jpg 768w, https:\/\/nits-train.com\/nitspedia\/wp-content\/uploads\/sites\/6\/2026\/03\/cs.jpg 1500w\" sizes=\"auto, (max-width: 1024px) 100vw, 1024px\" \/><\/figure>\n<\/div>\n\n\n\n<div class=\"wp-block-column is-layout-flow wp-block-column-is-layout-flow\" style=\"flex-basis:66.66%\">\n<h3 class=\"wp-block-heading\">\u305d\u306e\u4ed6\u4fdd\u5b58\u8eca\u4e21<\/h3>\n\n\n\n<h4 class=\"wp-block-heading\">\u52d5\u614b\u4fdd\u5b58\u30fb\u9759\u614b\u4fdd\u5b58<\/h4>\n\n\n\n<p><\/p>\n<\/div>\n<\/div>\n","protected":false},"excerpt":{"rendered":"<p>Brandenburg an der Havel \u30d6\u30e9\u30f3\u30c7\u30f3\u30d6\u30eb\u30b0\u5e02\u96fb \u958b\u696d:\u3000 1897\u5e7410\u6708\u7dcf\u8ddd\u96e2: 16,3km\u8ecc\u9593:\u3000 1000mm\u8def\u7dda\u6570: 4 \u4e57\u964d:\u3000 \u30c9\u30a2\u306f\u30dc\u30bf\u30f3\u5f0f\u3002\u964d\u8eca\u30dc\u30bf\u30f3\u3042\u308a\u3002\u964d\u8eca\u8981\u671b\u306e\u7121\u3044\u505c\u7559\u6240\u306f [&hellip;]<\/p>\n","protected":false},"author":2,"featured_media":11168,"parent":902,"menu_order":0,"comment_status":"closed","ping_status":"closed","template":"","meta":{"_editorskit_title_hidden":false,"_editorskit_reading_time":0,"_editorskit_is_block_options_detached":false,"_editorskit_block_options_position":"{}","sns_share_botton_hide":"","vkExUnit_sns_title":"","_vk_print_noindex":"","sitemap_hide":"","vkExUnit_sitemap":"","_veu_custom_css":"","veu_display_promotion_alert":"common","_exclude_from_list_pages":"","vkexunit_cta_each_option":"","vkExUnit_childPageIndex":"","vkExUnit_pageList_ancestor":"","footnotes":""},"class_list":["post-6944","page","type-page","status-publish","has-post-thumbnail","hentry"],"aioseo_notices":[],"veu_head_title_object":{"title":"","add_site_title":""},"_links":{"self":[{"href":"https:\/\/nits-train.com\/nitspedia\/wp-json\/wp\/v2\/pages\/6944","targetHints":{"allow":["GET"]}}],"collection":[{"href":"https:\/\/nits-train.com\/nitspedia\/wp-json\/wp\/v2\/pages"}],"about":[{"href":"https:\/\/nits-train.com\/nitspedia\/wp-json\/wp\/v2\/types\/page"}],"author":[{"embeddable":true,"href":"https:\/\/nits-train.com\/nitspedia\/wp-json\/wp\/v2\/users\/2"}],"replies":[{"embeddable":true,"href":"https:\/\/nits-train.com\/nitspedia\/wp-json\/wp\/v2\/comments?post=6944"}],"version-history":[{"count":3,"href":"https:\/\/nits-train.com\/nitspedia\/wp-json\/wp\/v2\/pages\/6944\/revisions"}],"predecessor-version":[{"id":11806,"href":"https:\/\/nits-train.com\/nitspedia\/wp-json\/wp\/v2\/pages\/6944\/revisions\/11806"}],"up":[{"embeddable":true,"href":"https:\/\/nits-train.com\/nitspedia\/wp-json\/wp\/v2\/pages\/902"}],"wp:featuredmedia":[{"embeddable":true,"href":"https:\/\/nits-train.com\/nitspedia\/wp-json\/wp\/v2\/media\/11168"}],"wp:attachment":[{"href":"https:\/\/nits-train.com\/nitspedia\/wp-json\/wp\/v2\/media?parent=6944"}],"curies":[{"name":"wp","href":"https:\/\/api.w.org\/{rel}","templated":true}]}}