{"id":1366,"date":"2022-10-29T21:02:14","date_gmt":"2022-10-29T19:02:14","guid":{"rendered":"https:\/\/nits-train.com\/?page_id=1366"},"modified":"2026-03-15T14:17:08","modified_gmt":"2026-03-15T13:17:08","slug":"p","status":"publish","type":"page","link":"https:\/\/nits-train.com\/nitspedia\/de-train\/de13\/p\/","title":{"rendered":"Potsdam"},"content":{"rendered":"\n<h2 class=\"wp-block-heading\">Potsdam<\/h2>\n\n\n\n<div class=\"wp-block-columns is-layout-flex wp-container-core-columns-is-layout-28f84493 wp-block-columns-is-layout-flex\">\n<div class=\"wp-block-column is-layout-flow wp-block-column-is-layout-flow\" style=\"flex-basis:33.33%\">\n<figure class=\"wp-block-image size-large\"><img loading=\"lazy\" decoding=\"async\" width=\"1024\" height=\"683\" src=\"https:\/\/nits-train.com\/nitspedia\/wp-content\/uploads\/sites\/6\/2026\/03\/SWPTatraa-1024x683.jpg\" alt=\"\" class=\"wp-image-11423\" srcset=\"https:\/\/nits-train.com\/nitspedia\/wp-content\/uploads\/sites\/6\/2026\/03\/SWPTatraa-1024x683.jpg 1024w, https:\/\/nits-train.com\/nitspedia\/wp-content\/uploads\/sites\/6\/2026\/03\/SWPTatraa-300x200.jpg 300w, https:\/\/nits-train.com\/nitspedia\/wp-content\/uploads\/sites\/6\/2026\/03\/SWPTatraa-768x512.jpg 768w, https:\/\/nits-train.com\/nitspedia\/wp-content\/uploads\/sites\/6\/2026\/03\/SWPTatraa-1536x1024.jpg 1536w, https:\/\/nits-train.com\/nitspedia\/wp-content\/uploads\/sites\/6\/2026\/03\/SWPTatraa-2048x1365.jpg 2048w\" sizes=\"auto, (max-width: 1024px) 100vw, 1024px\" \/><\/figure>\n<\/div>\n\n\n\n<div class=\"wp-block-column is-layout-flow wp-block-column-is-layout-flow\" style=\"flex-basis:66.66%\">\n<p>\u958b\u696d:\u3000 <br>\u7dcf\u8ddd\u96e2: <br>\u8ecc\u9593:\u3000 <br>\u8def\u7dda\u6570: <\/p>\n\n\n\n<p>\u4e57\u964d:\u3000 \u30c9\u30a2\u306f\u30dc\u30bf\u30f3\u5f0f\u3002\u964d\u8eca\u30dc\u30bf\u30f3\u3042\u308a\u3002\u964d\u8eca\u8981\u671b\u306e\u7121\u3044\u505c\u7559\u6240\u306f\u901a\u904e\u3002<br>\u4e57\u8eca\u5238: \u505c\u7559\u6240\u306b\u5238\u58f2\u6a5f\u3042\u308a\u3002<\/p>\n\n\n\n<p>\u8eca\u4e21\u4ed8\u756a\u65b9\u6cd5: \u5f62\u5f0f\u3054\u3068\u306b\u4e0a\u308a\u9806<\/p>\n<\/div>\n<\/div>\n\n\n\n<div class=\"wp-block-aab-accordion-block aab__accordion_container  accessibilityOn\" style=\"margin-top:0px;margin-bottom:15px;border:1px solid #e3dfdf38\" id=\"aab_accordion_252c4e7a_0\" role=\"button\" aria-expanded=\"false\" tabindex=\"0\"><div class=\"aab__accordion_head aab_right_icon \" style=\"background-color:#e3dfdf38;border-top:none;border-right:none;border-bottom:none;border-left:none\"><div class=\"aab__accordion_heading aab_right_icon aab_right_link\"><div class=\"head_content_wrapper\"><div class=\"title_wrapper\"><h6 class=\"aab__accordion_title\" style=\"margin:0\">\u55b6\u696d\u8def\u7dda\u4e00\u89a7<\/h6><\/div><\/div><\/div><div class=\"aab__accordion_icon\" style=\"border:0px solid transparent\"><span class=\"aab__icon dashicons dashicons-plus-alt2\" style=\"font-size:23px\"><\/span><\/div><\/div><div class=\"aab__accordion_body  \" role=\"region\" style=\"display:none;border-top:1px solid #e3dfdf38;border-right:none;border-bottom:none;border-left:none\"><div class=\"aab__accordion_component\">\n<p><strong>\u30c8\u30e9\u30e0\u8def\u7dda:<\/strong><br>91: Rehbr\u00fccke - Potsdam Hauptbahnhof - Platz der Einheit - Charlottenhof - Pirschheide<br>92: Marie-Juchacz-Str. - Bisamkiez - Potsdam Hauptbahnhof - Platz der Einheit - Campus Fachhochschule - Kirschallee<br>93: Rehbr\u00fccke - Potsdam Hauptbahnhof - Platz der Einheit - Glienicker Br\u00fccke<br>94: Fontanestra\u00dfe - Rathaus Babelsberg - Platz der Einheit - Charlottenhof<br>96: Marie-Juchacz-Str. - Bisamkiez - Potsdam Hauptbahnhof - Platz der Einheit - Campus Fachhochschule - Campus Jungfernsee<br>98: Rehbr\u00fccke - Potsdam Hauptbahnhof - Platz der Einheit<br>99: Fontanestra\u00dfe - Rathaus Babelsberg - Platz der Einheit<\/p>\n<\/div><\/div><\/div>\n\n\n\n<h3 class=\"wp-block-heading\">\u55b6\u696d\u8eca\u4e21<\/h3>\n\n\n\n<div class=\"wp-block-columns has-background is-layout-flex wp-container-core-columns-is-layout-b6a795d6 wp-block-columns-is-layout-flex\" style=\"background-color:#f5f5f5;margin-top:var(--wp--preset--spacing--40);margin-bottom:var(--wp--preset--spacing--40);padding-top:var(--wp--preset--spacing--20);padding-right:var(--wp--preset--spacing--20);padding-bottom:var(--wp--preset--spacing--20);padding-left:var(--wp--preset--spacing--20)\">\n<div class=\"wp-block-column is-layout-flow wp-block-column-is-layout-flow\" style=\"flex-basis:33.33%\">\n<figure class=\"wp-block-image size-large\"><img loading=\"lazy\" decoding=\"async\" width=\"1024\" height=\"683\" src=\"https:\/\/nits-train.com\/nitspedia\/wp-content\/uploads\/sites\/6\/2026\/03\/SWPTatraa-1024x683.jpg\" alt=\"\" class=\"wp-image-11423\" srcset=\"https:\/\/nits-train.com\/nitspedia\/wp-content\/uploads\/sites\/6\/2026\/03\/SWPTatraa-1024x683.jpg 1024w, https:\/\/nits-train.com\/nitspedia\/wp-content\/uploads\/sites\/6\/2026\/03\/SWPTatraa-300x200.jpg 300w, https:\/\/nits-train.com\/nitspedia\/wp-content\/uploads\/sites\/6\/2026\/03\/SWPTatraa-768x512.jpg 768w, https:\/\/nits-train.com\/nitspedia\/wp-content\/uploads\/sites\/6\/2026\/03\/SWPTatraa-1536x1024.jpg 1536w, https:\/\/nits-train.com\/nitspedia\/wp-content\/uploads\/sites\/6\/2026\/03\/SWPTatraa-2048x1365.jpg 2048w\" sizes=\"auto, (max-width: 1024px) 100vw, 1024px\" \/><\/figure>\n<\/div>\n\n\n\n<div class=\"wp-block-column is-layout-flow wp-block-column-is-layout-flow\" style=\"flex-basis:66.66%\">\n<h3 class=\"wp-block-heading\">KT4D (CKD Tatra)<\/h3>\n\n\n\n<h4 class=\"wp-block-heading\"><\/h4>\n\n\n\n<p><\/p>\n<\/div>\n<\/div>\n\n\n\n<div class=\"wp-block-columns has-background is-layout-flex wp-container-core-columns-is-layout-b6a795d6 wp-block-columns-is-layout-flex\" style=\"background-color:#f5f5f5;margin-top:var(--wp--preset--spacing--40);margin-bottom:var(--wp--preset--spacing--40);padding-top:var(--wp--preset--spacing--20);padding-right:var(--wp--preset--spacing--20);padding-bottom:var(--wp--preset--spacing--20);padding-left:var(--wp--preset--spacing--20)\">\n<div class=\"wp-block-column is-layout-flow wp-block-column-is-layout-flow\" style=\"flex-basis:33.33%\">\n<figure class=\"wp-block-image size-large\"><img loading=\"lazy\" decoding=\"async\" width=\"1024\" height=\"683\" src=\"https:\/\/nits-train.com\/nitspedia\/wp-content\/uploads\/sites\/6\/2026\/03\/SWPCom7b-1024x683.jpg\" alt=\"\" class=\"wp-image-11424\" srcset=\"https:\/\/nits-train.com\/nitspedia\/wp-content\/uploads\/sites\/6\/2026\/03\/SWPCom7b-1024x683.jpg 1024w, https:\/\/nits-train.com\/nitspedia\/wp-content\/uploads\/sites\/6\/2026\/03\/SWPCom7b-300x200.jpg 300w, https:\/\/nits-train.com\/nitspedia\/wp-content\/uploads\/sites\/6\/2026\/03\/SWPCom7b-768x512.jpg 768w, https:\/\/nits-train.com\/nitspedia\/wp-content\/uploads\/sites\/6\/2026\/03\/SWPCom7b-1536x1024.jpg 1536w, https:\/\/nits-train.com\/nitspedia\/wp-content\/uploads\/sites\/6\/2026\/03\/SWPCom7b-2048x1365.jpg 2048w\" sizes=\"auto, (max-width: 1024px) 100vw, 1024px\" \/><\/figure>\n<\/div>\n\n\n\n<div class=\"wp-block-column is-layout-flow wp-block-column-is-layout-flow\" style=\"flex-basis:66.66%\">\n<h3 class=\"wp-block-heading\">Combino (Siemens)<\/h3>\n\n\n\n<h4 class=\"wp-block-heading\"><\/h4>\n\n\n\n<p><\/p>\n<\/div>\n<\/div>\n\n\n\n<div class=\"wp-block-columns has-background is-layout-flex wp-container-core-columns-is-layout-b6a795d6 wp-block-columns-is-layout-flex\" style=\"background-color:#f5f5f5;margin-top:var(--wp--preset--spacing--40);margin-bottom:var(--wp--preset--spacing--40);padding-top:var(--wp--preset--spacing--20);padding-right:var(--wp--preset--spacing--20);padding-bottom:var(--wp--preset--spacing--20);padding-left:var(--wp--preset--spacing--20)\">\n<div class=\"wp-block-column is-layout-flow wp-block-column-is-layout-flow\" style=\"flex-basis:33.33%\">\n<figure class=\"wp-block-image size-large\"><img loading=\"lazy\" decoding=\"async\" width=\"1024\" height=\"683\" src=\"https:\/\/nits-train.com\/nitspedia\/wp-content\/uploads\/sites\/6\/2026\/03\/SWPVario5a-1024x683.jpg\" alt=\"\" class=\"wp-image-11425\" srcset=\"https:\/\/nits-train.com\/nitspedia\/wp-content\/uploads\/sites\/6\/2026\/03\/SWPVario5a-1024x683.jpg 1024w, https:\/\/nits-train.com\/nitspedia\/wp-content\/uploads\/sites\/6\/2026\/03\/SWPVario5a-300x200.jpg 300w, https:\/\/nits-train.com\/nitspedia\/wp-content\/uploads\/sites\/6\/2026\/03\/SWPVario5a-768x512.jpg 768w, https:\/\/nits-train.com\/nitspedia\/wp-content\/uploads\/sites\/6\/2026\/03\/SWPVario5a-1536x1024.jpg 1536w, https:\/\/nits-train.com\/nitspedia\/wp-content\/uploads\/sites\/6\/2026\/03\/SWPVario5a-2048x1365.jpg 2048w\" sizes=\"auto, (max-width: 1024px) 100vw, 1024px\" \/><\/figure>\n<\/div>\n\n\n\n<div class=\"wp-block-column is-layout-flow wp-block-column-is-layout-flow\" style=\"flex-basis:66.66%\">\n<h3 class=\"wp-block-heading\">Variobahn (Stadler)<\/h3>\n\n\n\n<h4 class=\"wp-block-heading\"><\/h4>\n\n\n\n<p><\/p>\n<\/div>\n<\/div>\n\n\n\n<div class=\"wp-block-columns has-background is-layout-flex wp-container-core-columns-is-layout-b6a795d6 wp-block-columns-is-layout-flex\" style=\"background-color:#f5f5f5;margin-top:var(--wp--preset--spacing--40);margin-bottom:var(--wp--preset--spacing--40);padding-top:var(--wp--preset--spacing--20);padding-right:var(--wp--preset--spacing--20);padding-bottom:var(--wp--preset--spacing--20);padding-left:var(--wp--preset--spacing--20)\">\n<div class=\"wp-block-column is-layout-flow wp-block-column-is-layout-flow\" style=\"flex-basis:33.33%\">\n<figure class=\"wp-block-image size-large\"><img loading=\"lazy\" decoding=\"async\" width=\"1024\" height=\"546\" src=\"https:\/\/nits-train.com\/nitspedia\/wp-content\/uploads\/sites\/6\/2026\/03\/cs-1024x546.jpg\" alt=\"\" class=\"wp-image-10951\" srcset=\"https:\/\/nits-train.com\/nitspedia\/wp-content\/uploads\/sites\/6\/2026\/03\/cs-1024x546.jpg 1024w, https:\/\/nits-train.com\/nitspedia\/wp-content\/uploads\/sites\/6\/2026\/03\/cs-300x160.jpg 300w, https:\/\/nits-train.com\/nitspedia\/wp-content\/uploads\/sites\/6\/2026\/03\/cs-768x410.jpg 768w, https:\/\/nits-train.com\/nitspedia\/wp-content\/uploads\/sites\/6\/2026\/03\/cs.jpg 1500w\" sizes=\"auto, (max-width: 1024px) 100vw, 1024px\" \/><\/figure>\n<\/div>\n\n\n\n<div class=\"wp-block-column is-layout-flow wp-block-column-is-layout-flow\" style=\"flex-basis:66.66%\">\n<h3 class=\"wp-block-heading\">Tramlink (Stadler)<\/h3>\n\n\n\n<h4 class=\"wp-block-heading\"><\/h4>\n\n\n\n<p><\/p>\n<\/div>\n<\/div>\n\n\n\n<h3 class=\"wp-block-heading\">\u4e8b\u696d\u7528\u8eca\u4e21<\/h3>\n\n\n\n<div class=\"wp-block-columns has-background is-layout-flex wp-container-core-columns-is-layout-b6a795d6 wp-block-columns-is-layout-flex\" style=\"background-color:#f5f5f5;margin-top:var(--wp--preset--spacing--40);margin-bottom:var(--wp--preset--spacing--40);padding-top:var(--wp--preset--spacing--20);padding-right:var(--wp--preset--spacing--20);padding-bottom:var(--wp--preset--spacing--20);padding-left:var(--wp--preset--spacing--20)\">\n<div class=\"wp-block-column is-layout-flow wp-block-column-is-layout-flow\" style=\"flex-basis:33.33%\">\n<figure class=\"wp-block-image size-large\"><img loading=\"lazy\" decoding=\"async\" width=\"1024\" height=\"546\" src=\"https:\/\/nits-train.com\/nitspedia\/wp-content\/uploads\/sites\/6\/2026\/03\/cs-1024x546.jpg\" alt=\"\" class=\"wp-image-10951\" srcset=\"https:\/\/nits-train.com\/nitspedia\/wp-content\/uploads\/sites\/6\/2026\/03\/cs-1024x546.jpg 1024w, https:\/\/nits-train.com\/nitspedia\/wp-content\/uploads\/sites\/6\/2026\/03\/cs-300x160.jpg 300w, https:\/\/nits-train.com\/nitspedia\/wp-content\/uploads\/sites\/6\/2026\/03\/cs-768x410.jpg 768w, https:\/\/nits-train.com\/nitspedia\/wp-content\/uploads\/sites\/6\/2026\/03\/cs.jpg 1500w\" sizes=\"auto, (max-width: 1024px) 100vw, 1024px\" \/><\/figure>\n<\/div>\n\n\n\n<div class=\"wp-block-column is-layout-flow wp-block-column-is-layout-flow\" style=\"flex-basis:66.66%\">\n<h3 class=\"wp-block-heading\"><\/h3>\n\n\n\n<h4 class=\"wp-block-heading\"><\/h4>\n\n\n\n<p><\/p>\n<\/div>\n<\/div>\n\n\n\n<h3 class=\"wp-block-heading\">\u4fdd\u5b58\u8eca\u4e21\u30fb\u904e\u53bb\u306e\u8eca\u4e21<\/h3>\n\n\n\n<div class=\"wp-block-columns has-background is-layout-flex wp-container-core-columns-is-layout-b6a795d6 wp-block-columns-is-layout-flex\" style=\"background-color:#f5f5f5;margin-top:var(--wp--preset--spacing--40);margin-bottom:var(--wp--preset--spacing--40);padding-top:var(--wp--preset--spacing--20);padding-right:var(--wp--preset--spacing--20);padding-bottom:var(--wp--preset--spacing--20);padding-left:var(--wp--preset--spacing--20)\">\n<div class=\"wp-block-column is-layout-flow wp-block-column-is-layout-flow\" style=\"flex-basis:33.33%\">\n<figure class=\"wp-block-image size-large\"><img loading=\"lazy\" decoding=\"async\" width=\"1024\" height=\"546\" src=\"https:\/\/nits-train.com\/nitspedia\/wp-content\/uploads\/sites\/6\/2026\/03\/cs-1024x546.jpg\" alt=\"\" class=\"wp-image-10951\" srcset=\"https:\/\/nits-train.com\/nitspedia\/wp-content\/uploads\/sites\/6\/2026\/03\/cs-1024x546.jpg 1024w, https:\/\/nits-train.com\/nitspedia\/wp-content\/uploads\/sites\/6\/2026\/03\/cs-300x160.jpg 300w, https:\/\/nits-train.com\/nitspedia\/wp-content\/uploads\/sites\/6\/2026\/03\/cs-768x410.jpg 768w, https:\/\/nits-train.com\/nitspedia\/wp-content\/uploads\/sites\/6\/2026\/03\/cs.jpg 1500w\" sizes=\"auto, (max-width: 1024px) 100vw, 1024px\" \/><\/figure>\n<\/div>\n\n\n\n<div class=\"wp-block-column is-layout-flow wp-block-column-is-layout-flow\" style=\"flex-basis:66.66%\">\n<h3 class=\"wp-block-heading\">\u305d\u306e\u4ed6\u4fdd\u5b58\u8eca\u4e21<\/h3>\n\n\n\n<h4 class=\"wp-block-heading\">\u52d5\u614b\u4fdd\u5b58\u30fb\u9759\u614b\u4fdd\u5b58<\/h4>\n\n\n\n<p><\/p>\n<\/div>\n<\/div>\n","protected":false},"excerpt":{"rendered":"<p>Potsdam \u958b\u696d:\u3000 \u7dcf\u8ddd\u96e2: \u8ecc\u9593:\u3000 \u8def\u7dda\u6570: \u4e57\u964d:\u3000 \u30c9\u30a2\u306f\u30dc\u30bf\u30f3\u5f0f\u3002\u964d\u8eca\u30dc\u30bf\u30f3\u3042\u308a\u3002\u964d\u8eca\u8981\u671b\u306e\u7121\u3044\u505c\u7559\u6240\u306f\u901a\u904e\u3002\u4e57\u8eca\u5238: \u505c\u7559\u6240\u306b\u5238\u58f2\u6a5f\u3042\u308a\u3002 \u8eca\u4e21\u4ed8\u756a\u65b9\u6cd5: \u5f62\u5f0f\u3054\u3068\u306b\u4e0a\u308a\u9806 \u55b6\u696d\u8eca\u4e21 KT4D (CKD [&hellip;]<\/p>\n","protected":false},"author":2,"featured_media":11423,"parent":902,"menu_order":0,"comment_status":"closed","ping_status":"closed","template":"","meta":{"vkexunit_cta_each_option":"","footnotes":""},"class_list":["post-1366","page","type-page","status-publish","has-post-thumbnail","hentry"],"aioseo_notices":[],"_links":{"self":[{"href":"https:\/\/nits-train.com\/nitspedia\/wp-json\/wp\/v2\/pages\/1366","targetHints":{"allow":["GET"]}}],"collection":[{"href":"https:\/\/nits-train.com\/nitspedia\/wp-json\/wp\/v2\/pages"}],"about":[{"href":"https:\/\/nits-train.com\/nitspedia\/wp-json\/wp\/v2\/types\/page"}],"author":[{"embeddable":true,"href":"https:\/\/nits-train.com\/nitspedia\/wp-json\/wp\/v2\/users\/2"}],"replies":[{"embeddable":true,"href":"https:\/\/nits-train.com\/nitspedia\/wp-json\/wp\/v2\/comments?post=1366"}],"version-history":[{"count":2,"href":"https:\/\/nits-train.com\/nitspedia\/wp-json\/wp\/v2\/pages\/1366\/revisions"}],"predecessor-version":[{"id":11633,"href":"https:\/\/nits-train.com\/nitspedia\/wp-json\/wp\/v2\/pages\/1366\/revisions\/11633"}],"up":[{"embeddable":true,"href":"https:\/\/nits-train.com\/nitspedia\/wp-json\/wp\/v2\/pages\/902"}],"wp:featuredmedia":[{"embeddable":true,"href":"https:\/\/nits-train.com\/nitspedia\/wp-json\/wp\/v2\/media\/11423"}],"wp:attachment":[{"href":"https:\/\/nits-train.com\/nitspedia\/wp-json\/wp\/v2\/media?parent=1366"}],"curies":[{"name":"wp","href":"https:\/\/api.w.org\/{rel}","templated":true}]}}