{"id":1349,"date":"2022-10-29T20:57:28","date_gmt":"2022-10-29T18:57:28","guid":{"rendered":"https:\/\/nits-train.com\/?page_id=1349"},"modified":"2026-03-15T17:36:27","modified_gmt":"2026-03-15T16:36:27","slug":"hh","status":"publish","type":"page","link":"https:\/\/nits-train.com\/nitspedia\/de-train\/de13\/hh\/","title":{"rendered":"Hamburg"},"content":{"rendered":"\n<h2 class=\"wp-block-heading\">Hamburg<\/h2>\n\n\n\n<div class=\"wp-block-columns is-layout-flex wp-container-core-columns-is-layout-28f84493 wp-block-columns-is-layout-flex\">\n<div class=\"wp-block-column is-layout-flow wp-block-column-is-layout-flow\" style=\"flex-basis:33.33%\">\n<figure class=\"wp-block-image size-large\"><img loading=\"lazy\" decoding=\"async\" width=\"1024\" height=\"683\" src=\"https:\/\/nits-train.com\/nitspedia\/wp-content\/uploads\/sites\/6\/2026\/03\/Hamburg2-1024x683.jpg\" alt=\"\" class=\"wp-image-11299\" srcset=\"https:\/\/nits-train.com\/nitspedia\/wp-content\/uploads\/sites\/6\/2026\/03\/Hamburg2-1024x683.jpg 1024w, https:\/\/nits-train.com\/nitspedia\/wp-content\/uploads\/sites\/6\/2026\/03\/Hamburg2-300x200.jpg 300w, https:\/\/nits-train.com\/nitspedia\/wp-content\/uploads\/sites\/6\/2026\/03\/Hamburg2-768x512.jpg 768w, https:\/\/nits-train.com\/nitspedia\/wp-content\/uploads\/sites\/6\/2026\/03\/Hamburg2-1536x1024.jpg 1536w, https:\/\/nits-train.com\/nitspedia\/wp-content\/uploads\/sites\/6\/2026\/03\/Hamburg2-2048x1365.jpg 2048w\" sizes=\"auto, (max-width: 1024px) 100vw, 1024px\" \/><\/figure>\n<\/div>\n\n\n\n<div class=\"wp-block-column is-layout-flow wp-block-column-is-layout-flow\" style=\"flex-basis:66.66%\">\n<p>\u958b\u696d:\u3000 1911\u5e745\u6708<br>\u7dcf\u8ddd\u96e2: 105,8km<br>\u8ecc\u9593:\u3000 1435mm<br>\u8def\u7dda\u6570: 4<\/p>\n\n\n\n<p>\u4e57\u964d:\u3000 \u30c9\u30a2\u306f\u30dc\u30bf\u30f3\u5f0f\u3002<br>\u4e57\u8eca\u5238: \u505c\u7559\u6240\u306b\u5238\u58f2\u6a5f\u3042\u308a\u3002<\/p>\n\n\n\n<p>\u8eca\u4e21\u4ed8\u756a\u65b9\u6cd5: \u5f62\u5f0f\u3054\u3068\u306b\u4e0a\u308a\u9806<\/p>\n<\/div>\n<\/div>\n\n\n\n<div class=\"wp-block-aab-accordion-block aab__accordion_container  accessibilityOn\" style=\"margin-top:0px;margin-bottom:15px;border:1px solid #e3dfdf38\" id=\"aab_accordion_252c4e7a_0\" role=\"button\" aria-expanded=\"false\" tabindex=\"0\"><div class=\"aab__accordion_head aab_right_icon \" style=\"background-color:#e3dfdf38;border-top:none;border-right:none;border-bottom:none;border-left:none\"><div class=\"aab__accordion_heading aab_right_icon aab_right_link\"><div class=\"head_content_wrapper\"><div class=\"title_wrapper\"><h6 class=\"aab__accordion_title\" style=\"margin:0\">\u55b6\u696d\u8def\u7dda\u4e00\u89a7<\/h6><\/div><\/div><\/div><div class=\"aab__accordion_icon\" style=\"border:0px solid transparent\"><span class=\"aab__icon dashicons dashicons-plus-alt2\" style=\"font-size:23px\"><\/span><\/div><\/div><div class=\"aab__accordion_body  \" role=\"region\" style=\"display:none;border-top:1px solid #e3dfdf38;border-right:none;border-bottom:none;border-left:none\"><div class=\"aab__accordion_component\">\n<p><strong>\u5730\u4e0b\u9244\u8def\u7dda:<\/strong><br>U1: Norderstedt Mitte - Ohlsdorf - Kellinghusenstra\u00dfe - Jungfernstieg - Me\u00dfberg - Hauptbahnhof S\u00fcd - Wandsbek-Gartenstadt - Volksdorf - Ohlstedt \/ Gro\u00dfhansdorf<br>U2: Niendorf Nord - Schlump - Jungfernstieg - Hauptbahnhof Nord - Berliner Tor - Billstedt - M\u00fcmmelmannsberg<br>U3: Barmbek - Kellinghusenstra\u00dfe - Schlump - Landungsbr\u00fccken - Hauptbahnhof S\u00fcd - Berliner Tor - Barmbek - Wandsbek-Gartenstadt<br>U4: Elbbr\u00fccken - Jungfernstieg - Hauptbahnhof Nord - Berliner Tor - Billstedt<\/p>\n<\/div><\/div><\/div>\n\n\n\n<h3 class=\"wp-block-heading\">\u55b6\u696d\u8eca\u4e21<\/h3>\n\n\n\n<div class=\"wp-block-columns has-background is-layout-flex wp-container-core-columns-is-layout-b6a795d6 wp-block-columns-is-layout-flex\" style=\"background-color:#f5f5f5;margin-top:var(--wp--preset--spacing--40);margin-bottom:var(--wp--preset--spacing--40);padding-top:var(--wp--preset--spacing--20);padding-right:var(--wp--preset--spacing--20);padding-bottom:var(--wp--preset--spacing--20);padding-left:var(--wp--preset--spacing--20)\">\n<div class=\"wp-block-column is-layout-flow wp-block-column-is-layout-flow\" style=\"flex-basis:33.33%\">\n<figure class=\"wp-block-image size-large\"><img loading=\"lazy\" decoding=\"async\" width=\"1024\" height=\"683\" src=\"https:\/\/nits-train.com\/nitspedia\/wp-content\/uploads\/sites\/6\/2026\/03\/DT4-3-1024x683.jpg\" alt=\"\" class=\"wp-image-11300\" srcset=\"https:\/\/nits-train.com\/nitspedia\/wp-content\/uploads\/sites\/6\/2026\/03\/DT4-3-1024x683.jpg 1024w, https:\/\/nits-train.com\/nitspedia\/wp-content\/uploads\/sites\/6\/2026\/03\/DT4-3-300x200.jpg 300w, https:\/\/nits-train.com\/nitspedia\/wp-content\/uploads\/sites\/6\/2026\/03\/DT4-3-768x512.jpg 768w, https:\/\/nits-train.com\/nitspedia\/wp-content\/uploads\/sites\/6\/2026\/03\/DT4-3-1536x1024.jpg 1536w, https:\/\/nits-train.com\/nitspedia\/wp-content\/uploads\/sites\/6\/2026\/03\/DT4-3-2048x1365.jpg 2048w\" sizes=\"auto, (max-width: 1024px) 100vw, 1024px\" \/><\/figure>\n<\/div>\n\n\n\n<div class=\"wp-block-column is-layout-flow wp-block-column-is-layout-flow\" style=\"flex-basis:66.66%\">\n<h3 class=\"wp-block-heading\">DT4 (LHB)<\/h3>\n\n\n\n<h4 class=\"wp-block-heading\">\u73fe\u5f79(\u5b9a\u671f\u904b\u7528)<\/h4>\n\n\n\n<p>\u4e3b\u306bU2\u53f7\u7dda\u3067\u904b\u884c<\/p>\n\n\n\n<p>1988\u5e74\u304b\u30892005\u5e74\u306b\u304b\u3051\u3066126\u7de8\u6210\u304c\u88fd\u9020\u3055\u308c\u305f\u30024\u4e21\u30671\u7de8\u6210\u3092\u7d44\u3080\u3002\u88fd\u9020\u30b0\u30eb\u30fc\u30d7\u306b\u3088\u3063\u3066\u8eca\u4f53\u306e\u30b0\u30ec\u30fc\u304c\u591a\u5c11\u7570\u306a\u308b\u3002\u5148\u4ee3\u306eDT3\u3068\u306f\u30c7\u30b6\u30a4\u30f3\u304c\u5927\u304d\u304f\u7570\u306a\u308a\u3001S-Bahn\u306eBR474\u578b\u306b\u5bc4\u305b\u305f\u3082\u306e\u3068\u306a\u3063\u3066\u3044\u308b\u3002<\/p>\n<\/div>\n<\/div>\n\n\n\n<div class=\"wp-block-columns has-background is-layout-flex wp-container-core-columns-is-layout-b6a795d6 wp-block-columns-is-layout-flex\" style=\"background-color:#f5f5f5;margin-top:var(--wp--preset--spacing--40);margin-bottom:var(--wp--preset--spacing--40);padding-top:var(--wp--preset--spacing--20);padding-right:var(--wp--preset--spacing--20);padding-bottom:var(--wp--preset--spacing--20);padding-left:var(--wp--preset--spacing--20)\">\n<div class=\"wp-block-column is-layout-flow wp-block-column-is-layout-flow\" style=\"flex-basis:33.33%\">\n<figure class=\"wp-block-image size-large\"><img loading=\"lazy\" decoding=\"async\" width=\"1024\" height=\"683\" src=\"https:\/\/nits-train.com\/nitspedia\/wp-content\/uploads\/sites\/6\/2026\/03\/DT5-2-1024x683.jpg\" alt=\"\" class=\"wp-image-11301\" srcset=\"https:\/\/nits-train.com\/nitspedia\/wp-content\/uploads\/sites\/6\/2026\/03\/DT5-2-1024x683.jpg 1024w, https:\/\/nits-train.com\/nitspedia\/wp-content\/uploads\/sites\/6\/2026\/03\/DT5-2-300x200.jpg 300w, https:\/\/nits-train.com\/nitspedia\/wp-content\/uploads\/sites\/6\/2026\/03\/DT5-2-768x512.jpg 768w, https:\/\/nits-train.com\/nitspedia\/wp-content\/uploads\/sites\/6\/2026\/03\/DT5-2-1536x1024.jpg 1536w, https:\/\/nits-train.com\/nitspedia\/wp-content\/uploads\/sites\/6\/2026\/03\/DT5-2-2048x1365.jpg 2048w\" sizes=\"auto, (max-width: 1024px) 100vw, 1024px\" \/><\/figure>\n<\/div>\n\n\n\n<div class=\"wp-block-column is-layout-flow wp-block-column-is-layout-flow\" style=\"flex-basis:66.66%\">\n<h3 class=\"wp-block-heading\">DT5 (Alstom)<\/h3>\n\n\n\n<h4 class=\"wp-block-heading\">\u73fe\u5f79(\u5b9a\u671f\u904b\u7528)<\/h4>\n\n\n\n<p>\u4e3b\u306bU1, U3, U4\u53f7\u7dda\u306b\u3066\u904b\u884c<\/p>\n\n\n\n<p>2012\u5e74\u304b\u30892023\u5e74\u306b\u304b\u3051\u3066163\u7de8\u6210\u304c\u88fd\u9020\u3055\u308c\u305f\u3002\u5148\u4ee3\u306eDT4\u578b\u3068\u306f\u7570\u306a\u308a3\u4e21\u30671\u7de8\u6210\u3092\u7d44\u3080\u3002\u8eca\u5185\u306b\u306f\u4e00\u90e8\u5ea7\u5e2d\u306bUSB\u5145\u96fb\u30dd\u30fc\u30c8\u306a\u3069\u3092\u5099\u3048\u308b\u30023\u7de8\u6210\u30679\u4e21\u7de8\u6210\u307e\u3067\u7d44\u3080\u3053\u3068\u304c\u53ef\u80fd\u3002<\/p>\n<\/div>\n<\/div>\n\n\n\n<h3 class=\"wp-block-heading\">\u4e8b\u696d\u7528\u8eca\u4e21<\/h3>\n\n\n\n<div class=\"wp-block-columns has-background is-layout-flex wp-container-core-columns-is-layout-b6a795d6 wp-block-columns-is-layout-flex\" style=\"background-color:#f5f5f5;margin-top:var(--wp--preset--spacing--40);margin-bottom:var(--wp--preset--spacing--40);padding-top:var(--wp--preset--spacing--20);padding-right:var(--wp--preset--spacing--20);padding-bottom:var(--wp--preset--spacing--20);padding-left:var(--wp--preset--spacing--20)\">\n<div class=\"wp-block-column is-layout-flow wp-block-column-is-layout-flow\" style=\"flex-basis:33.33%\">\n<figure class=\"wp-block-image size-large\"><img loading=\"lazy\" decoding=\"async\" width=\"1024\" height=\"683\" src=\"https:\/\/nits-train.com\/nitspedia\/wp-content\/uploads\/sites\/6\/2026\/03\/HTW-1-1024x683.jpg\" alt=\"\" class=\"wp-image-11302\" srcset=\"https:\/\/nits-train.com\/nitspedia\/wp-content\/uploads\/sites\/6\/2026\/03\/HTW-1-1024x683.jpg 1024w, https:\/\/nits-train.com\/nitspedia\/wp-content\/uploads\/sites\/6\/2026\/03\/HTW-1-300x200.jpg 300w, https:\/\/nits-train.com\/nitspedia\/wp-content\/uploads\/sites\/6\/2026\/03\/HTW-1-768x512.jpg 768w, https:\/\/nits-train.com\/nitspedia\/wp-content\/uploads\/sites\/6\/2026\/03\/HTW-1-1536x1024.jpg 1536w, https:\/\/nits-train.com\/nitspedia\/wp-content\/uploads\/sites\/6\/2026\/03\/HTW-1-2048x1365.jpg 2048w\" sizes=\"auto, (max-width: 1024px) 100vw, 1024px\" \/><\/figure>\n<\/div>\n\n\n\n<div class=\"wp-block-column is-layout-flow wp-block-column-is-layout-flow\" style=\"flex-basis:66.66%\">\n<h3 class=\"wp-block-heading\">Hilfstriebwagen (WMD)<\/h3>\n\n\n\n<h4 class=\"wp-block-heading\">\u73fe\u5f79<\/h4>\n\n\n\n<p>1967\u5e74\u88fd\u9020\u306e\u6551\u63f4\u7528\u8eca\u4e21\u3002\u30c7\u30a3\u30fc\u30bc\u30eb\u30a8\u30f3\u30b8\u30f3\u3092\u642d\u8f09\u3057\u3066\u3044\u308b\u305f\u3081\u3001\u96fb\u529b\u304c\u7121\u304f\u3066\u3082\u8d70\u884c\u53ef\u80fd\u3002<\/p>\n<\/div>\n<\/div>\n\n\n\n<h3 class=\"wp-block-heading\">\u4fdd\u5b58\u8eca\u4e21\u30fb\u904e\u53bb\u306e\u8eca\u4e21<\/h3>\n\n\n\n<div class=\"wp-block-columns has-background is-layout-flex wp-container-core-columns-is-layout-b6a795d6 wp-block-columns-is-layout-flex\" style=\"background-color:#f5f5f5;margin-top:var(--wp--preset--spacing--40);margin-bottom:var(--wp--preset--spacing--40);padding-top:var(--wp--preset--spacing--20);padding-right:var(--wp--preset--spacing--20);padding-bottom:var(--wp--preset--spacing--20);padding-left:var(--wp--preset--spacing--20)\">\n<div class=\"wp-block-column is-layout-flow wp-block-column-is-layout-flow\" style=\"flex-basis:33.33%\">\n<figure class=\"wp-block-image size-large\"><img loading=\"lazy\" decoding=\"async\" width=\"1024\" height=\"546\" src=\"https:\/\/nits-train.com\/nitspedia\/wp-content\/uploads\/sites\/6\/2026\/03\/cs-1024x546.jpg\" alt=\"\" class=\"wp-image-10951\" srcset=\"https:\/\/nits-train.com\/nitspedia\/wp-content\/uploads\/sites\/6\/2026\/03\/cs-1024x546.jpg 1024w, https:\/\/nits-train.com\/nitspedia\/wp-content\/uploads\/sites\/6\/2026\/03\/cs-300x160.jpg 300w, https:\/\/nits-train.com\/nitspedia\/wp-content\/uploads\/sites\/6\/2026\/03\/cs-768x410.jpg 768w, https:\/\/nits-train.com\/nitspedia\/wp-content\/uploads\/sites\/6\/2026\/03\/cs.jpg 1500w\" sizes=\"auto, (max-width: 1024px) 100vw, 1024px\" \/><\/figure>\n<\/div>\n\n\n\n<div class=\"wp-block-column is-layout-flow wp-block-column-is-layout-flow\" style=\"flex-basis:66.66%\">\n<h3 class=\"wp-block-heading\">DT1<\/h3>\n\n\n\n<h4 class=\"wp-block-heading\">\u9759\u614b\u4fdd\u5b58<\/h4>\n\n\n\n<p>1958\u5e74\u304b\u30891959\u5e74\u306b\u304b\u3051\u306650\u7de8\u6210\u304c\u88fd\u9020\u3055\u308c\u305f\u30022\u4e211\u7de8\u6210\u3092\u7d44\u3080\u3002\u73fe\u5728\u306f2\u7de8\u6210\u304c\u9759\u614b\u4fdd\u5b58\u30011\u7de8\u6210\u304c\u90e8\u54c1\u53d6\u308a\u3068\u3057\u3066\u5728\u7c4d\u3057\u3066\u3044\u308b\u3002<\/p>\n<\/div>\n<\/div>\n\n\n\n<div class=\"wp-block-columns has-background is-layout-flex wp-container-core-columns-is-layout-b6a795d6 wp-block-columns-is-layout-flex\" style=\"background-color:#f5f5f5;margin-top:var(--wp--preset--spacing--40);margin-bottom:var(--wp--preset--spacing--40);padding-top:var(--wp--preset--spacing--20);padding-right:var(--wp--preset--spacing--20);padding-bottom:var(--wp--preset--spacing--20);padding-left:var(--wp--preset--spacing--20)\">\n<div class=\"wp-block-column is-layout-flow wp-block-column-is-layout-flow\" style=\"flex-basis:33.33%\">\n<figure class=\"wp-block-image size-large\"><img loading=\"lazy\" decoding=\"async\" width=\"1024\" height=\"546\" src=\"https:\/\/nits-train.com\/nitspedia\/wp-content\/uploads\/sites\/6\/2026\/03\/cs-1024x546.jpg\" alt=\"\" class=\"wp-image-10951\" srcset=\"https:\/\/nits-train.com\/nitspedia\/wp-content\/uploads\/sites\/6\/2026\/03\/cs-1024x546.jpg 1024w, https:\/\/nits-train.com\/nitspedia\/wp-content\/uploads\/sites\/6\/2026\/03\/cs-300x160.jpg 300w, https:\/\/nits-train.com\/nitspedia\/wp-content\/uploads\/sites\/6\/2026\/03\/cs-768x410.jpg 768w, https:\/\/nits-train.com\/nitspedia\/wp-content\/uploads\/sites\/6\/2026\/03\/cs.jpg 1500w\" sizes=\"auto, (max-width: 1024px) 100vw, 1024px\" \/><\/figure>\n<\/div>\n\n\n\n<div class=\"wp-block-column is-layout-flow wp-block-column-is-layout-flow\" style=\"flex-basis:66.66%\">\n<h3 class=\"wp-block-heading\">DT2<\/h3>\n\n\n\n<h4 class=\"wp-block-heading\">\u9759\u614b\u4fdd\u5b58<\/h4>\n\n\n\n<p>1962\u5e74\u304b\u30891966\u5e74\u306b\u304b\u3051\u3066186\u7de8\u6210\u304c\u88fd\u9020\u3055\u308c\u305f\u30022\u4e211\u7de8\u6210\u3092\u7d44\u3080\u3002\u55b6\u696d\u671f\u9593\u4e2d\u306b\u591a\u7a2e\u591a\u69d8\u306a\u6539\u9020\u3092\u53d7\u3051\u3066\u3044\u308b\u3002\u73fe\u5728\u306f1\u7de8\u6210\u304c\u9759\u614b\u4fdd\u5b58\u3067\u5728\u7c4d\u3057\u3066\u3044\u308b\u3002<\/p>\n<\/div>\n<\/div>\n\n\n\n<div class=\"wp-block-columns has-background is-layout-flex wp-container-core-columns-is-layout-b6a795d6 wp-block-columns-is-layout-flex\" style=\"background-color:#f5f5f5;margin-top:var(--wp--preset--spacing--40);margin-bottom:var(--wp--preset--spacing--40);padding-top:var(--wp--preset--spacing--20);padding-right:var(--wp--preset--spacing--20);padding-bottom:var(--wp--preset--spacing--20);padding-left:var(--wp--preset--spacing--20)\">\n<div class=\"wp-block-column is-layout-flow wp-block-column-is-layout-flow\" style=\"flex-basis:33.33%\">\n<figure class=\"wp-block-image size-large\"><img loading=\"lazy\" decoding=\"async\" width=\"1024\" height=\"683\" src=\"https:\/\/nits-train.com\/nitspedia\/wp-content\/uploads\/sites\/6\/2026\/03\/DT3-1-1024x683.jpg\" alt=\"\" class=\"wp-image-11303\" srcset=\"https:\/\/nits-train.com\/nitspedia\/wp-content\/uploads\/sites\/6\/2026\/03\/DT3-1-1024x683.jpg 1024w, https:\/\/nits-train.com\/nitspedia\/wp-content\/uploads\/sites\/6\/2026\/03\/DT3-1-300x200.jpg 300w, https:\/\/nits-train.com\/nitspedia\/wp-content\/uploads\/sites\/6\/2026\/03\/DT3-1-768x512.jpg 768w, https:\/\/nits-train.com\/nitspedia\/wp-content\/uploads\/sites\/6\/2026\/03\/DT3-1-1536x1024.jpg 1536w, https:\/\/nits-train.com\/nitspedia\/wp-content\/uploads\/sites\/6\/2026\/03\/DT3-1-2048x1365.jpg 2048w\" sizes=\"auto, (max-width: 1024px) 100vw, 1024px\" \/><\/figure>\n<\/div>\n\n\n\n<div class=\"wp-block-column is-layout-flow wp-block-column-is-layout-flow\" style=\"flex-basis:66.66%\">\n<h3 class=\"wp-block-heading\">DT3 (LHB)<\/h3>\n\n\n\n<h4 class=\"wp-block-heading\">\u9759\u614b\u4fdd\u5b58<\/h4>\n\n\n\n<p>1969\u5e74\u304b\u30891970\u5e74\u306b\u304b\u3051\u3066127\u7de8\u6210\u304c\u88fd\u9020\u3055\u308c\u305f\u30023\u4e211\u7de8\u6210\u3092\u7d44\u3080\u3002\u55b6\u696d\u671f\u9593\u4e2d\u306b\u591a\u7a2e\u591a\u69d8\u306a\u6539\u9020\u3092\u53d7\u3051\u3066\u3044\u308b\u305f\u3081\u3001\u539f\u5f62\u306e\u307e\u307e\u6b8b\u3063\u3066\u3044\u308b\u8eca\u4e21\u306f\u3044\u306a\u3044\u3002\u5f8c\u306b\u672c\u7dda\u7528\u306e\u30ec\u30fc\u30eb\u30d0\u30b9\u3068\u3057\u3066\u88fd\u9020\u3055\u308c\u305fBR609\u306f\u8eca\u4f53\u5074\u9762\u306e\u69cb\u9020\u3092DT3\u304b\u3089\u30d2\u30f3\u30c8\u3092\u5f97\u3066\u3044\u308b\u3002\u73fe\u5728\u306f1\u7de8\u6210\u304c\u9759\u614b\u4fdd\u5b58\u30011\u7de8\u6210\u304c\u90e8\u54c1\u53d6\u308a\u3068\u3057\u3066\u5728\u7c4d\u3057\u3066\u3044\u308b\u3002\u305d\u306e\u4ed6\u306e\u7de8\u6210\u306f\u5ec3\u8eca\u89e3\u4f53\u6e08\u307f\u3002<\/p>\n<\/div>\n<\/div>\n\n\n\n<div class=\"wp-block-columns has-background is-layout-flex wp-container-core-columns-is-layout-b6a795d6 wp-block-columns-is-layout-flex\" style=\"background-color:#f5f5f5;margin-top:var(--wp--preset--spacing--40);margin-bottom:var(--wp--preset--spacing--40);padding-top:var(--wp--preset--spacing--20);padding-right:var(--wp--preset--spacing--20);padding-bottom:var(--wp--preset--spacing--20);padding-left:var(--wp--preset--spacing--20)\">\n<div class=\"wp-block-column is-layout-flow wp-block-column-is-layout-flow\" style=\"flex-basis:33.33%\">\n<figure class=\"wp-block-image size-large\"><img loading=\"lazy\" decoding=\"async\" width=\"1024\" height=\"683\" src=\"https:\/\/nits-train.com\/nitspedia\/wp-content\/uploads\/sites\/6\/2026\/03\/HHa-1024x683.jpg\" alt=\"\" class=\"wp-image-11304\" srcset=\"https:\/\/nits-train.com\/nitspedia\/wp-content\/uploads\/sites\/6\/2026\/03\/HHa-1024x683.jpg 1024w, https:\/\/nits-train.com\/nitspedia\/wp-content\/uploads\/sites\/6\/2026\/03\/HHa-300x200.jpg 300w, https:\/\/nits-train.com\/nitspedia\/wp-content\/uploads\/sites\/6\/2026\/03\/HHa-768x512.jpg 768w, https:\/\/nits-train.com\/nitspedia\/wp-content\/uploads\/sites\/6\/2026\/03\/HHa-1536x1024.jpg 1536w, https:\/\/nits-train.com\/nitspedia\/wp-content\/uploads\/sites\/6\/2026\/03\/HHa-2048x1365.jpg 2048w\" sizes=\"auto, (max-width: 1024px) 100vw, 1024px\" \/><\/figure>\n<\/div>\n\n\n\n<div class=\"wp-block-column is-layout-flow wp-block-column-is-layout-flow\" style=\"flex-basis:66.66%\">\n<h3 class=\"wp-block-heading\">V7 (LHB)<\/h3>\n\n\n\n<h4 class=\"wp-block-heading\">\u9759\u614b\u4fdd\u5b58<\/h4>\n\n\n\n<p>\u304b\u3064\u3066\u306f\u30c9\u30a4\u30c4\u6700\u53e4\u3067\u6700\u5927\u306e\u8def\u9762\u96fb\u8eca\u7db2\u3092\u8a87\u3063\u3066\u3044\u305f\u30cf\u30f3\u30d6\u30eb\u30b0\u306e\u5e02\u96fb\u8eca\u4e21\u306f\u30011978\u5e74\u306e\u5ec3\u6b62\u5f8c\u306b\u4e00\u6c17\u306b\u6e1b\u3063\u305f\u3002\u6570\u5c11\u306a\u3044\u751f\u304d\u6b8b\u308a\u3068\u3057\u3066\u3001V7\u578b\u304c\u88fd\u9020\u5143\u306eLHB\u535a\u7269\u9928(\u975e\u516c\u958b)\u306b\u4fdd\u5b58\u3055\u308c\u3066\u3044\u308b\u3002<\/p>\n<\/div>\n<\/div>\n\n\n\n<div class=\"wp-block-columns has-background is-layout-flex wp-container-core-columns-is-layout-b6a795d6 wp-block-columns-is-layout-flex\" style=\"background-color:#f5f5f5;margin-top:var(--wp--preset--spacing--40);margin-bottom:var(--wp--preset--spacing--40);padding-top:var(--wp--preset--spacing--20);padding-right:var(--wp--preset--spacing--20);padding-bottom:var(--wp--preset--spacing--20);padding-left:var(--wp--preset--spacing--20)\">\n<div class=\"wp-block-column is-layout-flow wp-block-column-is-layout-flow\" style=\"flex-basis:33.33%\">\n<figure class=\"wp-block-image size-large\"><img loading=\"lazy\" decoding=\"async\" width=\"1024\" height=\"546\" src=\"https:\/\/nits-train.com\/nitspedia\/wp-content\/uploads\/sites\/6\/2026\/03\/cs-1024x546.jpg\" alt=\"\" class=\"wp-image-10951\" srcset=\"https:\/\/nits-train.com\/nitspedia\/wp-content\/uploads\/sites\/6\/2026\/03\/cs-1024x546.jpg 1024w, https:\/\/nits-train.com\/nitspedia\/wp-content\/uploads\/sites\/6\/2026\/03\/cs-300x160.jpg 300w, https:\/\/nits-train.com\/nitspedia\/wp-content\/uploads\/sites\/6\/2026\/03\/cs-768x410.jpg 768w, https:\/\/nits-train.com\/nitspedia\/wp-content\/uploads\/sites\/6\/2026\/03\/cs.jpg 1500w\" sizes=\"auto, (max-width: 1024px) 100vw, 1024px\" \/><\/figure>\n<\/div>\n\n\n\n<div class=\"wp-block-column is-layout-flow wp-block-column-is-layout-flow\" style=\"flex-basis:66.66%\">\n<h3 class=\"wp-block-heading\">\u305d\u306e\u4ed6\u4fdd\u5b58\u8eca\u4e21<\/h3>\n\n\n\n<h4 class=\"wp-block-heading\">\u9759\u614b\u4fdd\u5b58<\/h4>\n\n\n\n<p><\/p>\n<\/div>\n<\/div>\n","protected":false},"excerpt":{"rendered":"<p>Hamburg \u958b\u696d:\u3000 1911\u5e745\u6708\u7dcf\u8ddd\u96e2: 105,8km\u8ecc\u9593:\u3000 1435mm\u8def\u7dda\u6570: 4 \u4e57\u964d:\u3000 \u30c9\u30a2\u306f\u30dc\u30bf\u30f3\u5f0f\u3002\u4e57\u8eca\u5238: \u505c\u7559\u6240\u306b\u5238\u58f2\u6a5f\u3042\u308a\u3002 \u8eca\u4e21\u4ed8\u756a\u65b9\u6cd5: \u5f62\u5f0f\u3054\u3068\u306b\u4e0a\u308a\u9806 \u55b6\u696d\u8eca\u4e21 DT4 (LHB) [&hellip;]<\/p>\n","protected":false},"author":2,"featured_media":11299,"parent":902,"menu_order":0,"comment_status":"closed","ping_status":"closed","template":"","meta":{"_editorskit_title_hidden":false,"_editorskit_reading_time":0,"_editorskit_is_block_options_detached":false,"_editorskit_block_options_position":"{}","sns_share_botton_hide":"","vkExUnit_sns_title":"","_vk_print_noindex":"","sitemap_hide":"","vkExUnit_sitemap":"","_veu_custom_css":"","veu_display_promotion_alert":"common","_exclude_from_list_pages":"","vkexunit_cta_each_option":"","vkExUnit_childPageIndex":"","vkExUnit_pageList_ancestor":"","footnotes":""},"class_list":["post-1349","page","type-page","status-publish","has-post-thumbnail","hentry"],"aioseo_notices":[],"veu_head_title_object":{"title":"","add_site_title":""},"_links":{"self":[{"href":"https:\/\/nits-train.com\/nitspedia\/wp-json\/wp\/v2\/pages\/1349","targetHints":{"allow":["GET"]}}],"collection":[{"href":"https:\/\/nits-train.com\/nitspedia\/wp-json\/wp\/v2\/pages"}],"about":[{"href":"https:\/\/nits-train.com\/nitspedia\/wp-json\/wp\/v2\/types\/page"}],"author":[{"embeddable":true,"href":"https:\/\/nits-train.com\/nitspedia\/wp-json\/wp\/v2\/users\/2"}],"replies":[{"embeddable":true,"href":"https:\/\/nits-train.com\/nitspedia\/wp-json\/wp\/v2\/comments?post=1349"}],"version-history":[{"count":3,"href":"https:\/\/nits-train.com\/nitspedia\/wp-json\/wp\/v2\/pages\/1349\/revisions"}],"predecessor-version":[{"id":11832,"href":"https:\/\/nits-train.com\/nitspedia\/wp-json\/wp\/v2\/pages\/1349\/revisions\/11832"}],"up":[{"embeddable":true,"href":"https:\/\/nits-train.com\/nitspedia\/wp-json\/wp\/v2\/pages\/902"}],"wp:featuredmedia":[{"embeddable":true,"href":"https:\/\/nits-train.com\/nitspedia\/wp-json\/wp\/v2\/media\/11299"}],"wp:attachment":[{"href":"https:\/\/nits-train.com\/nitspedia\/wp-json\/wp\/v2\/media?parent=1349"}],"curies":[{"name":"wp","href":"https:\/\/api.w.org\/{rel}","templated":true}]}}