{"id":1347,"date":"2026-02-27T16:56:45","date_gmt":"2026-02-27T15:56:45","guid":{"rendered":"https:\/\/nits-train.com\/?page_id=1347"},"modified":"2026-03-15T14:16:14","modified_gmt":"2026-03-15T13:16:14","slug":"fr","status":"publish","type":"page","link":"https:\/\/nits-train.com\/nitspedia\/de-train\/de13\/fr\/","title":{"rendered":"Freiburg"},"content":{"rendered":"\n<h2 class=\"wp-block-heading\">Freiburg<\/h2>\n\n\n\n<div class=\"wp-block-columns is-layout-flex wp-container-core-columns-is-layout-28f84493 wp-block-columns-is-layout-flex\">\n<div class=\"wp-block-column is-layout-flow wp-block-column-is-layout-flow\" style=\"flex-basis:33.33%\">\n<figure class=\"wp-block-image size-large\"><img loading=\"lazy\" decoding=\"async\" width=\"1024\" height=\"683\" src=\"https:\/\/nits-train.com\/nitspedia\/wp-content\/uploads\/sites\/6\/2026\/03\/FRGT8Zb-1024x683.jpg\" alt=\"\" class=\"wp-image-11280\" srcset=\"https:\/\/nits-train.com\/nitspedia\/wp-content\/uploads\/sites\/6\/2026\/03\/FRGT8Zb-1024x683.jpg 1024w, https:\/\/nits-train.com\/nitspedia\/wp-content\/uploads\/sites\/6\/2026\/03\/FRGT8Zb-300x200.jpg 300w, https:\/\/nits-train.com\/nitspedia\/wp-content\/uploads\/sites\/6\/2026\/03\/FRGT8Zb-768x512.jpg 768w, https:\/\/nits-train.com\/nitspedia\/wp-content\/uploads\/sites\/6\/2026\/03\/FRGT8Zb-1536x1024.jpg 1536w, https:\/\/nits-train.com\/nitspedia\/wp-content\/uploads\/sites\/6\/2026\/03\/FRGT8Zb-2048x1365.jpg 2048w\" sizes=\"auto, (max-width: 1024px) 100vw, 1024px\" \/><\/figure>\n<\/div>\n\n\n\n<div class=\"wp-block-column is-layout-flow wp-block-column-is-layout-flow\" style=\"flex-basis:66.66%\">\n<p>\u958b\u696d:\u3000 1901\u5e7410\u6708<br>\u7dcf\u8ddd\u96e2: 35,7km<br>\u8ecc\u9593:\u3000 1000mm<br>\u8def\u7dda\u6570: 5<\/p>\n\n\n\n<p>\u4e57\u964d:\u3000 \u30c9\u30a2\u306f\u30dc\u30bf\u30f3\u5f0f\u3002\u964d\u8eca\u30dc\u30bf\u30f3\u3042\u308a\u3002\u964d\u8eca\u8981\u671b\u306e\u7121\u3044\u505c\u7559\u6240\u306f\u901a\u904e\u3002<br>\u4e57\u8eca\u5238: \u4e00\u90e8\u505c\u7559\u6240\u306b\u5238\u58f2\u6a5f\u3042\u308a\u3002<\/p>\n\n\n\n<p>\u8eca\u4e21\u4ed8\u756a\u65b9\u6cd5: \u5f62\u5f0f\u3054\u3068\u306b\u4e0a\u308a\u9806<\/p>\n<\/div>\n<\/div>\n\n\n\n<div class=\"wp-block-aab-accordion-block aab__accordion_container  accessibilityOn\" style=\"margin-top:0px;margin-bottom:15px;border:1px solid #e3dfdf38\" id=\"aab_accordion_252c4e7a_0\" role=\"button\" aria-expanded=\"false\" tabindex=\"0\"><div class=\"aab__accordion_head aab_right_icon \" style=\"background-color:#e3dfdf38;border-top:none;border-right:none;border-bottom:none;border-left:none\"><div class=\"aab__accordion_heading aab_right_icon aab_right_link\"><div class=\"head_content_wrapper\"><div class=\"title_wrapper\"><h6 class=\"aab__accordion_title\" style=\"margin:0\">\u55b6\u696d\u8def\u7dda\u4e00\u89a7<\/h6><\/div><\/div><\/div><div class=\"aab__accordion_icon\" style=\"border:0px solid transparent\"><span class=\"aab__icon dashicons dashicons-plus-alt2\" style=\"font-size:23px\"><\/span><\/div><\/div><div class=\"aab__accordion_body  \" role=\"region\" style=\"display:none;border-top:1px solid #e3dfdf38;border-right:none;border-bottom:none;border-left:none\"><div class=\"aab__accordion_component\">\n<p>1: Landwasser - Hauptbahnhof - Bertoldsbrunnen - Littenweiler<br>2: Hornusstra\u00dfe - Hauptbahnhof - Bertoldsbrunnen - G\u00fcnterstal<br>3: Haid - Hauptbahnhof - Bertoldsbrunnen - Hornusstra\u00dfe - Z\u00e4hringen<br>4: Messe - Hauptbahnhof - Bertoldsbrunnen - Vauban<br>5: Rieselfeld - Am Lindenw\u00e4ldle - Stadttheater - Europaplatz<\/p>\n<\/div><\/div><\/div>\n\n\n\n<h2 class=\"wp-block-heading\">\u55b6\u696d\u8eca\u4e21<\/h2>\n\n\n\n<div class=\"wp-block-columns has-background is-layout-flex wp-container-core-columns-is-layout-b6a795d6 wp-block-columns-is-layout-flex\" style=\"background-color:#f5f5f5;margin-top:var(--wp--preset--spacing--40);margin-bottom:var(--wp--preset--spacing--40);padding-top:var(--wp--preset--spacing--20);padding-right:var(--wp--preset--spacing--20);padding-bottom:var(--wp--preset--spacing--20);padding-left:var(--wp--preset--spacing--20)\">\n<div class=\"wp-block-column is-layout-flow wp-block-column-is-layout-flow\" style=\"flex-basis:33.33%\">\n<figure class=\"wp-block-image size-large\"><img loading=\"lazy\" decoding=\"async\" width=\"1024\" height=\"683\" src=\"https:\/\/nits-train.com\/nitspedia\/wp-content\/uploads\/sites\/6\/2026\/03\/FRGT8Nf-1024x683.jpg\" alt=\"\" class=\"wp-image-11281\" srcset=\"https:\/\/nits-train.com\/nitspedia\/wp-content\/uploads\/sites\/6\/2026\/03\/FRGT8Nf-1024x683.jpg 1024w, https:\/\/nits-train.com\/nitspedia\/wp-content\/uploads\/sites\/6\/2026\/03\/FRGT8Nf-300x200.jpg 300w, https:\/\/nits-train.com\/nitspedia\/wp-content\/uploads\/sites\/6\/2026\/03\/FRGT8Nf-768x512.jpg 768w, https:\/\/nits-train.com\/nitspedia\/wp-content\/uploads\/sites\/6\/2026\/03\/FRGT8Nf-1536x1024.jpg 1536w, https:\/\/nits-train.com\/nitspedia\/wp-content\/uploads\/sites\/6\/2026\/03\/FRGT8Nf-2048x1365.jpg 2048w\" sizes=\"auto, (max-width: 1024px) 100vw, 1024px\" \/><\/figure>\n<\/div>\n\n\n\n<div class=\"wp-block-column is-layout-flow wp-block-column-is-layout-flow\" style=\"flex-basis:66.66%\">\n<h3 class=\"wp-block-heading\">GT8N (D\u00fcwag)<\/h3>\n\n\n\n<h4 class=\"wp-block-heading\">\u73fe\u5f79(\u5b9a\u671f\u904b\u7528)\u30fb\u7f6e\u304d\u63db\u3048\u5bfe\u8c61<\/h4>\n\n\n\n<p>\u5e02\u5185\u7dda1\u53f7\u7dda\u30013\u53f7\u7dda\u30014\u53f7\u7dda\u306b\u3066\u904b\u884c<\/p>\n\n\n\n<p>\u30d5\u30e9\u30a4\u30d6\u30eb\u30b0\u3067\u306f\u6700\u5f8c\u3068\u306a\u308b\u9ad8\u5e8a\u90e8\u5206\u306e\u3042\u308b\u8eca\u4e21(\u4e2d\u9593\u8eca\u4e21\u306f\u90e8\u5206\u4f4e\u5e8a)\u3002\u7247\u904b\u8ee2\u53f0\u8eca\u4e21\u3068\u3057\u3066\u3082\u6700\u5f8c\u3068\u306a\u308b\u300210\u7de8\u6210\u304c\u5728\u7c4d\u4e2d\u3060\u304c\u30012025\u5e74\u4ee5\u964d\u304b\u3089\u7f6e\u304d\u63db\u3048\u3068\u306a\u308b\u4e88\u5b9a\u3002<\/p>\n<\/div>\n<\/div>\n\n\n\n<div class=\"wp-block-columns has-background is-layout-flex wp-container-core-columns-is-layout-b6a795d6 wp-block-columns-is-layout-flex\" style=\"background-color:#f5f5f5;margin-top:var(--wp--preset--spacing--40);margin-bottom:var(--wp--preset--spacing--40);padding-top:var(--wp--preset--spacing--20);padding-right:var(--wp--preset--spacing--20);padding-bottom:var(--wp--preset--spacing--20);padding-left:var(--wp--preset--spacing--20)\">\n<div class=\"wp-block-column is-layout-flow wp-block-column-is-layout-flow\" style=\"flex-basis:33.33%\">\n<figure class=\"wp-block-image size-large\"><img loading=\"lazy\" decoding=\"async\" width=\"1024\" height=\"683\" src=\"https:\/\/nits-train.com\/nitspedia\/wp-content\/uploads\/sites\/6\/2026\/03\/FRGT8Zb-1024x683.jpg\" alt=\"\" class=\"wp-image-11280\" srcset=\"https:\/\/nits-train.com\/nitspedia\/wp-content\/uploads\/sites\/6\/2026\/03\/FRGT8Zb-1024x683.jpg 1024w, https:\/\/nits-train.com\/nitspedia\/wp-content\/uploads\/sites\/6\/2026\/03\/FRGT8Zb-300x200.jpg 300w, https:\/\/nits-train.com\/nitspedia\/wp-content\/uploads\/sites\/6\/2026\/03\/FRGT8Zb-768x512.jpg 768w, https:\/\/nits-train.com\/nitspedia\/wp-content\/uploads\/sites\/6\/2026\/03\/FRGT8Zb-1536x1024.jpg 1536w, https:\/\/nits-train.com\/nitspedia\/wp-content\/uploads\/sites\/6\/2026\/03\/FRGT8Zb-2048x1365.jpg 2048w\" sizes=\"auto, (max-width: 1024px) 100vw, 1024px\" \/><\/figure>\n<\/div>\n\n\n\n<div class=\"wp-block-column is-layout-flow wp-block-column-is-layout-flow\" style=\"flex-basis:66.66%\">\n<h3 class=\"wp-block-heading\">GT8Z (D\u00fcwag)<\/h3>\n\n\n\n<h4 class=\"wp-block-heading\">\u73fe\u5f79(\u5b9a\u671f\u904b\u7528)<\/h4>\n\n\n\n<p>\u5e02\u5185\u7dda2\u53f7\u7dda\u30013\u53f7\u7dda\u30014\u53f7\u7dda\u30015\u53f7\u7dda\u306b\u3066\u904b\u884c<\/p>\n\n\n\n<p>\u4ed6\u3067\u306f\u898b\u308b\u3053\u3068\u306e\u306a\u3044\u8eca\u4e21\u3002\u5143GT8D-MNZ\u3002\u3053\u306e\u6642\u4ee3\u306b\u88fd\u9020\u3055\u308c\u305f\u8eca\u4e21\u3067\u306f\u73cd\u3057\u304f\u83f1\u5f62\u30d1\u30f3\u30bf\u30b0\u30e9\u30d5\u3092\u642d\u8f09\u3057\u3066\u3044\u308b\u3002\u5168\u8f2a\u99c6\u52d5\u306b\u3088\u308a\u6025\u52fe\u914d\u5bfe\u5fdc\u3002\u30ad\u30e3\u30d1\u4e0d\u8db3\u3068\u306a\u308a\u304b\u306d\u306a\u3044\u305f\u30811\u53f7\u7dda\u4ee5\u5916\u306b\u3066\u904b\u884c\u3055\u308c\u308b\u3002<\/p>\n<\/div>\n<\/div>\n\n\n\n<div class=\"wp-block-columns has-background is-layout-flex wp-container-core-columns-is-layout-b6a795d6 wp-block-columns-is-layout-flex\" style=\"background-color:#f5f5f5;margin-top:var(--wp--preset--spacing--40);margin-bottom:var(--wp--preset--spacing--40);padding-top:var(--wp--preset--spacing--20);padding-right:var(--wp--preset--spacing--20);padding-bottom:var(--wp--preset--spacing--20);padding-left:var(--wp--preset--spacing--20)\">\n<div class=\"wp-block-column is-layout-flow wp-block-column-is-layout-flow\" style=\"flex-basis:33.33%\">\n<figure class=\"wp-block-image size-large\"><img loading=\"lazy\" decoding=\"async\" width=\"1024\" height=\"683\" src=\"https:\/\/nits-train.com\/nitspedia\/wp-content\/uploads\/sites\/6\/2026\/03\/FRC-3-1024x683.jpg\" alt=\"\" class=\"wp-image-11282\" srcset=\"https:\/\/nits-train.com\/nitspedia\/wp-content\/uploads\/sites\/6\/2026\/03\/FRC-3-1024x683.jpg 1024w, https:\/\/nits-train.com\/nitspedia\/wp-content\/uploads\/sites\/6\/2026\/03\/FRC-3-300x200.jpg 300w, https:\/\/nits-train.com\/nitspedia\/wp-content\/uploads\/sites\/6\/2026\/03\/FRC-3-768x512.jpg 768w, https:\/\/nits-train.com\/nitspedia\/wp-content\/uploads\/sites\/6\/2026\/03\/FRC-3-1536x1024.jpg 1536w, https:\/\/nits-train.com\/nitspedia\/wp-content\/uploads\/sites\/6\/2026\/03\/FRC-3-2048x1365.jpg 2048w\" sizes=\"auto, (max-width: 1024px) 100vw, 1024px\" \/><\/figure>\n<\/div>\n\n\n\n<div class=\"wp-block-column is-layout-flow wp-block-column-is-layout-flow\" style=\"flex-basis:66.66%\">\n<h3 class=\"wp-block-heading\">Combino Basic (Siemens)<\/h3>\n\n\n\n<h4 class=\"wp-block-heading\">\u73fe\u5f79(\u5b9a\u671f\u904b\u7528)<\/h4>\n\n\n\n<p>\u5e02\u5185\u7dda1\u53f7\u7dda\u30013\u53f7\u7dda\u30014\u53f7\u7dda\u30015\u53f7\u7dda\u306b\u3066\u904b\u884c<\/p>\n\n\n\n<p>\u307b\u304b\u306e\u90fd\u5e02\u306e\u8eca\u4e21\u3068\u306f\u7570\u306a\u308a\u3001\u884c\u5148\u8868\u793a\u5668\u306e\u4e0a\u306b\u5927\u304d\u304f\u8def\u7dda\u756a\u53f7\u8868\u793a\u5668\u3092\u642d\u8f09\u3059\u308b\u3002\u88fd\u9020\u3055\u308c\u305f\u306e\u306f9\u7de8\u6210\u3060\u3063\u305f\u304c\u3001Combino\u30b7\u30ea\u30fc\u30ba\u306e\u88fd\u9020\u554f\u984c\u6642\u306b\u9001\u308a\u8fd4\u3055\u308c\u305f\u969b\u306b1\u7de8\u6210\u304c\u5de5\u5834\u3067\u5ec3\u8eca\u30018\u7de8\u6210\u304c\u5728\u7c4d\u3057\u3066\u3044\u308b\u3002<\/p>\n<\/div>\n<\/div>\n\n\n\n<div class=\"wp-block-columns has-background is-layout-flex wp-container-core-columns-is-layout-b6a795d6 wp-block-columns-is-layout-flex\" style=\"background-color:#f5f5f5;margin-top:var(--wp--preset--spacing--40);margin-bottom:var(--wp--preset--spacing--40);padding-top:var(--wp--preset--spacing--20);padding-right:var(--wp--preset--spacing--20);padding-bottom:var(--wp--preset--spacing--20);padding-left:var(--wp--preset--spacing--20)\">\n<div class=\"wp-block-column is-layout-flow wp-block-column-is-layout-flow\" style=\"flex-basis:33.33%\">\n<figure class=\"wp-block-image size-large\"><img loading=\"lazy\" decoding=\"async\" width=\"1024\" height=\"683\" src=\"https:\/\/nits-train.com\/nitspedia\/wp-content\/uploads\/sites\/6\/2026\/03\/FRCAd-1024x683.jpg\" alt=\"\" class=\"wp-image-11284\" srcset=\"https:\/\/nits-train.com\/nitspedia\/wp-content\/uploads\/sites\/6\/2026\/03\/FRCAd-1024x683.jpg 1024w, https:\/\/nits-train.com\/nitspedia\/wp-content\/uploads\/sites\/6\/2026\/03\/FRCAd-300x200.jpg 300w, https:\/\/nits-train.com\/nitspedia\/wp-content\/uploads\/sites\/6\/2026\/03\/FRCAd-768x512.jpg 768w, https:\/\/nits-train.com\/nitspedia\/wp-content\/uploads\/sites\/6\/2026\/03\/FRCAd-1536x1024.jpg 1536w, https:\/\/nits-train.com\/nitspedia\/wp-content\/uploads\/sites\/6\/2026\/03\/FRCAd-2048x1365.jpg 2048w\" sizes=\"auto, (max-width: 1024px) 100vw, 1024px\" \/><\/figure>\n<\/div>\n\n\n\n<div class=\"wp-block-column is-layout-flow wp-block-column-is-layout-flow\" style=\"flex-basis:66.66%\">\n<h3 class=\"wp-block-heading\">Combino Advanced (Siemens)<\/h3>\n\n\n\n<h4 class=\"wp-block-heading\">\u73fe\u5f79(\u5b9a\u671f\u904b\u7528)<\/h4>\n\n\n\n<p>\u5e02\u5185\u7dda1\u53f7\u7dda\u30013\u53f7\u7dda\u30014\u53f7\u7dda\u30015\u53f7\u7dda\u306b\u3066\u904b\u884c<\/p>\n\n\n\n<p>\u8ffd\u52a0\u767a\u6ce8\u6642\u306b\u524d\u9762\u30c7\u30b6\u30a4\u30f3\u304c\u4e38\u307f\u3092\u5e2f\u3073\u305f\u3082\u306e\u306b\u6539\u4fee\u3055\u308c\u305f\u3082\u306e\u300210\u7de8\u6210\u304c\u5728\u7c4d\u3057\u3066\u3044\u308b\u3002<\/p>\n<\/div>\n<\/div>\n\n\n\n<div class=\"wp-block-columns has-background is-layout-flex wp-container-core-columns-is-layout-b6a795d6 wp-block-columns-is-layout-flex\" style=\"background-color:#f5f5f5;margin-top:var(--wp--preset--spacing--40);margin-bottom:var(--wp--preset--spacing--40);padding-top:var(--wp--preset--spacing--20);padding-right:var(--wp--preset--spacing--20);padding-bottom:var(--wp--preset--spacing--20);padding-left:var(--wp--preset--spacing--20)\">\n<div class=\"wp-block-column is-layout-flow wp-block-column-is-layout-flow\" style=\"flex-basis:33.33%\">\n<figure class=\"wp-block-image size-large\"><img loading=\"lazy\" decoding=\"async\" width=\"1024\" height=\"683\" src=\"https:\/\/nits-train.com\/nitspedia\/wp-content\/uploads\/sites\/6\/2026\/03\/FRUrbosb-1024x683.jpg\" alt=\"\" class=\"wp-image-11285\" srcset=\"https:\/\/nits-train.com\/nitspedia\/wp-content\/uploads\/sites\/6\/2026\/03\/FRUrbosb-1024x683.jpg 1024w, https:\/\/nits-train.com\/nitspedia\/wp-content\/uploads\/sites\/6\/2026\/03\/FRUrbosb-300x200.jpg 300w, https:\/\/nits-train.com\/nitspedia\/wp-content\/uploads\/sites\/6\/2026\/03\/FRUrbosb-768x512.jpg 768w, https:\/\/nits-train.com\/nitspedia\/wp-content\/uploads\/sites\/6\/2026\/03\/FRUrbosb-1536x1024.jpg 1536w, https:\/\/nits-train.com\/nitspedia\/wp-content\/uploads\/sites\/6\/2026\/03\/FRUrbosb-2048x1365.jpg 2048w\" sizes=\"auto, (max-width: 1024px) 100vw, 1024px\" \/><\/figure>\n<\/div>\n\n\n\n<div class=\"wp-block-column is-layout-flow wp-block-column-is-layout-flow\" style=\"flex-basis:66.66%\">\n<h3 class=\"wp-block-heading\">Urbos 100 (CAF)<\/h3>\n\n\n\n<h4 class=\"wp-block-heading\">\u73fe\u5f79(\u5b9a\u671f\u904b\u7528)<\/h4>\n\n\n\n<p>\u5e02\u5185\u7dda1\u53f7\u7dda\u30013\u53f7\u7dda\u30014\u53f7\u7dda\u30015\u53f7\u7dda\u306b\u3066\u904b\u884c<\/p>\n\n\n\n<p>25\u7de8\u6210\u304c\u5728\u7c4d\u30022\u53f7\u7dda\u306e\u6298\u308a\u8fd4\u3057\u5834\u6240\u306e\u6709\u52b9\u9577\u304c\u8db3\u308a\u306a\u3044\u305f\u3081\u3001\u305d\u308c\u4ee5\u5916\u306e\u8def\u7dda\u3067\u904b\u884c\u3055\u308c\u308b\u3002<\/p>\n<\/div>\n<\/div>\n\n\n\n<h3 class=\"wp-block-heading\">\u4fdd\u5b58\u8eca\u4e21\u30fb\u904e\u53bb\u306e\u8eca\u4e21<\/h3>\n\n\n\n<div class=\"wp-block-columns has-background is-layout-flex wp-container-core-columns-is-layout-b6a795d6 wp-block-columns-is-layout-flex\" style=\"background-color:#f5f5f5;margin-top:var(--wp--preset--spacing--40);margin-bottom:var(--wp--preset--spacing--40);padding-top:var(--wp--preset--spacing--20);padding-right:var(--wp--preset--spacing--20);padding-bottom:var(--wp--preset--spacing--20);padding-left:var(--wp--preset--spacing--20)\">\n<div class=\"wp-block-column is-layout-flow wp-block-column-is-layout-flow\" style=\"flex-basis:33.33%\">\n<figure class=\"wp-block-image size-large\"><img loading=\"lazy\" decoding=\"async\" width=\"1024\" height=\"683\" src=\"https:\/\/nits-train.com\/nitspedia\/wp-content\/uploads\/sites\/6\/2026\/03\/FR56h-1024x683.jpg\" alt=\"\" class=\"wp-image-11286\" srcset=\"https:\/\/nits-train.com\/nitspedia\/wp-content\/uploads\/sites\/6\/2026\/03\/FR56h-1024x683.jpg 1024w, https:\/\/nits-train.com\/nitspedia\/wp-content\/uploads\/sites\/6\/2026\/03\/FR56h-300x200.jpg 300w, https:\/\/nits-train.com\/nitspedia\/wp-content\/uploads\/sites\/6\/2026\/03\/FR56h-768x512.jpg 768w, https:\/\/nits-train.com\/nitspedia\/wp-content\/uploads\/sites\/6\/2026\/03\/FR56h-1536x1024.jpg 1536w, https:\/\/nits-train.com\/nitspedia\/wp-content\/uploads\/sites\/6\/2026\/03\/FR56h-2048x1365.jpg 2048w\" sizes=\"auto, (max-width: 1024px) 100vw, 1024px\" \/><\/figure>\n<\/div>\n\n\n\n<div class=\"wp-block-column is-layout-flow wp-block-column-is-layout-flow\" style=\"flex-basis:66.66%\">\n<h3 class=\"wp-block-heading\">Maximumtriebwagen (Waggonfabrik Rastatt)<\/h3>\n\n\n\n<h4 class=\"wp-block-heading\">\u52d5\u614b\u4fdd\u5b58<\/h4>\n\n\n\n<p>1927\u5e74\u304b\u30891929\u5e74\u306b\u304b\u3051\u30669\u4e21\u88fd\u9020\u3055\u308c\u305f\u8eca\u4e21\u306e\u3046\u3061\u300156\u53f7\u8eca\u304c\u4fdd\u5b58\u3055\u308c\u305f\u30022022\u5e74\u3088\u308a\u52d5\u614b\u5fa9\u6d3b\u3057\u3001\u5b9a\u671f\u7684\u306b\u81e8\u6642\u5217\u8eca\u306a\u3069\u306b\u4f7f\u7528\u3055\u308c\u308b\u3002<\/p>\n<\/div>\n<\/div>\n\n\n\n<div class=\"wp-block-columns has-background is-layout-flex wp-container-core-columns-is-layout-b6a795d6 wp-block-columns-is-layout-flex\" style=\"background-color:#f5f5f5;margin-top:var(--wp--preset--spacing--40);margin-bottom:var(--wp--preset--spacing--40);padding-top:var(--wp--preset--spacing--20);padding-right:var(--wp--preset--spacing--20);padding-bottom:var(--wp--preset--spacing--20);padding-left:var(--wp--preset--spacing--20)\">\n<div class=\"wp-block-column is-layout-flow wp-block-column-is-layout-flow\" style=\"flex-basis:33.33%\">\n<figure class=\"wp-block-image size-large\"><img loading=\"lazy\" decoding=\"async\" width=\"1024\" height=\"683\" src=\"https:\/\/nits-train.com\/nitspedia\/wp-content\/uploads\/sites\/6\/2026\/03\/FRGT4a-1024x683.jpg\" alt=\"\" class=\"wp-image-11287\" srcset=\"https:\/\/nits-train.com\/nitspedia\/wp-content\/uploads\/sites\/6\/2026\/03\/FRGT4a-1024x683.jpg 1024w, https:\/\/nits-train.com\/nitspedia\/wp-content\/uploads\/sites\/6\/2026\/03\/FRGT4a-300x200.jpg 300w, https:\/\/nits-train.com\/nitspedia\/wp-content\/uploads\/sites\/6\/2026\/03\/FRGT4a-768x512.jpg 768w, https:\/\/nits-train.com\/nitspedia\/wp-content\/uploads\/sites\/6\/2026\/03\/FRGT4a-1536x1024.jpg 1536w, https:\/\/nits-train.com\/nitspedia\/wp-content\/uploads\/sites\/6\/2026\/03\/FRGT4a-2048x1365.jpg 2048w\" sizes=\"auto, (max-width: 1024px) 100vw, 1024px\" \/><\/figure>\n<\/div>\n\n\n\n<div class=\"wp-block-column is-layout-flow wp-block-column-is-layout-flow\" style=\"flex-basis:66.66%\">\n<h3 class=\"wp-block-heading\">GT4 (Maschinenfabrik Esslingen)<\/h3>\n\n\n\n<h4 class=\"wp-block-heading\">\u9759\u614b\u4fdd\u5b58<\/h4>\n\n\n\n<p>1962\u5e74\u304b\u30891968\u5e74\u306b\u304b\u3051\u306619\u7de8\u6210\u304c\u88fd\u9020\u3055\u308c\u305f\u3002\u73fe\u5728\u306f3\u7de8\u6210\u304c\u5728\u7c4d\u3057\u3066\u304a\u308a\u3001\u30a4\u30d9\u30f3\u30c8\u7528\u8eca\u4e21\u306a\u3069\u3067\u4f7f\u7528\u3055\u308c\u3066\u304d\u305f\u3002\u52d5\u614b\u4fdd\u5b58\u5411\u3051\u306b\u4fee\u5fa9\u5de5\u4e8b\u3092\u884c\u3063\u3066\u3044\u308b\u3002<\/p>\n<\/div>\n<\/div>\n\n\n\n<div class=\"wp-block-columns has-background is-layout-flex wp-container-core-columns-is-layout-b6a795d6 wp-block-columns-is-layout-flex\" style=\"background-color:#f5f5f5;margin-top:var(--wp--preset--spacing--40);margin-bottom:var(--wp--preset--spacing--40);padding-top:var(--wp--preset--spacing--20);padding-right:var(--wp--preset--spacing--20);padding-bottom:var(--wp--preset--spacing--20);padding-left:var(--wp--preset--spacing--20)\">\n<div class=\"wp-block-column is-layout-flow wp-block-column-is-layout-flow\" style=\"flex-basis:33.33%\">\n<figure class=\"wp-block-image size-large\"><img loading=\"lazy\" decoding=\"async\" width=\"1024\" height=\"683\" src=\"https:\/\/nits-train.com\/nitspedia\/wp-content\/uploads\/sites\/6\/2026\/03\/FRGT8Ka-1024x683.jpg\" alt=\"\" class=\"wp-image-11288\" srcset=\"https:\/\/nits-train.com\/nitspedia\/wp-content\/uploads\/sites\/6\/2026\/03\/FRGT8Ka-1024x683.jpg 1024w, https:\/\/nits-train.com\/nitspedia\/wp-content\/uploads\/sites\/6\/2026\/03\/FRGT8Ka-300x200.jpg 300w, https:\/\/nits-train.com\/nitspedia\/wp-content\/uploads\/sites\/6\/2026\/03\/FRGT8Ka-768x512.jpg 768w, https:\/\/nits-train.com\/nitspedia\/wp-content\/uploads\/sites\/6\/2026\/03\/FRGT8Ka-1536x1024.jpg 1536w, https:\/\/nits-train.com\/nitspedia\/wp-content\/uploads\/sites\/6\/2026\/03\/FRGT8Ka-2048x1365.jpg 2048w\" sizes=\"auto, (max-width: 1024px) 100vw, 1024px\" \/><\/figure>\n<\/div>\n\n\n\n<div class=\"wp-block-column is-layout-flow wp-block-column-is-layout-flow\" style=\"flex-basis:66.66%\">\n<h3 class=\"wp-block-heading\">GT8K (D\u00fcwag)<\/h3>\n\n\n\n<h4 class=\"wp-block-heading\">\u52d5\u614b\u4fdd\u5b58<\/h4>\n\n\n\n<p>10\u7de8\u6210\u304c\u5728\u7c4d\u3057\u305f\u3046\u3061\u30011\u7de8\u6210\u304c\u4fdd\u5b58\u5411\u3051\u3068\u3057\u3066\u4fdd\u5b58\u4f1a\u306b\u8b72\u6e21\u30011\u7de8\u6210\u304c\u4e88\u5099\u8eca\u3068\u3057\u3066\u5728\u7c4d\u3002\u30d5\u30e9\u30a4\u30d6\u30eb\u30b0\u3067\u306f\u6700\u5f8c\u306e\u5b8c\u5168\u9ad8\u5e8a\u8eca\u4e21\u3068\u306a\u3063\u305f\u30022025\u5e74\u306b\u73fe\u5f79\u5f15\u9000\u3002<\/p>\n<\/div>\n<\/div>\n\n\n\n<div class=\"wp-block-columns has-background is-layout-flex wp-container-core-columns-is-layout-b6a795d6 wp-block-columns-is-layout-flex\" style=\"background-color:#f5f5f5;margin-top:var(--wp--preset--spacing--40);margin-bottom:var(--wp--preset--spacing--40);padding-top:var(--wp--preset--spacing--20);padding-right:var(--wp--preset--spacing--20);padding-bottom:var(--wp--preset--spacing--20);padding-left:var(--wp--preset--spacing--20)\">\n<div class=\"wp-block-column is-layout-flow wp-block-column-is-layout-flow\" style=\"flex-basis:33.33%\">\n<figure class=\"wp-block-image size-large\"><img loading=\"lazy\" decoding=\"async\" width=\"1024\" height=\"546\" src=\"https:\/\/nits-train.com\/nitspedia\/wp-content\/uploads\/sites\/6\/2026\/03\/cs-1024x546.jpg\" alt=\"\" class=\"wp-image-10951\" srcset=\"https:\/\/nits-train.com\/nitspedia\/wp-content\/uploads\/sites\/6\/2026\/03\/cs-1024x546.jpg 1024w, https:\/\/nits-train.com\/nitspedia\/wp-content\/uploads\/sites\/6\/2026\/03\/cs-300x160.jpg 300w, https:\/\/nits-train.com\/nitspedia\/wp-content\/uploads\/sites\/6\/2026\/03\/cs-768x410.jpg 768w, https:\/\/nits-train.com\/nitspedia\/wp-content\/uploads\/sites\/6\/2026\/03\/cs.jpg 1500w\" sizes=\"auto, (max-width: 1024px) 100vw, 1024px\" \/><\/figure>\n<\/div>\n\n\n\n<div class=\"wp-block-column is-layout-flow wp-block-column-is-layout-flow\" style=\"flex-basis:66.66%\">\n<h3 class=\"wp-block-heading\">\u305d\u306e\u4ed6\u4fdd\u5b58\u8eca\u4e21<\/h3>\n\n\n\n<h4 class=\"wp-block-heading\">\u52d5\u614b\u4fdd\u5b58\u30fb\u9759\u614b\u4fdd\u5b58<\/h4>\n\n\n\n<p><\/p>\n<\/div>\n<\/div>\n","protected":false},"excerpt":{"rendered":"<p>Freiburg \u958b\u696d:\u3000 1901\u5e7410\u6708\u7dcf\u8ddd\u96e2: 35,7km\u8ecc\u9593:\u3000 1000mm\u8def\u7dda\u6570: 5 \u4e57\u964d:\u3000 \u30c9\u30a2\u306f\u30dc\u30bf\u30f3\u5f0f\u3002\u964d\u8eca\u30dc\u30bf\u30f3\u3042\u308a\u3002\u964d\u8eca\u8981\u671b\u306e\u7121\u3044\u505c\u7559\u6240\u306f\u901a\u904e\u3002\u4e57\u8eca\u5238: \u4e00\u90e8\u505c\u7559\u6240\u306b\u5238\u58f2\u6a5f\u3042\u308a\u3002 \u8eca\u4e21\u4ed8\u756a\u65b9\u6cd5 [&hellip;]<\/p>\n","protected":false},"author":2,"featured_media":11280,"parent":902,"menu_order":0,"comment_status":"closed","ping_status":"closed","template":"","meta":{"vkexunit_cta_each_option":"","footnotes":""},"class_list":["post-1347","page","type-page","status-publish","has-post-thumbnail","hentry"],"aioseo_notices":[],"_links":{"self":[{"href":"https:\/\/nits-train.com\/nitspedia\/wp-json\/wp\/v2\/pages\/1347","targetHints":{"allow":["GET"]}}],"collection":[{"href":"https:\/\/nits-train.com\/nitspedia\/wp-json\/wp\/v2\/pages"}],"about":[{"href":"https:\/\/nits-train.com\/nitspedia\/wp-json\/wp\/v2\/types\/page"}],"author":[{"embeddable":true,"href":"https:\/\/nits-train.com\/nitspedia\/wp-json\/wp\/v2\/users\/2"}],"replies":[{"embeddable":true,"href":"https:\/\/nits-train.com\/nitspedia\/wp-json\/wp\/v2\/comments?post=1347"}],"version-history":[{"count":2,"href":"https:\/\/nits-train.com\/nitspedia\/wp-json\/wp\/v2\/pages\/1347\/revisions"}],"predecessor-version":[{"id":11618,"href":"https:\/\/nits-train.com\/nitspedia\/wp-json\/wp\/v2\/pages\/1347\/revisions\/11618"}],"up":[{"embeddable":true,"href":"https:\/\/nits-train.com\/nitspedia\/wp-json\/wp\/v2\/pages\/902"}],"wp:featuredmedia":[{"embeddable":true,"href":"https:\/\/nits-train.com\/nitspedia\/wp-json\/wp\/v2\/media\/11280"}],"wp:attachment":[{"href":"https:\/\/nits-train.com\/nitspedia\/wp-json\/wp\/v2\/media?parent=1347"}],"curies":[{"name":"wp","href":"https:\/\/api.w.org\/{rel}","templated":true}]}}