{"id":1333,"date":"2026-02-13T22:01:24","date_gmt":"2026-02-13T21:01:24","guid":{"rendered":"https:\/\/nits-train.com\/?page_id=1333"},"modified":"2026-03-15T16:18:51","modified_gmt":"2026-03-15T15:18:51","slug":"bo","status":"publish","type":"page","link":"https:\/\/nits-train.com\/nitspedia\/de-train\/de13\/bo\/","title":{"rendered":"Bochum \/ Gelsenkirchen"},"content":{"rendered":"\n<h2 class=\"wp-block-heading\">Bochum \/ Gelsenkirchen<\/h2>\n\n\n\n<h3 class=\"wp-block-heading\">\u30dc\u30fc\u30d5\u30e0\u30fb\u30b2\u30eb\u30bc\u30f3\u30ad\u30eb\u30d8\u30f3\u30e9\u30a4\u30c8\u30ec\u30fc\u30eb<\/h3>\n\n\n\n<div class=\"wp-block-columns is-layout-flex wp-container-core-columns-is-layout-28f84493 wp-block-columns-is-layout-flex\">\n<div class=\"wp-block-column is-layout-flow wp-block-column-is-layout-flow\" style=\"flex-basis:33.33%\">\n<figure class=\"wp-block-image size-large\"><img loading=\"lazy\" decoding=\"async\" width=\"1024\" height=\"683\" src=\"https:\/\/nits-train.com\/nitspedia\/wp-content\/uploads\/sites\/6\/2026\/03\/BOVario-6-1024x683.jpg\" alt=\"\" class=\"wp-image-11152\" srcset=\"https:\/\/nits-train.com\/nitspedia\/wp-content\/uploads\/sites\/6\/2026\/03\/BOVario-6-1024x683.jpg 1024w, https:\/\/nits-train.com\/nitspedia\/wp-content\/uploads\/sites\/6\/2026\/03\/BOVario-6-300x200.jpg 300w, https:\/\/nits-train.com\/nitspedia\/wp-content\/uploads\/sites\/6\/2026\/03\/BOVario-6-768x512.jpg 768w, https:\/\/nits-train.com\/nitspedia\/wp-content\/uploads\/sites\/6\/2026\/03\/BOVario-6-1536x1024.jpg 1536w, https:\/\/nits-train.com\/nitspedia\/wp-content\/uploads\/sites\/6\/2026\/03\/BOVario-6-2048x1365.jpg 2048w\" sizes=\"auto, (max-width: 1024px) 100vw, 1024px\" \/><\/figure>\n<\/div>\n\n\n\n<div class=\"wp-block-column is-layout-flow wp-block-column-is-layout-flow\" style=\"flex-basis:66.66%\">\n<p>\u958b\u696d:\u3000 1894\u5e7411\u6708<br>\u7dcf\u8ddd\u96e2: 86,2km<br>\u8ecc\u9593:\u3000 1000mm(\u30c8\u30e9\u30e0) \/ 1435mm(\u5730\u4e0b\u9244)<br>\u8def\u7dda\u6570: 10<\/p>\n\n\n\n<p>\u4e57\u964d:\u3000 \u30c9\u30a2\u306f\u30bb\u30f3\u30b5\u30fc\u5f0f(\u30c8\u30e9\u30e0)\u307e\u305f\u306f\u30dc\u30bf\u30f3\u5f0f\u3002\u964d\u8eca\u30dc\u30bf\u30f3\u3042\u308a\u3002\u964d\u8eca\u8981\u671b\u306e\u7121\u3044\u505c\u7559\u6240\u306f\u901a\u904e\u3002<br>\u4e57\u8eca\u5238: \u30c8\u30e9\u30e0\u306f\u904b\u8ee2\u624b\u306b\u3066\u5bfe\u9762\u8cfc\u5165\u3002\u5730\u4e0b\u9244\u306f\u505c\u7559\u6240\u306b\u5238\u58f2\u6a5f\u3042\u308a\u3002<\/p>\n\n\n\n<p>\u8eca\u4e21\u4ed8\u756a\u65b9\u6cd5: \u5f62\u5f0f\u3054\u3068\u306b\u4e0a\u308a\u9806<\/p>\n<\/div>\n<\/div>\n\n\n\n<div class=\"wp-block-aab-accordion-block aab__accordion_container  accessibilityOn\" style=\"margin-top:0px;margin-bottom:15px;border:1px solid #e3dfdf38\" id=\"aab_accordion_252c4e7a_0\" role=\"button\" aria-expanded=\"false\" tabindex=\"0\"><div class=\"aab__accordion_head aab_right_icon \" style=\"background-color:#e3dfdf38;border-top:none;border-right:none;border-bottom:none;border-left:none\"><div class=\"aab__accordion_heading aab_right_icon aab_right_link\"><div class=\"head_content_wrapper\"><div class=\"title_wrapper\"><h6 class=\"aab__accordion_title\" style=\"margin:0\">\u55b6\u696d\u8def\u7dda\u4e00\u89a7<\/h6><\/div><\/div><\/div><div class=\"aab__accordion_icon\" style=\"border:0px solid transparent\"><span class=\"aab__icon dashicons dashicons-plus-alt2\" style=\"font-size:23px\"><\/span><\/div><\/div><div class=\"aab__accordion_body  \" role=\"region\" style=\"display:none;border-top:1px solid #e3dfdf38;border-right:none;border-bottom:none;border-left:none\"><div class=\"aab__accordion_component\">\n<p><strong>\u5730\u4e0b\u9244\u8def\u7dda:<\/strong><br>U35: Hustadt - Bochum Hbf - Rathaus - Riemke Markt - Herne Bahnhof - Schlo\u00df Str\u00fcnkede<\/p>\n\n\n\n<p><strong>\u30c8\u30e9\u30e0\u8def\u7dda:<\/strong><br>301: Gelsenkirchen Hbf - Erle Post - Buer Rathaus - Buer S\u00fcd Bahnhof - Buerer Stra\u00dfe - Essener Stra\u00dfe<br>302: Langendreer \/ O-Werk - Laer Mitte - Bochum Hbf - Rathaus - Wattenscheid - Gelsenkirchen Hbf - Stadthafen - Buer Rathaus<br>305: Langendreer - Laer Mitte - Bochum Hbf - Rathaus - H\u00f6ntrop Kirche<br>306: Bochum Hbf - Rathaus - Hamme Kirche - Hannibal Einkaufscentrum - Wanne-Eickel Hbf<br>308: Hattingen Mitte - Linden Mitte - Bochum Hbf - Ruhrstadion - Heinrichstra\u00dfe - Sch\u00fcrbankstra\u00dfe<br>309: Langendreer - Witten - Heven Dorf<br>310: Heven Dorf - Witten - Laer Mitte - Bochum Hbf - Rathaus - H\u00f6ntrop Kirche<br>316: Heinrichstra\u00dfe - Ruhrstadion - Bochum Hbf - Rathaus - Hamme Kirche - Hannibal Einkaufscentrum - Wanne-Eickel Hbf<br>318: Bochum-Dahlhausen - Linden Mitte - Bochum Hbf - Ruhrstadion - Heinrichstra\u00dfe - Sch\u00fcrbankstra\u00dfe<\/p>\n<\/div><\/div><\/div>\n\n\n\n<h2 class=\"wp-block-heading\">\u55b6\u696d\u8eca\u4e21<\/h2>\n\n\n\n<div class=\"wp-block-columns has-background is-layout-flex wp-container-core-columns-is-layout-b6a795d6 wp-block-columns-is-layout-flex\" style=\"background-color:#f5f5f5;margin-top:var(--wp--preset--spacing--40);margin-bottom:var(--wp--preset--spacing--40);padding-top:var(--wp--preset--spacing--20);padding-right:var(--wp--preset--spacing--20);padding-bottom:var(--wp--preset--spacing--20);padding-left:var(--wp--preset--spacing--20)\">\n<div class=\"wp-block-column is-layout-flow wp-block-column-is-layout-flow\" style=\"flex-basis:33.33%\">\n<figure class=\"wp-block-image size-large\"><img loading=\"lazy\" decoding=\"async\" width=\"1024\" height=\"683\" src=\"https:\/\/nits-train.com\/nitspedia\/wp-content\/uploads\/sites\/6\/2026\/03\/BOVario-6-1024x683.jpg\" alt=\"\" class=\"wp-image-11152\" srcset=\"https:\/\/nits-train.com\/nitspedia\/wp-content\/uploads\/sites\/6\/2026\/03\/BOVario-6-1024x683.jpg 1024w, https:\/\/nits-train.com\/nitspedia\/wp-content\/uploads\/sites\/6\/2026\/03\/BOVario-6-300x200.jpg 300w, https:\/\/nits-train.com\/nitspedia\/wp-content\/uploads\/sites\/6\/2026\/03\/BOVario-6-768x512.jpg 768w, https:\/\/nits-train.com\/nitspedia\/wp-content\/uploads\/sites\/6\/2026\/03\/BOVario-6-1536x1024.jpg 1536w, https:\/\/nits-train.com\/nitspedia\/wp-content\/uploads\/sites\/6\/2026\/03\/BOVario-6-2048x1365.jpg 2048w\" sizes=\"auto, (max-width: 1024px) 100vw, 1024px\" \/><\/figure>\n<\/div>\n\n\n\n<div class=\"wp-block-column is-layout-flow wp-block-column-is-layout-flow\" style=\"flex-basis:66.66%\">\n<h3 class=\"wp-block-heading\">Variobahn (Stadler)<\/h3>\n\n\n\n<h4 class=\"wp-block-heading\">\u73fe\u5f79(\u5b9a\u671f\u904b\u7528)<\/h4>\n\n\n\n<p>1\u6b21\u8eca45\u7de8\u6210(\u7de8\u6210\u756a\u53f7500\u756a\u53f0)\u30012\u6b21\u8eca50\u7de8\u6210(\u7de8\u6210\u756a\u53f7100\u756a\u53f0)\u306e\u5408\u8a0895\u7de8\u6210\u304c\u5728\u7c4d\u3059\u308b\u3002\u30b5\u30c3\u30ab\u30fc\u81e8\u6642\u306a\u3069\u3067\u91cd\u9023\u904b\u7528\u3067\u904b\u8ee2\u3055\u308c\u308b\u5834\u5408\u3082\u3042\u308b\u3002\u30c9\u30a2\u958b\u9589\u306f\u691c\u77e5\u30bb\u30f3\u30b5\u30fc\u5f0f\u306a\u306e\u3067\u30dc\u30bf\u30f3\u3092\u62bc\u3059\u5fc5\u8981\u304c\u7121\u3044\u306e\u304c\u7279\u5fb4\u3002\u30c9\u30a2\u4ed8\u8fd1\u306b\u7acb\u3063\u3066\u3044\u308b\u3068\u30bb\u30f3\u30b5\u30fc\u304c\u53cd\u5fdc\u3059\u308b\u3053\u3068\u3082\u3042\u308b\u305f\u3081\u9045\u5ef6\u3057\u3084\u3059\u3044\u306e\u304c\u5384\u4ecb\u3002<\/p>\n<\/div>\n<\/div>\n\n\n\n<div class=\"wp-block-columns has-background is-layout-flex wp-container-core-columns-is-layout-b6a795d6 wp-block-columns-is-layout-flex\" style=\"background-color:#f5f5f5;margin-top:var(--wp--preset--spacing--40);margin-bottom:var(--wp--preset--spacing--40);padding-top:var(--wp--preset--spacing--20);padding-right:var(--wp--preset--spacing--20);padding-bottom:var(--wp--preset--spacing--20);padding-left:var(--wp--preset--spacing--20)\">\n<div class=\"wp-block-column is-layout-flow wp-block-column-is-layout-flow\" style=\"flex-basis:33.33%\">\n<figure class=\"wp-block-image size-large\"><img loading=\"lazy\" decoding=\"async\" width=\"1024\" height=\"683\" src=\"https:\/\/nits-train.com\/nitspedia\/wp-content\/uploads\/sites\/6\/2026\/03\/BOBa-1024x683.jpg\" alt=\"\" class=\"wp-image-11153\" srcset=\"https:\/\/nits-train.com\/nitspedia\/wp-content\/uploads\/sites\/6\/2026\/03\/BOBa-1024x683.jpg 1024w, https:\/\/nits-train.com\/nitspedia\/wp-content\/uploads\/sites\/6\/2026\/03\/BOBa-300x200.jpg 300w, https:\/\/nits-train.com\/nitspedia\/wp-content\/uploads\/sites\/6\/2026\/03\/BOBa-768x512.jpg 768w, https:\/\/nits-train.com\/nitspedia\/wp-content\/uploads\/sites\/6\/2026\/03\/BOBa-1536x1024.jpg 1536w, https:\/\/nits-train.com\/nitspedia\/wp-content\/uploads\/sites\/6\/2026\/03\/BOBa-2048x1365.jpg 2048w\" sizes=\"auto, (max-width: 1024px) 100vw, 1024px\" \/><\/figure>\n<\/div>\n\n\n\n<div class=\"wp-block-column is-layout-flow wp-block-column-is-layout-flow\" style=\"flex-basis:66.66%\">\n<h3 class=\"wp-block-heading\">B80D (D\u00fcwag)<\/h3>\n\n\n\n<h4 class=\"wp-block-heading\">\u73fe\u5f79(\u5b9a\u671f\u904b\u7528)<\/h4>\n\n\n\n<p>\u8a0825\u7de8\u6210\u304c\u5728\u7c4d\u3057\u3066\u304a\u308a\u3001\u57fa\u672c\u7684\u306b\u91cd\u9023\u3067\u904b\u884c\u3055\u308c\u308b\u30022024\u5e74\u3088\u308aStadler\u306b\u3066\u66f4\u65b0\u5de5\u4e8b\u3092\u884c\u3063\u3066\u304a\u308a\u3001\u7de8\u6210\u304c\u5143\u306e6000\u756a\u53f0\u304b\u30896100\u756a\u53f0\u306b\u5909\u66f4\u3068\u306a\u308b\u3002\u66f4\u65b0\u3055\u308c\u305f\u7de8\u6210\u306fTango\u306b\u5408\u308f\u305b\u305f\u4ed5\u69d8\u3068\u306a\u3063\u3066\u3044\u308b\u3002<\/p>\n<\/div>\n<\/div>\n\n\n\n<div class=\"wp-block-columns has-background is-layout-flex wp-container-core-columns-is-layout-b6a795d6 wp-block-columns-is-layout-flex\" style=\"background-color:#f5f5f5;margin-top:var(--wp--preset--spacing--40);margin-bottom:var(--wp--preset--spacing--40);padding-top:var(--wp--preset--spacing--20);padding-right:var(--wp--preset--spacing--20);padding-bottom:var(--wp--preset--spacing--20);padding-left:var(--wp--preset--spacing--20)\">\n<div class=\"wp-block-column is-layout-flow wp-block-column-is-layout-flow\" style=\"flex-basis:33.33%\">\n<figure class=\"wp-block-image size-large\"><img loading=\"lazy\" decoding=\"async\" width=\"1024\" height=\"683\" src=\"https:\/\/nits-train.com\/nitspedia\/wp-content\/uploads\/sites\/6\/2026\/03\/BOTango-3-1024x683.jpg\" alt=\"\" class=\"wp-image-11154\" srcset=\"https:\/\/nits-train.com\/nitspedia\/wp-content\/uploads\/sites\/6\/2026\/03\/BOTango-3-1024x683.jpg 1024w, https:\/\/nits-train.com\/nitspedia\/wp-content\/uploads\/sites\/6\/2026\/03\/BOTango-3-300x200.jpg 300w, https:\/\/nits-train.com\/nitspedia\/wp-content\/uploads\/sites\/6\/2026\/03\/BOTango-3-768x512.jpg 768w, https:\/\/nits-train.com\/nitspedia\/wp-content\/uploads\/sites\/6\/2026\/03\/BOTango-3-1536x1024.jpg 1536w, https:\/\/nits-train.com\/nitspedia\/wp-content\/uploads\/sites\/6\/2026\/03\/BOTango-3-2048x1365.jpg 2048w\" sizes=\"auto, (max-width: 1024px) 100vw, 1024px\" \/><\/figure>\n<\/div>\n\n\n\n<div class=\"wp-block-column is-layout-flow wp-block-column-is-layout-flow\" style=\"flex-basis:66.66%\">\n<h3 class=\"wp-block-heading\">Tango (Stadler)<\/h3>\n\n\n\n<h4 class=\"wp-block-heading\">\u73fe\u5f79(\u5b9a\u671f\u904b\u7528)<\/h4>\n\n\n\n<p>\u5229\u7528\u5ba2\u5897\u52a0\u306b\u4f34\u3044\u30012008\u5e74\u306b6\u7de8\u6210\u30012021\u5e74\u306b6\u7de8\u6210\u306e\u8a0812\u7de8\u6210\u304c\u5c0e\u5165\u3055\u308c\u305f\u3002\u5b50\u306e\u5897\u5099\u306b\u3088\u3063\u3066U35\u306e\u5168\u3066\u306e\u5217\u8eca\u304c\u91cd\u9023\u3067\u904b\u884c\u3067\u304d\u308b\u307b\u304b\u30e9\u30c3\u30b7\u30e5\u6642\u306b3\u5206\u9593\u9694\u3067\u306e\u904b\u884c\u304c\u3067\u304d\u308b\u3088\u3046\u306b\u306a\u3063\u305f\u3002Tanog\u30b7\u30ea\u30fc\u30ba\u306e\u521d\u306e\u767a\u6ce8\u3067\u3082\u3042\u308b\u3002<\/p>\n<\/div>\n<\/div>\n\n\n\n<h2 class=\"wp-block-heading\">\u4fdd\u5b58\u8eca\u4e21<\/h2>\n\n\n\n<div class=\"wp-block-columns has-background is-layout-flex wp-container-core-columns-is-layout-b6a795d6 wp-block-columns-is-layout-flex\" style=\"background-color:#f5f5f5;margin-top:var(--wp--preset--spacing--40);margin-bottom:var(--wp--preset--spacing--40);padding-top:var(--wp--preset--spacing--20);padding-right:var(--wp--preset--spacing--20);padding-bottom:var(--wp--preset--spacing--20);padding-left:var(--wp--preset--spacing--20)\">\n<div class=\"wp-block-column is-layout-flow wp-block-column-is-layout-flow\" style=\"flex-basis:33.33%\">\n<figure class=\"wp-block-image size-large\"><img loading=\"lazy\" decoding=\"async\" width=\"1024\" height=\"683\" src=\"https:\/\/nits-train.com\/nitspedia\/wp-content\/uploads\/sites\/6\/2026\/03\/BOT4-1-1024x683.jpg\" alt=\"\" class=\"wp-image-11156\" srcset=\"https:\/\/nits-train.com\/nitspedia\/wp-content\/uploads\/sites\/6\/2026\/03\/BOT4-1-1024x683.jpg 1024w, https:\/\/nits-train.com\/nitspedia\/wp-content\/uploads\/sites\/6\/2026\/03\/BOT4-1-300x200.jpg 300w, https:\/\/nits-train.com\/nitspedia\/wp-content\/uploads\/sites\/6\/2026\/03\/BOT4-1-768x512.jpg 768w, https:\/\/nits-train.com\/nitspedia\/wp-content\/uploads\/sites\/6\/2026\/03\/BOT4-1-1536x1024.jpg 1536w, https:\/\/nits-train.com\/nitspedia\/wp-content\/uploads\/sites\/6\/2026\/03\/BOT4-1-2048x1365.jpg 2048w\" sizes=\"auto, (max-width: 1024px) 100vw, 1024px\" \/><\/figure>\n<\/div>\n\n\n\n<div class=\"wp-block-column is-layout-flow wp-block-column-is-layout-flow\" style=\"flex-basis:66.66%\">\n<h3 class=\"wp-block-heading\">T4 (D\u00fcwag)<\/h3>\n\n\n\n<h4 class=\"wp-block-heading\">\u52d5\u614b\u4fdd\u5b58<\/h4>\n\n\n\n<p>\u6559\u7fd2\u8eca\u3002\u4e21\u904b\u8ee2\u53f0\u8eca\u4e21\u3067\u3042\u308a\u306a\u304c\u3089\u6249\u306f\u5404\u65b9\u5411\u53f3\u524d\u65b9\u306e\u307f\u3068\u3044\u3046\u4e0d\u601d\u8b70\u306a\u69cb\u9020\u3002\u4ee5\u524d\u306fBogestra\u30ab\u30e9\u30fc\u3092\u7e8f\u3063\u3066\u3044\u305f\u304c\u3001\u65e7\u5857\u88c5\u306b\u5909\u66f4\u3055\u308c\u3066\u3044\u308b\u3002<\/p>\n<\/div>\n<\/div>\n\n\n\n<div class=\"wp-block-columns has-background is-layout-flex wp-container-core-columns-is-layout-b6a795d6 wp-block-columns-is-layout-flex\" style=\"background-color:#f5f5f5;margin-top:var(--wp--preset--spacing--40);margin-bottom:var(--wp--preset--spacing--40);padding-top:var(--wp--preset--spacing--20);padding-right:var(--wp--preset--spacing--20);padding-bottom:var(--wp--preset--spacing--20);padding-left:var(--wp--preset--spacing--20)\">\n<div class=\"wp-block-column is-layout-flow wp-block-column-is-layout-flow\" style=\"flex-basis:33.33%\">\n<figure class=\"wp-block-image size-large\"><img loading=\"lazy\" decoding=\"async\" width=\"1024\" height=\"683\" src=\"https:\/\/nits-train.com\/nitspedia\/wp-content\/uploads\/sites\/6\/2026\/03\/BOGT6-1-1024x683.jpg\" alt=\"\" class=\"wp-image-11157\" srcset=\"https:\/\/nits-train.com\/nitspedia\/wp-content\/uploads\/sites\/6\/2026\/03\/BOGT6-1-1024x683.jpg 1024w, https:\/\/nits-train.com\/nitspedia\/wp-content\/uploads\/sites\/6\/2026\/03\/BOGT6-1-300x200.jpg 300w, https:\/\/nits-train.com\/nitspedia\/wp-content\/uploads\/sites\/6\/2026\/03\/BOGT6-1-768x512.jpg 768w, https:\/\/nits-train.com\/nitspedia\/wp-content\/uploads\/sites\/6\/2026\/03\/BOGT6-1-1536x1024.jpg 1536w, https:\/\/nits-train.com\/nitspedia\/wp-content\/uploads\/sites\/6\/2026\/03\/BOGT6-1-2048x1365.jpg 2048w\" sizes=\"auto, (max-width: 1024px) 100vw, 1024px\" \/><\/figure>\n<\/div>\n\n\n\n<div class=\"wp-block-column is-layout-flow wp-block-column-is-layout-flow\" style=\"flex-basis:66.66%\">\n<h3 class=\"wp-block-heading\">GT6 (D\u00fcwag)<\/h3>\n\n\n\n<h4 class=\"wp-block-heading\">\u52d5\u614b\u4fdd\u5b58<\/h4>\n\n\n\n<p>\u30a4\u30d9\u30f3\u30c8\u306b\u3088\u3063\u3066\u306f\u9060\u51fa\u3059\u308b\u3053\u3068\u3082\u3042\u308b40\u53f7\u7de8\u6210\u3002\u4fdd\u5b58\u8eca\u4e21\u306e\u4e2d\u3067\u3082\u6bd4\u8f03\u7684\u53e4\u53c2\u306a\u307b\u3046\u3067\u30011996\u5e74\u3088\u308a\u4fdd\u5b58\u4f1a\u306b\u3088\u3063\u3066\u624b\u5165\u308c\u3055\u308c\u3066\u3044\u308b\u3002<\/p>\n<\/div>\n<\/div>\n\n\n\n<div class=\"wp-block-columns has-background is-layout-flex wp-container-core-columns-is-layout-b6a795d6 wp-block-columns-is-layout-flex\" style=\"background-color:#f5f5f5;margin-top:var(--wp--preset--spacing--40);margin-bottom:var(--wp--preset--spacing--40);padding-top:var(--wp--preset--spacing--20);padding-right:var(--wp--preset--spacing--20);padding-bottom:var(--wp--preset--spacing--20);padding-left:var(--wp--preset--spacing--20)\">\n<div class=\"wp-block-column is-layout-flow wp-block-column-is-layout-flow\" style=\"flex-basis:33.33%\">\n<figure class=\"wp-block-image size-large\"><img loading=\"lazy\" decoding=\"async\" width=\"1024\" height=\"683\" src=\"https:\/\/nits-train.com\/nitspedia\/wp-content\/uploads\/sites\/6\/2026\/03\/BOM6-5-1024x683.jpg\" alt=\"\" class=\"wp-image-11158\" srcset=\"https:\/\/nits-train.com\/nitspedia\/wp-content\/uploads\/sites\/6\/2026\/03\/BOM6-5-1024x683.jpg 1024w, https:\/\/nits-train.com\/nitspedia\/wp-content\/uploads\/sites\/6\/2026\/03\/BOM6-5-300x200.jpg 300w, https:\/\/nits-train.com\/nitspedia\/wp-content\/uploads\/sites\/6\/2026\/03\/BOM6-5-768x512.jpg 768w, https:\/\/nits-train.com\/nitspedia\/wp-content\/uploads\/sites\/6\/2026\/03\/BOM6-5-1536x1024.jpg 1536w, https:\/\/nits-train.com\/nitspedia\/wp-content\/uploads\/sites\/6\/2026\/03\/BOM6-5-2048x1365.jpg 2048w\" sizes=\"auto, (max-width: 1024px) 100vw, 1024px\" \/><\/figure>\n<\/div>\n\n\n\n<div class=\"wp-block-column is-layout-flow wp-block-column-is-layout-flow\" style=\"flex-basis:66.66%\">\n<h3 class=\"wp-block-heading\">M6S<\/h3>\n\n\n\n<h4 class=\"wp-block-heading\">\u52d5\u614b\u4fdd\u5b58<\/h4>\n\n\n\n<p>54\u7de8\u6210\u3044\u305f\u30b7\u30ea\u30fc\u30ba\u306e\u4e00\u90e8\u306f\u5ec3\u8eca\u3055\u308c\u4e00\u90e8\u306f\u56fd\u5916\u3078\u58f2\u5374\u3055\u308c\u308b\u4e2d\u3001332\u53f7\u7de8\u6210\u304c\u4fdd\u5b58\u8eca\u3068\u3057\u3066\u3001340\u53f7\u7de8\u6210\u304c\u4f5c\u696d\u7528\u8eca\u306b\u6539\u9020\u3055\u308c\u3066678\u53f7\u7de8\u6210\u3068\u3057\u3066\u6b8b\u308b\u3002<\/p>\n<\/div>\n<\/div>\n\n\n\n<div class=\"wp-block-columns has-background is-layout-flex wp-container-core-columns-is-layout-b6a795d6 wp-block-columns-is-layout-flex\" style=\"background-color:#f5f5f5;margin-top:var(--wp--preset--spacing--40);margin-bottom:var(--wp--preset--spacing--40);padding-top:var(--wp--preset--spacing--20);padding-right:var(--wp--preset--spacing--20);padding-bottom:var(--wp--preset--spacing--20);padding-left:var(--wp--preset--spacing--20)\">\n<div class=\"wp-block-column is-layout-flow wp-block-column-is-layout-flow\" style=\"flex-basis:33.33%\">\n<figure class=\"wp-block-image size-large\"><img loading=\"lazy\" decoding=\"async\" width=\"1024\" height=\"546\" src=\"https:\/\/nits-train.com\/nitspedia\/wp-content\/uploads\/sites\/6\/2026\/03\/cs-1024x546.jpg\" alt=\"\" class=\"wp-image-10951\" srcset=\"https:\/\/nits-train.com\/nitspedia\/wp-content\/uploads\/sites\/6\/2026\/03\/cs-1024x546.jpg 1024w, https:\/\/nits-train.com\/nitspedia\/wp-content\/uploads\/sites\/6\/2026\/03\/cs-300x160.jpg 300w, https:\/\/nits-train.com\/nitspedia\/wp-content\/uploads\/sites\/6\/2026\/03\/cs-768x410.jpg 768w, https:\/\/nits-train.com\/nitspedia\/wp-content\/uploads\/sites\/6\/2026\/03\/cs.jpg 1500w\" sizes=\"auto, (max-width: 1024px) 100vw, 1024px\" \/><\/figure>\n<\/div>\n\n\n\n<div class=\"wp-block-column is-layout-flow wp-block-column-is-layout-flow\" style=\"flex-basis:66.66%\">\n<h3 class=\"wp-block-heading\">\u305d\u306e\u4ed6\u4fdd\u5b58\u8eca\u4e21<\/h3>\n\n\n\n<h4 class=\"wp-block-heading\">\u52d5\u614b\u4fdd\u5b58\u30fb\u9759\u614b\u4fdd\u5b58<\/h4>\n\n\n\n<p><\/p>\n<\/div>\n<\/div>\n","protected":false},"excerpt":{"rendered":"<p>Bochum \/ Gelsenkirchen \u30dc\u30fc\u30d5\u30e0\u30fb\u30b2\u30eb\u30bc\u30f3\u30ad\u30eb\u30d8\u30f3\u30e9\u30a4\u30c8\u30ec\u30fc\u30eb \u958b\u696d:\u3000 1894\u5e7411\u6708\u7dcf\u8ddd\u96e2: 86,2km\u8ecc\u9593:\u3000 1000mm(\u30c8\u30e9\u30e0) \/ 1435mm(\u5730\u4e0b\u9244)\u8def\u7dda\u6570: 10 \u4e57\u964d:\u3000  [&hellip;]<\/p>\n","protected":false},"author":2,"featured_media":11152,"parent":902,"menu_order":0,"comment_status":"closed","ping_status":"closed","template":"","meta":{"vkexunit_cta_each_option":"","footnotes":""},"class_list":["post-1333","page","type-page","status-publish","has-post-thumbnail","hentry"],"aioseo_notices":[],"_links":{"self":[{"href":"https:\/\/nits-train.com\/nitspedia\/wp-json\/wp\/v2\/pages\/1333","targetHints":{"allow":["GET"]}}],"collection":[{"href":"https:\/\/nits-train.com\/nitspedia\/wp-json\/wp\/v2\/pages"}],"about":[{"href":"https:\/\/nits-train.com\/nitspedia\/wp-json\/wp\/v2\/types\/page"}],"author":[{"embeddable":true,"href":"https:\/\/nits-train.com\/nitspedia\/wp-json\/wp\/v2\/users\/2"}],"replies":[{"embeddable":true,"href":"https:\/\/nits-train.com\/nitspedia\/wp-json\/wp\/v2\/comments?post=1333"}],"version-history":[{"count":4,"href":"https:\/\/nits-train.com\/nitspedia\/wp-json\/wp\/v2\/pages\/1333\/revisions"}],"predecessor-version":[{"id":11813,"href":"https:\/\/nits-train.com\/nitspedia\/wp-json\/wp\/v2\/pages\/1333\/revisions\/11813"}],"up":[{"embeddable":true,"href":"https:\/\/nits-train.com\/nitspedia\/wp-json\/wp\/v2\/pages\/902"}],"wp:featuredmedia":[{"embeddable":true,"href":"https:\/\/nits-train.com\/nitspedia\/wp-json\/wp\/v2\/media\/11152"}],"wp:attachment":[{"href":"https:\/\/nits-train.com\/nitspedia\/wp-json\/wp\/v2\/media?parent=1333"}],"curies":[{"name":"wp","href":"https:\/\/api.w.org\/{rel}","templated":true}]}}