{"id":10596,"date":"2026-02-13T22:03:32","date_gmt":"2026-02-13T21:03:32","guid":{"rendered":"https:\/\/nits-train.com\/?page_id=10596"},"modified":"2026-03-15T16:19:07","modified_gmt":"2026-03-15T15:19:07","slug":"bn","status":"publish","type":"page","link":"https:\/\/nits-train.com\/nitspedia\/de-train\/de13\/bn\/","title":{"rendered":"Bonn"},"content":{"rendered":"\n<h2 class=\"wp-block-heading\">Bonn<\/h2>\n\n\n\n<h3 class=\"wp-block-heading\">\u30dc\u30f3\u30e9\u30a4\u30c8\u30ec\u30fc\u30eb<\/h3>\n\n\n\n<div class=\"wp-block-columns is-layout-flex wp-container-core-columns-is-layout-28f84493 wp-block-columns-is-layout-flex\">\n<div class=\"wp-block-column is-layout-flow wp-block-column-is-layout-flow\" style=\"flex-basis:33.33%\">\n<figure class=\"wp-block-image size-large\"><img loading=\"lazy\" decoding=\"async\" width=\"1024\" height=\"683\" src=\"https:\/\/nits-train.com\/nitspedia\/wp-content\/uploads\/sites\/6\/2026\/03\/SWBR11-3-1024x683.jpg\" alt=\"\" class=\"wp-image-11160\" srcset=\"https:\/\/nits-train.com\/nitspedia\/wp-content\/uploads\/sites\/6\/2026\/03\/SWBR11-3-1024x683.jpg 1024w, https:\/\/nits-train.com\/nitspedia\/wp-content\/uploads\/sites\/6\/2026\/03\/SWBR11-3-300x200.jpg 300w, https:\/\/nits-train.com\/nitspedia\/wp-content\/uploads\/sites\/6\/2026\/03\/SWBR11-3-768x512.jpg 768w, https:\/\/nits-train.com\/nitspedia\/wp-content\/uploads\/sites\/6\/2026\/03\/SWBR11-3-1536x1024.jpg 1536w, https:\/\/nits-train.com\/nitspedia\/wp-content\/uploads\/sites\/6\/2026\/03\/SWBR11-3-2048x1365.jpg 2048w\" sizes=\"auto, (max-width: 1024px) 100vw, 1024px\" \/><\/figure>\n<\/div>\n\n\n\n<div class=\"wp-block-column is-layout-flow wp-block-column-is-layout-flow\" style=\"flex-basis:66.66%\">\n<p>\u958b\u696d:\u3000 1891\u5e744\u6708<br>\u7dcf\u8ddd\u96e2: 125,36km<br>\u8ecc\u9593:\u3000 1435mm<br>\u8def\u7dda\u6570: 9<\/p>\n\n\n\n<p>\u4e57\u964d:\u3000 \u30c9\u30a2\u306f\u30dc\u30bf\u30f3\u5f0f\u3002\u964d\u8eca\u30dc\u30bf\u30f3\u3042\u308a\u3002\u964d\u8eca\u8981\u671b\u306e\u7121\u3044\u505c\u7559\u6240\u306f\u901a\u904e\u3002<br>\u4e57\u8eca\u5238: \u505c\u7559\u6240\u306b\u5238\u58f2\u6a5f\u3042\u308a\u3002<\/p>\n\n\n\n<p>\u8eca\u4e21\u4ed8\u756a\u65b9\u6cd5: \u88fd\u9020\u5e74\u6570\u4e0b\u4e8c\u6841+51\u304b\u3089\u4e0a\u308a\u9806(\u4f8b:9356\u53f7\u7de8\u6210\u306f1993\u5e74\u306b\u88fd\u9020\u3055\u308c\u305f6\u756a\u76ee\u306e\u7de8\u6210)<\/p>\n<\/div>\n<\/div>\n\n\n\n<div class=\"wp-block-aab-accordion-block aab__accordion_container  accessibilityOn\" style=\"margin-top:0px;margin-bottom:15px;border:1px solid #e3dfdf38\" id=\"aab_accordion_252c4e7a_0\" role=\"button\" aria-expanded=\"false\" tabindex=\"0\"><div class=\"aab__accordion_head aab_right_icon \" style=\"background-color:#e3dfdf38;border-top:none;border-right:none;border-bottom:none;border-left:none\"><div class=\"aab__accordion_heading aab_right_icon aab_right_link\"><div class=\"head_content_wrapper\"><div class=\"title_wrapper\"><h6 class=\"aab__accordion_title\" style=\"margin:0\">\u55b6\u696d\u8def\u7dda\u4e00\u89a7<\/h6><\/div><\/div><\/div><div class=\"aab__accordion_icon\" style=\"border:0px solid transparent\"><span class=\"aab__icon dashicons dashicons-plus-alt2\" style=\"font-size:23px\"><\/span><\/div><\/div><div class=\"aab__accordion_body  \" role=\"region\" style=\"display:none;border-top:1px solid #e3dfdf38;border-right:none;border-bottom:none;border-left:none\"><div class=\"aab__accordion_component\">\n<p>16: Niehl - K\u00f6ln Dom\/Hauptbahnhof - Ubierring - Bonn Hauptbahnhof - Bad Godesberg<br>18: Thielenbruch - Slabystra\u00dfe - Ebertplatz - K\u00f6ln Dom\/Hauptbahnhof - S\u00fclzg\u00fcrtel - Br\u00fchl - Bonn Hauptbahnhof<br>61: Dottendorf - Bonn Hauptbahnhof - Chlodwigplatz - Auerberg<br>62: Dottendorf - Bonn Hauptbahnhof - Beuel Bahnhof - Oberkassel S\u00fcd<br>63: Bad Godesberg - Hochkreuz - Bonn Hauptbahnhof - Tannenbusch<br>65: Ramersdorf - Beuel Bahnhof - Chlodwigplatz - Auerberg<br>66: Bad Honnef - Ramersdorf - Bonn Hauptbahnhof - Siegburg Bahnhof<br>67: Bad Godesberg - Bonn Hauptbahnhof - St. Augustin - Siegburg Bahnhof<br>68: Ramersdorf - Bonn Hauptbahnhof - Dransdorf - Bornheim<\/p>\n<\/div><\/div><\/div>\n\n\n\n<h2 class=\"wp-block-heading\">\u55b6\u696d\u8eca\u4e21<\/h2>\n\n\n\n<div class=\"wp-block-columns has-background is-layout-flex wp-container-core-columns-is-layout-b6a795d6 wp-block-columns-is-layout-flex\" style=\"background-color:#f5f5f5;margin-top:var(--wp--preset--spacing--40);margin-bottom:var(--wp--preset--spacing--40);padding-top:var(--wp--preset--spacing--20);padding-right:var(--wp--preset--spacing--20);padding-bottom:var(--wp--preset--spacing--20);padding-left:var(--wp--preset--spacing--20)\">\n<div class=\"wp-block-column is-layout-flow wp-block-column-is-layout-flow\" style=\"flex-basis:33.33%\">\n<figure class=\"wp-block-image size-large\"><img loading=\"lazy\" decoding=\"async\" width=\"1024\" height=\"683\" src=\"https:\/\/nits-train.com\/nitspedia\/wp-content\/uploads\/sites\/6\/2026\/03\/SWBR11-1-1024x683.jpg\" alt=\"\" class=\"wp-image-11161\" srcset=\"https:\/\/nits-train.com\/nitspedia\/wp-content\/uploads\/sites\/6\/2026\/03\/SWBR11-1-1024x683.jpg 1024w, https:\/\/nits-train.com\/nitspedia\/wp-content\/uploads\/sites\/6\/2026\/03\/SWBR11-1-300x200.jpg 300w, https:\/\/nits-train.com\/nitspedia\/wp-content\/uploads\/sites\/6\/2026\/03\/SWBR11-1-768x512.jpg 768w, https:\/\/nits-train.com\/nitspedia\/wp-content\/uploads\/sites\/6\/2026\/03\/SWBR11-1-1536x1024.jpg 1536w, https:\/\/nits-train.com\/nitspedia\/wp-content\/uploads\/sites\/6\/2026\/03\/SWBR11-1-2048x1365.jpg 2048w\" sizes=\"auto, (max-width: 1024px) 100vw, 1024px\" \/><\/figure>\n<\/div>\n\n\n\n<div class=\"wp-block-column is-layout-flow wp-block-column-is-layout-flow\" style=\"flex-basis:66.66%\">\n<h3 class=\"wp-block-heading\">R1.1 (D\u00fcwag)<\/h3>\n\n\n\n<h4 class=\"wp-block-heading\">\u73fe\u5f79(\u5b9a\u671f\u904b\u7528)\u30fb\u7f6e\u304d\u63db\u3048\u5bfe\u8c61<\/h4>\n\n\n\n<p>61, 62, 65\u53f7\u7dda\u306b\u3066\u904b\u884c\u3002<\/p>\n\n\n\n<p>\u7de8\u6210\u306e65\uff05\u304c\u4f4e\u5e8a\u90e8\u5206\u3068\u306a\u308b\u3002\u540c\u5f62\u5f0f\u306f\u5f62\u72b6\u304c\u4f3c\u3066\u3044\u3088\u3046\u3068\u3082\u4ed6\u306e\u90fd\u5e02\u3067\u306f\u898b\u308b\u3053\u3068\u304c\u3067\u304d\u306a\u3044\u3002\u30e2\u30fc\u30bf\u30fc\u306f\u30d5\u30e9\u30f3\u30af\u30d5\u30eb\u30c8\u306eU4\u578b\u3068\u540c\u3058\u3067\u6b4c\u3046\u96fb\u8eca\u3002\u65b0\u578b\u306e\u5c0e\u5165\u306b\u4f34\u3044\u30dd\u30fc\u30e9\u30f3\u30c9\u306e\u30dd\u30c5\u30ca\u30f3\u306b\u58f2\u5374\u300124\u7de8\u6210\u4e2d8\u7de8\u6210\u306f\u3059\u3067\u306b\u73fe\u5730\u306b\u3066\u6539\u9020\u4e2d\u3002<\/p>\n<\/div>\n<\/div>\n\n\n\n<div class=\"wp-block-columns has-background is-layout-flex wp-container-core-columns-is-layout-b6a795d6 wp-block-columns-is-layout-flex\" style=\"background-color:#f5f5f5;margin-top:var(--wp--preset--spacing--40);margin-bottom:var(--wp--preset--spacing--40);padding-top:var(--wp--preset--spacing--20);padding-right:var(--wp--preset--spacing--20);padding-bottom:var(--wp--preset--spacing--20);padding-left:var(--wp--preset--spacing--20)\">\n<div class=\"wp-block-column is-layout-flow wp-block-column-is-layout-flow\" style=\"flex-basis:33.33%\">\n<figure class=\"wp-block-image size-large\"><img loading=\"lazy\" decoding=\"async\" width=\"1024\" height=\"683\" src=\"https:\/\/nits-train.com\/nitspedia\/wp-content\/uploads\/sites\/6\/2026\/03\/SWB41T-2-1024x683.jpg\" alt=\"\" class=\"wp-image-11162\" srcset=\"https:\/\/nits-train.com\/nitspedia\/wp-content\/uploads\/sites\/6\/2026\/03\/SWB41T-2-1024x683.jpg 1024w, https:\/\/nits-train.com\/nitspedia\/wp-content\/uploads\/sites\/6\/2026\/03\/SWB41T-2-300x200.jpg 300w, https:\/\/nits-train.com\/nitspedia\/wp-content\/uploads\/sites\/6\/2026\/03\/SWB41T-2-768x512.jpg 768w, https:\/\/nits-train.com\/nitspedia\/wp-content\/uploads\/sites\/6\/2026\/03\/SWB41T-2-1536x1024.jpg 1536w, https:\/\/nits-train.com\/nitspedia\/wp-content\/uploads\/sites\/6\/2026\/03\/SWB41T-2-2048x1365.jpg 2048w\" sizes=\"auto, (max-width: 1024px) 100vw, 1024px\" \/><\/figure>\n<\/div>\n\n\n\n<div class=\"wp-block-column is-layout-flow wp-block-column-is-layout-flow\" style=\"flex-basis:66.66%\">\n<h3 class=\"wp-block-heading\">ForCity Smart 41T (Skoda)<\/h3>\n\n\n\n<h4 class=\"wp-block-heading\">\u73fe\u5f79(\u5b9a\u671f\u904b\u7528)<\/h4>\n\n\n\n<p>61, 62, 65\u53f7\u7dda\u306b\u3066\u904b\u884c<\/p>\n\n\n\n<p>2022\u5e74\u3088\u308a\u5c0e\u5165\u3055\u308c\u3066\u3044\u308b\u65b0\u578b\u8eca\u4e21\u3002R1.1\u578b\u3092\u3059\u3079\u3066\u7f6e\u304d\u63db\u3048\u308b\u4e88\u5b9a\u3002\u30c8\u30f3\u30cd\u30eb\u8a8d\u53ef\u304c\u9045\u308c\u305f\u305f\u3081\u5730\u4e0a\u533a\u9593\u306e\u307f\u3092\u8d70\u884c\u3059\u308b61\u53f7\u7dda\u3060\u3051\u306e\u56fa\u5b9a\u904b\u7528\u3060\u3063\u305f\u304c\u30012025\u5e74\u672b\u306b\u8a8d\u53ef\u304c\u964d\u308a\u305f\u3053\u3068\u306b\u3088\u308a\u5171\u901a\u904b\u7528\u3068\u306a\u3063\u305f\u3002<\/p>\n<\/div>\n<\/div>\n\n\n\n<div class=\"wp-block-columns has-background is-layout-flex wp-container-core-columns-is-layout-b6a795d6 wp-block-columns-is-layout-flex\" style=\"background-color:#f5f5f5;margin-top:var(--wp--preset--spacing--40);margin-bottom:var(--wp--preset--spacing--40);padding-top:var(--wp--preset--spacing--20);padding-right:var(--wp--preset--spacing--20);padding-bottom:var(--wp--preset--spacing--20);padding-left:var(--wp--preset--spacing--20)\">\n<div class=\"wp-block-column is-layout-flow wp-block-column-is-layout-flow\" style=\"flex-basis:33.33%\">\n<figure class=\"wp-block-image size-large\"><img loading=\"lazy\" decoding=\"async\" width=\"1024\" height=\"683\" src=\"https:\/\/nits-train.com\/nitspedia\/wp-content\/uploads\/sites\/6\/2026\/03\/SWBBd-1024x683.jpg\" alt=\"\" class=\"wp-image-11164\" srcset=\"https:\/\/nits-train.com\/nitspedia\/wp-content\/uploads\/sites\/6\/2026\/03\/SWBBd-1024x683.jpg 1024w, https:\/\/nits-train.com\/nitspedia\/wp-content\/uploads\/sites\/6\/2026\/03\/SWBBd-300x200.jpg 300w, https:\/\/nits-train.com\/nitspedia\/wp-content\/uploads\/sites\/6\/2026\/03\/SWBBd-768x512.jpg 768w, https:\/\/nits-train.com\/nitspedia\/wp-content\/uploads\/sites\/6\/2026\/03\/SWBBd-1536x1024.jpg 1536w, https:\/\/nits-train.com\/nitspedia\/wp-content\/uploads\/sites\/6\/2026\/03\/SWBBd-2048x1365.jpg 2048w\" sizes=\"auto, (max-width: 1024px) 100vw, 1024px\" \/><\/figure>\n<\/div>\n\n\n\n<div class=\"wp-block-column is-layout-flow wp-block-column-is-layout-flow\" style=\"flex-basis:66.66%\">\n<h3 class=\"wp-block-heading\">B100S \/ B100C (D\u00fcwag)<\/h3>\n\n\n\n<h4 class=\"wp-block-heading\">\u73fe\u5f79(\u5b9a\u671f\u904b\u7528)<\/h4>\n\n\n\n<p>16, 18, 63, 66, 67, 68\u53f7\u7dda\u306b\u3066\u904b\u884c(74xx\u304b\u308977xx\u306e\u7de8\u6210\u306f16\/18\u53f7\u7dda\u306b\u5165\u7dda\u305b\u305a)<\/p>\n\n\n\n<p>\u30eb\u30fc\u30eb\u5730\u65b9\u3067\u5927\u91cf\u5c0e\u5165\u3055\u308c\u305fB\u578b\u5730\u4e0b\u9244\u8eca\u4e21\u306f\u3053\u3053\u3067\u3082\u4f8b\u5916\u306a\u304f\u904b\u884c\u3002\u30b3\u30fc\u30dd\u30ec\u30fc\u30c8\u30ab\u30e9\u30fc\u5909\u66f4\u304b\u3089\u3057\u3070\u3089\u304f\u7d4c\u3064\u304c\u3001\u65e7\u5857\u88c5\u3068\u3055\u308c\u308b\u30bf\u30fc\u30b3\u30a4\u30ba\u3068\u30b0\u30ea\u30fc\u30f3\u306e\u30ab\u30e9\u30fc\u30ea\u30f3\u30b0\u306f\u307e\u3060\u5065\u5728\u30029356\u7de8\u6210\u306b\u95a2\u3057\u3066\u306f\u3053\u306e\u5857\u88c5\u306b\u30d5\u30eb\u30ab\u30e9\u30fcLED\u304c\u7d44\u307f\u8fbc\u307e\u308c\u308b\u306a\u3069\u3001\u8b0e\u6539\u9020\u304c\u884c\u308f\u308c\u3066\u3044\u308b\u3002<\/p>\n<\/div>\n<\/div>\n\n\n\n<div class=\"wp-block-columns has-background is-layout-flex wp-container-core-columns-is-layout-b6a795d6 wp-block-columns-is-layout-flex\" style=\"background-color:#f5f5f5;margin-top:var(--wp--preset--spacing--40);margin-bottom:var(--wp--preset--spacing--40);padding-top:var(--wp--preset--spacing--20);padding-right:var(--wp--preset--spacing--20);padding-bottom:var(--wp--preset--spacing--20);padding-left:var(--wp--preset--spacing--20)\">\n<div class=\"wp-block-column is-layout-flow wp-block-column-is-layout-flow\" style=\"flex-basis:33.33%\">\n<figure class=\"wp-block-image size-large\"><img loading=\"lazy\" decoding=\"async\" width=\"1024\" height=\"546\" src=\"https:\/\/nits-train.com\/nitspedia\/wp-content\/uploads\/sites\/6\/2026\/03\/cs-1024x546.jpg\" alt=\"\" class=\"wp-image-10951\" srcset=\"https:\/\/nits-train.com\/nitspedia\/wp-content\/uploads\/sites\/6\/2026\/03\/cs-1024x546.jpg 1024w, https:\/\/nits-train.com\/nitspedia\/wp-content\/uploads\/sites\/6\/2026\/03\/cs-300x160.jpg 300w, https:\/\/nits-train.com\/nitspedia\/wp-content\/uploads\/sites\/6\/2026\/03\/cs-768x410.jpg 768w, https:\/\/nits-train.com\/nitspedia\/wp-content\/uploads\/sites\/6\/2026\/03\/cs.jpg 1500w\" sizes=\"auto, (max-width: 1024px) 100vw, 1024px\" \/><\/figure>\n<\/div>\n\n\n\n<div class=\"wp-block-column is-layout-flow wp-block-column-is-layout-flow\" style=\"flex-basis:66.66%\">\n<h3 class=\"wp-block-heading\">B80C-ZE (D\u00fcwag)<\/h3>\n\n\n\n<h4 class=\"wp-block-heading\">\u73fe\u5f79(\u5b9a\u671f\u904b\u7528)<\/h4>\n\n\n\n<p>63, 66, 67, 68\u53f7\u7dda\u306b\u3066\u904b\u884c<\/p>\n\n\n\n<p>B100S\u3084B100C\u306b\u66f4\u65b0\u5de5\u4e8b\u3092\u65bd\u3057\u305f\u3082\u306e\u3002\u96fb\u6c17\u7cfb\u7d71\u306e\u66f4\u65b0\u3092\u884c\u3063\u305f\u969b\u306b\u30d5\u30ed\u30f3\u30c8\u90e8\u5206\u3082\u5927\u304d\u304f\u6539\u4fee\u3057\u3001\u5370\u8c61\u304c\u5927\u304d\u304f\u7570\u306a\u308b\u3002<\/p>\n<\/div>\n<\/div>\n\n\n\n<div class=\"wp-block-columns has-background is-layout-flex wp-container-core-columns-is-layout-b6a795d6 wp-block-columns-is-layout-flex\" style=\"background-color:#f5f5f5;margin-top:var(--wp--preset--spacing--40);margin-bottom:var(--wp--preset--spacing--40);padding-top:var(--wp--preset--spacing--20);padding-right:var(--wp--preset--spacing--20);padding-bottom:var(--wp--preset--spacing--20);padding-left:var(--wp--preset--spacing--20)\">\n<div class=\"wp-block-column is-layout-flow wp-block-column-is-layout-flow\" style=\"flex-basis:33.33%\">\n<figure class=\"wp-block-image size-large\"><img loading=\"lazy\" decoding=\"async\" width=\"1024\" height=\"546\" src=\"https:\/\/nits-train.com\/nitspedia\/wp-content\/uploads\/sites\/6\/2026\/03\/cs-1024x546.jpg\" alt=\"\" class=\"wp-image-10951\" srcset=\"https:\/\/nits-train.com\/nitspedia\/wp-content\/uploads\/sites\/6\/2026\/03\/cs-1024x546.jpg 1024w, https:\/\/nits-train.com\/nitspedia\/wp-content\/uploads\/sites\/6\/2026\/03\/cs-300x160.jpg 300w, https:\/\/nits-train.com\/nitspedia\/wp-content\/uploads\/sites\/6\/2026\/03\/cs-768x410.jpg 768w, https:\/\/nits-train.com\/nitspedia\/wp-content\/uploads\/sites\/6\/2026\/03\/cs.jpg 1500w\" sizes=\"auto, (max-width: 1024px) 100vw, 1024px\" \/><\/figure>\n<\/div>\n\n\n\n<div class=\"wp-block-column is-layout-flow wp-block-column-is-layout-flow\" style=\"flex-basis:66.66%\">\n<h3 class=\"wp-block-heading\">K5000 (Bombardier Flexity Swift)<\/h3>\n\n\n\n<h4 class=\"wp-block-heading\">\u73fe\u5f79(\u5b9a\u671f\u904b\u7528)<\/h4>\n\n\n\n<p>16, 18, 63, 67\u53f7\u7dda\u53ca\u307368\u53f7\u7dda\u30dc\u30f3\u4e2d\u592e\u99c5\u6b62\u307e\u308a\u904b\u7528\u306b\u3066\u904b\u884c<\/p>\n\n\n\n<p>\u30b1\u30eb\u30f3\u3067\u904b\u884c\u3055\u308c\u308bK5000\u578b\u3068\u540c\u5f62\u5f0f\u3002\u30b1\u30eb\u30f3\u65b9\u9762\u76f4\u901a\u306e\u9ad8\u5e8a\u8def\u7dda\u306e16\u53f7\u7dda\u300118\u53f7\u7dda\u3092\u4e2d\u5fc3\u306b\u4f7f\u7528\u3055\u308c\u308b\u3002<\/p>\n<\/div>\n<\/div>\n\n\n\n<h2 class=\"wp-block-heading\">\u4fdd\u5b58\u8eca\u4e21<\/h2>\n\n\n\n<div class=\"wp-block-columns has-background is-layout-flex wp-container-core-columns-is-layout-b6a795d6 wp-block-columns-is-layout-flex\" style=\"background-color:#f5f5f5;margin-top:var(--wp--preset--spacing--40);margin-bottom:var(--wp--preset--spacing--40);padding-top:var(--wp--preset--spacing--20);padding-right:var(--wp--preset--spacing--20);padding-bottom:var(--wp--preset--spacing--20);padding-left:var(--wp--preset--spacing--20)\">\n<div class=\"wp-block-column is-layout-flow wp-block-column-is-layout-flow\" style=\"flex-basis:33.33%\">\n<figure class=\"wp-block-image size-large\"><img loading=\"lazy\" decoding=\"async\" width=\"1024\" height=\"546\" src=\"https:\/\/nits-train.com\/nitspedia\/wp-content\/uploads\/sites\/6\/2026\/03\/cs-1024x546.jpg\" alt=\"\" class=\"wp-image-10951\" srcset=\"https:\/\/nits-train.com\/nitspedia\/wp-content\/uploads\/sites\/6\/2026\/03\/cs-1024x546.jpg 1024w, https:\/\/nits-train.com\/nitspedia\/wp-content\/uploads\/sites\/6\/2026\/03\/cs-300x160.jpg 300w, https:\/\/nits-train.com\/nitspedia\/wp-content\/uploads\/sites\/6\/2026\/03\/cs-768x410.jpg 768w, https:\/\/nits-train.com\/nitspedia\/wp-content\/uploads\/sites\/6\/2026\/03\/cs.jpg 1500w\" sizes=\"auto, (max-width: 1024px) 100vw, 1024px\" \/><\/figure>\n<\/div>\n\n\n\n<div class=\"wp-block-column is-layout-flow wp-block-column-is-layout-flow\" style=\"flex-basis:66.66%\">\n<h3 class=\"wp-block-heading\">\u305d\u306e\u4ed6\u4fdd\u5b58\u8eca\u4e21<\/h3>\n\n\n\n<h4 class=\"wp-block-heading\">\u9759\u614b\u4fdd\u5b58<\/h4>\n\n\n\n<p><\/p>\n<\/div>\n<\/div>\n","protected":false},"excerpt":{"rendered":"<p>Bonn \u30dc\u30f3\u30e9\u30a4\u30c8\u30ec\u30fc\u30eb \u958b\u696d:\u3000 1891\u5e744\u6708\u7dcf\u8ddd\u96e2: 125,36km\u8ecc\u9593:\u3000 1435mm\u8def\u7dda\u6570: 9 \u4e57\u964d:\u3000 \u30c9\u30a2\u306f\u30dc\u30bf\u30f3\u5f0f\u3002\u964d\u8eca\u30dc\u30bf\u30f3\u3042\u308a\u3002\u964d\u8eca\u8981\u671b\u306e\u7121\u3044\u505c\u7559\u6240\u306f\u901a\u904e\u3002\u4e57\u8eca\u5238: \u505c\u7559\u6240\u306b\u5238\u58f2\u6a5f\u3042\u308a\u3002 \u8eca\u4e21 [&hellip;]<\/p>\n","protected":false},"author":2,"featured_media":11160,"parent":902,"menu_order":0,"comment_status":"closed","ping_status":"closed","template":"","meta":{"vkexunit_cta_each_option":"","footnotes":""},"class_list":["post-10596","page","type-page","status-publish","has-post-thumbnail","hentry"],"aioseo_notices":[],"_links":{"self":[{"href":"https:\/\/nits-train.com\/nitspedia\/wp-json\/wp\/v2\/pages\/10596","targetHints":{"allow":["GET"]}}],"collection":[{"href":"https:\/\/nits-train.com\/nitspedia\/wp-json\/wp\/v2\/pages"}],"about":[{"href":"https:\/\/nits-train.com\/nitspedia\/wp-json\/wp\/v2\/types\/page"}],"author":[{"embeddable":true,"href":"https:\/\/nits-train.com\/nitspedia\/wp-json\/wp\/v2\/users\/2"}],"replies":[{"embeddable":true,"href":"https:\/\/nits-train.com\/nitspedia\/wp-json\/wp\/v2\/comments?post=10596"}],"version-history":[{"count":4,"href":"https:\/\/nits-train.com\/nitspedia\/wp-json\/wp\/v2\/pages\/10596\/revisions"}],"predecessor-version":[{"id":11814,"href":"https:\/\/nits-train.com\/nitspedia\/wp-json\/wp\/v2\/pages\/10596\/revisions\/11814"}],"up":[{"embeddable":true,"href":"https:\/\/nits-train.com\/nitspedia\/wp-json\/wp\/v2\/pages\/902"}],"wp:featuredmedia":[{"embeddable":true,"href":"https:\/\/nits-train.com\/nitspedia\/wp-json\/wp\/v2\/media\/11160"}],"wp:attachment":[{"href":"https:\/\/nits-train.com\/nitspedia\/wp-json\/wp\/v2\/media?parent=10596"}],"curies":[{"name":"wp","href":"https:\/\/api.w.org\/{rel}","templated":true}]}}