{"id":13,"date":"2022-10-09T20:03:37","date_gmt":"2022-10-09T11:03:37","guid":{"rendered":"https:\/\/nits.cibmc.net\/?page_id=13"},"modified":"2026-03-07T17:10:14","modified_gmt":"2026-03-07T16:10:14","slug":"home","status":"publish","type":"page","link":"https:\/\/nits-train.com\/de\/","title":{"rendered":"Home"},"content":{"rendered":"\n<p class=\"has-text-align-center\"><span data-fontsize=\"18px\" style=\"font-size: 18px\" class=\"vk_inline-font-size\">Follow us on:<\/span><\/p>\n\n\n\n<ul class=\"wp-block-social-links is-content-justification-center is-layout-flex wp-container-core-social-links-is-layout-a89b3969 wp-block-social-links-is-layout-flex\"><li class=\"wp-social-link wp-social-link-x  wp-block-social-link\"><a href=\"https:\/\/twitter.com\/NITS_center\" class=\"wp-block-social-link-anchor\"><svg width=\"24\" height=\"24\" viewBox=\"0 0 24 24\" version=\"1.1\" xmlns=\"http:\/\/www.w3.org\/2000\/svg\" aria-hidden=\"true\" focusable=\"false\"><path d=\"M13.982 10.622 20.54 3h-1.554l-5.693 6.618L8.745 3H3.5l6.876 10.007L3.5 21h1.554l6.012-6.989L15.868 21h5.245l-7.131-10.378Zm-2.128 2.474-.697-.997-5.543-7.93H8l4.474 6.4.697.996 5.815 8.318h-2.387l-4.745-6.787Z\" \/><\/svg><span class=\"wp-block-social-link-label screen-reader-text\">X<\/span><\/a><\/li>\n\n<li class=\"wp-social-link wp-social-link-instagram  wp-block-social-link\"><a href=\"https:\/\/www.instagram.com\/nits_center\/\" class=\"wp-block-social-link-anchor\"><svg width=\"24\" height=\"24\" viewBox=\"0 0 24 24\" version=\"1.1\" xmlns=\"http:\/\/www.w3.org\/2000\/svg\" aria-hidden=\"true\" focusable=\"false\"><path d=\"M12,4.622c2.403,0,2.688,0.009,3.637,0.052c0.877,0.04,1.354,0.187,1.671,0.31c0.42,0.163,0.72,0.358,1.035,0.673 c0.315,0.315,0.51,0.615,0.673,1.035c0.123,0.317,0.27,0.794,0.31,1.671c0.043,0.949,0.052,1.234,0.052,3.637 s-0.009,2.688-0.052,3.637c-0.04,0.877-0.187,1.354-0.31,1.671c-0.163,0.42-0.358,0.72-0.673,1.035 c-0.315,0.315-0.615,0.51-1.035,0.673c-0.317,0.123-0.794,0.27-1.671,0.31c-0.949,0.043-1.233,0.052-3.637,0.052 s-2.688-0.009-3.637-0.052c-0.877-0.04-1.354-0.187-1.671-0.31c-0.42-0.163-0.72-0.358-1.035-0.673 c-0.315-0.315-0.51-0.615-0.673-1.035c-0.123-0.317-0.27-0.794-0.31-1.671C4.631,14.688,4.622,14.403,4.622,12 s0.009-2.688,0.052-3.637c0.04-0.877,0.187-1.354,0.31-1.671c0.163-0.42,0.358-0.72,0.673-1.035 c0.315-0.315,0.615-0.51,1.035-0.673c0.317-0.123,0.794-0.27,1.671-0.31C9.312,4.631,9.597,4.622,12,4.622 M12,3 C9.556,3,9.249,3.01,8.289,3.054C7.331,3.098,6.677,3.25,6.105,3.472C5.513,3.702,5.011,4.01,4.511,4.511 c-0.5,0.5-0.808,1.002-1.038,1.594C3.25,6.677,3.098,7.331,3.054,8.289C3.01,9.249,3,9.556,3,12c0,2.444,0.01,2.751,0.054,3.711 c0.044,0.958,0.196,1.612,0.418,2.185c0.23,0.592,0.538,1.094,1.038,1.594c0.5,0.5,1.002,0.808,1.594,1.038 c0.572,0.222,1.227,0.375,2.185,0.418C9.249,20.99,9.556,21,12,21s2.751-0.01,3.711-0.054c0.958-0.044,1.612-0.196,2.185-0.418 c0.592-0.23,1.094-0.538,1.594-1.038c0.5-0.5,0.808-1.002,1.038-1.594c0.222-0.572,0.375-1.227,0.418-2.185 C20.99,14.751,21,14.444,21,12s-0.01-2.751-0.054-3.711c-0.044-0.958-0.196-1.612-0.418-2.185c-0.23-0.592-0.538-1.094-1.038-1.594 c-0.5-0.5-1.002-0.808-1.594-1.038c-0.572-0.222-1.227-0.375-2.185-0.418C14.751,3.01,14.444,3,12,3L12,3z M12,7.378 c-2.552,0-4.622,2.069-4.622,4.622S9.448,16.622,12,16.622s4.622-2.069,4.622-4.622S14.552,7.378,12,7.378z M12,15 c-1.657,0-3-1.343-3-3s1.343-3,3-3s3,1.343,3,3S13.657,15,12,15z M16.804,6.116c-0.596,0-1.08,0.484-1.08,1.08 s0.484,1.08,1.08,1.08c0.596,0,1.08-0.484,1.08-1.08S17.401,6.116,16.804,6.116z\"><\/path><\/svg><span class=\"wp-block-social-link-label screen-reader-text\">Instagram<\/span><\/a><\/li>\n\n<li class=\"wp-social-link wp-social-link-youtube  wp-block-social-link\"><a href=\"https:\/\/www.youtube.com\/c\/NITSCenter\" class=\"wp-block-social-link-anchor\"><svg width=\"24\" height=\"24\" viewBox=\"0 0 24 24\" version=\"1.1\" xmlns=\"http:\/\/www.w3.org\/2000\/svg\" aria-hidden=\"true\" focusable=\"false\"><path d=\"M21.8,8.001c0,0-0.195-1.378-0.795-1.985c-0.76-0.797-1.613-0.801-2.004-0.847c-2.799-0.202-6.997-0.202-6.997-0.202 h-0.009c0,0-4.198,0-6.997,0.202C4.608,5.216,3.756,5.22,2.995,6.016C2.395,6.623,2.2,8.001,2.2,8.001S2,9.62,2,11.238v1.517 c0,1.618,0.2,3.237,0.2,3.237s0.195,1.378,0.795,1.985c0.761,0.797,1.76,0.771,2.205,0.855c1.6,0.153,6.8,0.201,6.8,0.201 s4.203-0.006,7.001-0.209c0.391-0.047,1.243-0.051,2.004-0.847c0.6-0.607,0.795-1.985,0.795-1.985s0.2-1.618,0.2-3.237v-1.517 C22,9.62,21.8,8.001,21.8,8.001z M9.935,14.594l-0.001-5.62l5.404,2.82L9.935,14.594z\"><\/path><\/svg><span class=\"wp-block-social-link-label screen-reader-text\">YouTube<\/span><\/a><\/li><\/ul>\n\n\n\n<div class=\"wp-block-cover alignfull is-light\" style=\"min-height:250px;aspect-ratio:unset;\"><span aria-hidden=\"true\" class=\"wp-block-cover__background has-background-dim-100 has-background-dim\" style=\"background-color:#f3f3f3\"><\/span><div class=\"wp-block-cover__inner-container is-layout-flow wp-block-cover-is-layout-flow\">\n<div style=\"height:40px\" aria-hidden=\"true\" class=\"wp-block-spacer\"><\/div>\n\n\n\n<div class=\"wp-block-columns is-layout-flex wp-container-core-columns-is-layout-28f84493 wp-block-columns-is-layout-flex\">\n<div class=\"wp-block-column is-vertically-aligned-center is-layout-flow wp-block-column-is-layout-flow\" style=\"flex-basis:50%\">\n<figure class=\"wp-block-image aligncenter size-large\"><img loading=\"lazy\" decoding=\"async\" width=\"1024\" height=\"683\" src=\"https:\/\/nits-train.com\/de\/wp-content\/uploads\/sites\/4\/2026\/03\/N21-1024x683.jpg\" alt=\"\" class=\"wp-image-11050\" srcset=\"https:\/\/nits-train.com\/de\/wp-content\/uploads\/sites\/4\/2026\/03\/N21-1024x683.jpg 1024w, https:\/\/nits-train.com\/de\/wp-content\/uploads\/sites\/4\/2026\/03\/N21-300x200.jpg 300w, https:\/\/nits-train.com\/de\/wp-content\/uploads\/sites\/4\/2026\/03\/N21-768x512.jpg 768w, https:\/\/nits-train.com\/de\/wp-content\/uploads\/sites\/4\/2026\/03\/N21-1536x1024.jpg 1536w, https:\/\/nits-train.com\/de\/wp-content\/uploads\/sites\/4\/2026\/03\/N21-2048x1365.jpg 2048w\" sizes=\"auto, (max-width: 1024px) 100vw, 1024px\" \/><\/figure>\n<\/div>\n\n\n\n<div class=\"wp-block-column is-vertically-aligned-top is-layout-flow wp-block-column-is-layout-flow\" style=\"flex-basis:50%\">\n<h4 class=\"wp-block-heading has-black-color has-text-color\">Willkommen auf der renovierten Seite!<\/h4>\n\n\n\n<p class=\"has-black-color has-text-color\">Wir haben unsere Seite neu aufgelegt! <\/p>\n\n\n\n<p class=\"has-black-color has-text-color\">K\u00fcnftig werdet ihr s\u00e4mtliche deutschsprachige Inhalte auf diesem Verzeichnis wiederfinden. Die japanischen Inhalte haben eine separate Unterseite erhalten und wurden somit getrennt, sodass ihr euch nun nicht mehr durch die Seiten w\u00fchlen m\u00fcsst, um Inhalte auf Deutsch wiederfinden zu k\u00f6nnen.<\/p>\n\n\n\n<p class=\"has-black-color has-text-color\">Und es kommt noch besser, denn wir werden demn\u00e4chst mehr deutschsprachige Inhalte ver\u00f6ffentlichen: Neben den bekannten <a href=\"https:\/\/nits-train.com\/de\/nitsblog\/\" title=\"#NITSblog\">Reiseberichten NITSblogs<\/a> wird es in K\u00fcrze ein \"How to Eisenbahn in Japan\" oder weitere bahnbezogene Themen geben. Seid gespannt!<\/p>\n\n\n\n<p class=\"has-black-color has-text-color\">(Seht mir nach, wenn einige Inhalte noch nicht vollst\u00e4ndig sind. Die gro\u00dfe Seite komplett neu aufzulegen braucht Zeit... Stand: 06.03.2026)<\/p>\n<\/div>\n<\/div>\n<\/div><\/div>\n\n\n\n<p><\/p>\n\n\n\n<div class=\"wp-block-columns is-layout-flex wp-container-core-columns-is-layout-28f84493 wp-block-columns-is-layout-flex\">\n<div class=\"wp-block-column has-background is-layout-flow wp-block-column-is-layout-flow\" style=\"background-color:#f3f3f3;padding-top:var(--wp--preset--spacing--30);padding-right:var(--wp--preset--spacing--30);padding-bottom:var(--wp--preset--spacing--30);padding-left:var(--wp--preset--spacing--30)\">\n<h5 class=\"wp-block-heading\" id=\"vk-blocks\" style=\"margin-top:1.5rem;margin-bottom:1rem\">#NITSblog - Reiseberichte<\/h5>\n\n\n\n<figure class=\"wp-block-image size-large\" style=\"margin-top:var(--wp--preset--spacing--30);margin-bottom:var(--wp--preset--spacing--30)\"><img loading=\"lazy\" decoding=\"async\" width=\"1024\" height=\"683\" src=\"https:\/\/nits-train.com\/de\/wp-content\/uploads\/sites\/4\/2026\/03\/EF210-1-1024x683.jpg\" alt=\"\" class=\"wp-image-11052\" srcset=\"https:\/\/nits-train.com\/de\/wp-content\/uploads\/sites\/4\/2026\/03\/EF210-1-1024x683.jpg 1024w, https:\/\/nits-train.com\/de\/wp-content\/uploads\/sites\/4\/2026\/03\/EF210-1-300x200.jpg 300w, https:\/\/nits-train.com\/de\/wp-content\/uploads\/sites\/4\/2026\/03\/EF210-1-768x512.jpg 768w, https:\/\/nits-train.com\/de\/wp-content\/uploads\/sites\/4\/2026\/03\/EF210-1-1536x1024.jpg 1536w, https:\/\/nits-train.com\/de\/wp-content\/uploads\/sites\/4\/2026\/03\/EF210-1-2048x1365.jpg 2048w\" sizes=\"auto, (max-width: 1024px) 100vw, 1024px\" \/><\/figure>\n\n\n\n<div class=\"wp-block-vk-blocks-button vk_button vk_button-color-custom vk_button-align-center\"><a href=\"https:\/\/nits-train.com\/de\/nitsblog\/\" class=\"vk_button_link btn has-background has-vk-color-primary-background-color btn-md\" role=\"button\" aria-pressed=\"true\" rel=\"noopener\"><div class=\"vk_button_link_caption\"><span class=\"vk_button_link_txt\">Read More<\/span><\/div><\/a><\/div>\n<\/div>\n\n\n\n<div class=\"wp-block-column has-background is-layout-flow wp-block-column-is-layout-flow\" style=\"background-color:#f3f3f3;padding-top:var(--wp--preset--spacing--30);padding-right:var(--wp--preset--spacing--30);padding-bottom:var(--wp--preset--spacing--30);padding-left:var(--wp--preset--spacing--30)\">\n<h5 class=\"wp-block-heading\" id=\"vk-blocks\" style=\"margin-top:1.5rem;margin-bottom:1rem\">Wir \u00fcber uns &amp; Medienauftritte<\/h5>\n\n\n\n<figure class=\"wp-block-image size-large\" style=\"margin-top:var(--wp--preset--spacing--30);margin-bottom:var(--wp--preset--spacing--30)\"><img loading=\"lazy\" decoding=\"async\" width=\"1024\" height=\"683\" src=\"https:\/\/nits-train.com\/de\/wp-content\/uploads\/sites\/4\/2026\/03\/N21-1024x683.jpg\" alt=\"\" class=\"wp-image-11050\" srcset=\"https:\/\/nits-train.com\/de\/wp-content\/uploads\/sites\/4\/2026\/03\/N21-1024x683.jpg 1024w, https:\/\/nits-train.com\/de\/wp-content\/uploads\/sites\/4\/2026\/03\/N21-300x200.jpg 300w, https:\/\/nits-train.com\/de\/wp-content\/uploads\/sites\/4\/2026\/03\/N21-768x512.jpg 768w, https:\/\/nits-train.com\/de\/wp-content\/uploads\/sites\/4\/2026\/03\/N21-1536x1024.jpg 1536w, https:\/\/nits-train.com\/de\/wp-content\/uploads\/sites\/4\/2026\/03\/N21-2048x1365.jpg 2048w\" sizes=\"auto, (max-width: 1024px) 100vw, 1024px\" \/><\/figure>\n\n\n\n<div class=\"wp-block-vk-blocks-button vk_button vk_button-color-custom vk_button-align-center\"><a href=\"https:\/\/nits-train.com\/de\/kontakt\/\" class=\"vk_button_link btn has-background has-vk-color-primary-background-color btn-md\" role=\"button\" aria-pressed=\"true\" rel=\"noopener\"><div class=\"vk_button_link_caption\"><span class=\"vk_button_link_txt\">Read More<\/span><\/div><\/a><\/div>\n<\/div>\n\n\n\n<div class=\"wp-block-column has-background is-layout-flow wp-block-column-is-layout-flow\" style=\"background-color:#f3f3f3;padding-top:var(--wp--preset--spacing--30);padding-right:var(--wp--preset--spacing--30);padding-bottom:var(--wp--preset--spacing--30);padding-left:var(--wp--preset--spacing--30)\">\n<h5 class=\"wp-block-heading\" id=\"vk-blocks\" style=\"margin-top:1.5rem;margin-bottom:1rem\">Real Train Mod<\/h5>\n\n\n\n<figure class=\"wp-block-image size-large\" style=\"margin-top:var(--wp--preset--spacing--30);margin-bottom:var(--wp--preset--spacing--30)\"><img loading=\"lazy\" decoding=\"async\" width=\"1024\" height=\"683\" src=\"https:\/\/nits-train.com\/de\/wp-content\/uploads\/sites\/4\/2026\/03\/RTM-1024x683.jpg\" alt=\"\" class=\"wp-image-11051\" srcset=\"https:\/\/nits-train.com\/de\/wp-content\/uploads\/sites\/4\/2026\/03\/RTM-1024x683.jpg 1024w, https:\/\/nits-train.com\/de\/wp-content\/uploads\/sites\/4\/2026\/03\/RTM-300x200.jpg 300w, https:\/\/nits-train.com\/de\/wp-content\/uploads\/sites\/4\/2026\/03\/RTM-768x512.jpg 768w, https:\/\/nits-train.com\/de\/wp-content\/uploads\/sites\/4\/2026\/03\/RTM.jpg 1525w\" sizes=\"auto, (max-width: 1024px) 100vw, 1024px\" \/><\/figure>\n\n\n\n<div class=\"wp-block-vk-blocks-button vk_button vk_button-color-custom vk_button-align-center\"><a href=\"https:\/\/nits-train.com\/rtm\/\" class=\"vk_button_link btn has-background has-vk-color-primary-background-color btn-md\" role=\"button\" aria-pressed=\"true\" rel=\"noopener\"><div class=\"vk_button_link_caption\"><span class=\"vk_button_link_txt\">Read More<\/span><\/div><\/a><\/div>\n<\/div>\n<\/div>\n\n\n\n<p><\/p>\n","protected":false},"excerpt":{"rendered":"<p>Wir schlagen die Schienenbr\u00fccke zwischen Europa und Japan.<\/p>\n","protected":false},"author":2,"featured_media":11047,"parent":0,"menu_order":0,"comment_status":"closed","ping_status":"closed","template":"","meta":{"_editorskit_title_hidden":false,"_editorskit_reading_time":0,"_editorskit_is_block_options_detached":false,"_editorskit_block_options_position":"{}","vkexunit_cta_each_option":"","footnotes":""},"class_list":["post-13","page","type-page","status-publish","has-post-thumbnail","hentry"],"aioseo_notices":[],"_links":{"self":[{"href":"https:\/\/nits-train.com\/de\/wp-json\/wp\/v2\/pages\/13","targetHints":{"allow":["GET"]}}],"collection":[{"href":"https:\/\/nits-train.com\/de\/wp-json\/wp\/v2\/pages"}],"about":[{"href":"https:\/\/nits-train.com\/de\/wp-json\/wp\/v2\/types\/page"}],"author":[{"embeddable":true,"href":"https:\/\/nits-train.com\/de\/wp-json\/wp\/v2\/users\/2"}],"replies":[{"embeddable":true,"href":"https:\/\/nits-train.com\/de\/wp-json\/wp\/v2\/comments?post=13"}],"version-history":[{"count":18,"href":"https:\/\/nits-train.com\/de\/wp-json\/wp\/v2\/pages\/13\/revisions"}],"predecessor-version":[{"id":11687,"href":"https:\/\/nits-train.com\/de\/wp-json\/wp\/v2\/pages\/13\/revisions\/11687"}],"wp:featuredmedia":[{"embeddable":true,"href":"https:\/\/nits-train.com\/de\/wp-json\/wp\/v2\/media\/11047"}],"wp:attachment":[{"href":"https:\/\/nits-train.com\/de\/wp-json\/wp\/v2\/media?parent=13"}],"curies":[{"name":"wp","href":"https:\/\/api.w.org\/{rel}","templated":true}]}}